{"id":751501,"date":"2025-08-28T04:50:51","date_gmt":"2025-08-28T01:50:51","guid":{"rendered":"https:\/\/roveyayinevi.com.tr\/index.php\/urun\/cicegin-ruhu\/"},"modified":"2026-04-15T03:14:47","modified_gmt":"2026-04-15T00:14:47","slug":"cicegin-ruhu","status":"publish","type":"product","link":"https:\/\/roveyayinevi.com.tr\/index.php\/urun\/cicegin-ruhu\/","title":{"rendered":"\u00c7i\u00e7e\u011fin Ruhu"},"content":{"rendered":"<p>\u201cSanat\u0131m\u0131zla ilgili bu gizli \u00f6\u011freti, klan\u0131m\u0131z i\u00e7in ola\u011fan\u00fcst\u00fc derecede \u00f6nemlidir ve her nesilde yaln\u0131zca bir ki\u015fiye verilmelidir. Noh sanat\u0131nda yetene\u011fi olmayan birine, sizin \u00e7ocu\u011funuz dahi olsa bu kitab\u0131 vermeyin.\u201d   14. y\u00fczy\u0131lda ortaya \u00e7\u0131kan ve bug\u00fcn h\u00e2l\u00e2 icra edilen Japon performans sanat\u0131 \u201cNoh\u201dun kurucusu Zeami ondan fazla oyunun yan\u0131 s\u0131ra Noh oyuncular\u0131 i\u00e7in bir\u00e7ok tez kaleme ald\u0131. Yazd\u0131klar\u0131 aras\u0131nda en \u00f6nemlisi olan ve 1400 ile 1418 y\u0131llar\u0131 aras\u0131nda kitapla\u015ft\u0131rd\u0131\u011f\u0131 \u00c7i\u00e7e\u011fin Ruhu ba\u015fta sadece Zeami\u2019nin tiyatro toplulu\u011funca nesilden nesle aktar\u0131larak gizli tutulsa da a\u00e7\u0131\u011fa \u00e7\u0131kt\u0131\u011f\u0131 19. y\u00fczy\u0131ldan sonra Noh oyuncular\u0131n\u0131n el kitab\u0131 olarak kabul g\u00f6rd\u00fc.    Akira Kurosava\u2019n\u0131n y\u00f6netmenlik tarz\u0131nda da b\u00fcy\u00fck etkisi olan \u00c7i\u00e7e\u011fin Ruhu\u2019nda Zen Budizmi \u00fczerine ald\u0131\u011f\u0131 geni\u015f kapsaml\u0131 e\u011fitimden, klasik Japon edebiyat\u0131ndan ve aristokrat ya\u015fam tarz\u0131ndan yararlanan Zeami hem samuray s\u0131n\u0131f\u0131 i\u00e7in ortaya \u00e7\u0131kan ve ilkelerinin \u00e7o\u011fu d\u00f6v\u00fc\u015f sanatlar\u0131n\u0131n ilkelerini de yans\u0131tan Noh tiyatrosunun prensiplerini a\u00e7\u0131kl\u0131yor hem de bir sanat\u00e7\u0131n\u0131n nas\u0131l ya\u015famas\u0131 gerekti\u011fini inceliyor. <\/p>\n","protected":false},"excerpt":{"rendered":"<p>\u201cSanat\u0131m\u0131zla ilgili bu gizli \u00f6\u011freti, klan\u0131m\u0131z i\u00e7in ola\u011fan\u00fcst\u00fc derecede \u00f6nemlidir ve her nesilde yaln\u0131zca bir ki\u015fiye verilmelidir. Noh sanat\u0131nda yetene\u011fi olmayan birine, sizin \u00e7ocu\u011funuz dahi olsa<span class=\"excerpt-hellip\"> [\u2026]<\/span><\/p>\n","protected":false},"featured_media":0,"template":"","meta":{"_monsterinsights_skip_tracking":false,"_monsterinsights_sitenote_active":false,"_monsterinsights_sitenote_note":"","_monsterinsights_sitenote_category":0},"product_brand":[],"product_cat":[12388],"product_tag":[],"class_list":{"0":"post-751501","1":"product","2":"type-product","3":"status-publish","5":"product_cat-felsefe","6":"pa_cilt-ciltsiz","7":"pa_tur-kitap","8":"pa_yayinevi-ithaki-yayinlari","9":"pa_yazar-zeami","11":"first","12":"instock","13":"sale","14":"shipping-taxable","15":"purchasable","16":"product-type-simple"},"_links":{"self":[{"href":"https:\/\/roveyayinevi.com.tr\/index.php\/wp-json\/wp\/v2\/product\/751501","targetHints":{"allow":["GET"]}}],"collection":[{"href":"https:\/\/roveyayinevi.com.tr\/index.php\/wp-json\/wp\/v2\/product"}],"about":[{"href":"https:\/\/roveyayinevi.com.tr\/index.php\/wp-json\/wp\/v2\/types\/product"}],"wp:attachment":[{"href":"https:\/\/roveyayinevi.com.tr\/index.php\/wp-json\/wp\/v2\/media?parent=751501"}],"wp:term":[{"taxonomy":"product_brand","embeddable":true,"href":"https:\/\/roveyayinevi.com.tr\/index.php\/wp-json\/wp\/v2\/product_brand?post=751501"},{"taxonomy":"product_cat","embeddable":true,"href":"https:\/\/roveyayinevi.com.tr\/index.php\/wp-json\/wp\/v2\/product_cat?post=751501"},{"taxonomy":"product_tag","embeddable":true,"href":"https:\/\/roveyayinevi.com.tr\/index.php\/wp-json\/wp\/v2\/product_tag?post=751501"}],"curies":[{"name":"wp","href":"https:\/\/api.w.org\/{rel}","templated":true}]}}