{"id":751500,"date":"2025-08-28T04:50:50","date_gmt":"2025-08-28T01:50:50","guid":{"rendered":"https:\/\/roveyayinevi.com.tr\/index.php\/urun\/ben-piril-piril-bir-gemiydim-eskiden-ozdemir-asaf-100-yasinda\/"},"modified":"2026-04-12T03:08:31","modified_gmt":"2026-04-12T00:08:31","slug":"ben-piril-piril-bir-gemiydim-eskiden-ozdemir-asaf-100-yasinda","status":"publish","type":"product","link":"https:\/\/roveyayinevi.com.tr\/index.php\/urun\/ben-piril-piril-bir-gemiydim-eskiden-ozdemir-asaf-100-yasinda\/","title":{"rendered":"Ben P\u0131r\u0131l P\u0131r\u0131l Bir Gemiydim Eskiden -\u2013 \u00d6zdemir Asaf 100 Ya\u015f\u0131nda"},"content":{"rendered":"<p>\u00d6zg\u00fcn \u015fiirleriyle \u00e7a\u011fda\u015f \u015fiirimize y\u00f6n veren 1923 do\u011fumlu \u00d6zdemir Asaf\u2019\u0131n 100. do\u011fum y\u0131ld\u00f6n\u00fcm\u00fc i\u00e7in haz\u0131rlanan ve se\u00e7me \u015fiirlerini i\u00e7eren \u201cBen P\u0131r\u0131l P\u0131r\u0131l Bir Gemiydim Eskiden\u201d kitab\u0131n\u0131 Eren Caner Polat resimledi.   \u201cBir \u0131\u015f\u0131k d\u00fc\u015ferse \u00fcst\u00fcne basma. Daha yak\u0131nla\u015f\u0131r, korkars\u0131n. Bir leke, silmeye &#8211; g\u00f6r, Leke kal\u0131r, sen \u00e7\u0131kars\u0131n.\u201d <\/p>\n","protected":false},"excerpt":{"rendered":"<p>\u00d6zg\u00fcn \u015fiirleriyle \u00e7a\u011fda\u015f \u015fiirimize y\u00f6n veren 1923 do\u011fumlu \u00d6zdemir Asaf\u2019\u0131n 100. do\u011fum y\u0131ld\u00f6n\u00fcm\u00fc i\u00e7in haz\u0131rlanan ve se\u00e7me \u015fiirlerini i\u00e7eren \u201cBen P\u0131r\u0131l P\u0131r\u0131l Bir Gemiydim Eskiden\u201d kitab\u0131n\u0131<span class=\"excerpt-hellip\"> [\u2026]<\/span><\/p>\n","protected":false},"featured_media":0,"template":"","meta":{"_monsterinsights_skip_tracking":false,"_monsterinsights_sitenote_active":false,"_monsterinsights_sitenote_note":"","_monsterinsights_sitenote_category":0},"product_brand":[],"product_cat":[12291,12509],"product_tag":[],"class_list":{"0":"post-751500","1":"product","2":"type-product","3":"status-publish","5":"product_cat-edebiyat","6":"product_cat-siir","7":"pa_cilt-ciltsiz","8":"pa_tur-kitap","9":"pa_yayinevi-yapi-kredi-yayinlari","10":"pa_yazar-ozdemir-asaf","12":"first","13":"instock","14":"sale","15":"shipping-taxable","16":"purchasable","17":"product-type-simple"},"_links":{"self":[{"href":"https:\/\/roveyayinevi.com.tr\/index.php\/wp-json\/wp\/v2\/product\/751500","targetHints":{"allow":["GET"]}}],"collection":[{"href":"https:\/\/roveyayinevi.com.tr\/index.php\/wp-json\/wp\/v2\/product"}],"about":[{"href":"https:\/\/roveyayinevi.com.tr\/index.php\/wp-json\/wp\/v2\/types\/product"}],"wp:attachment":[{"href":"https:\/\/roveyayinevi.com.tr\/index.php\/wp-json\/wp\/v2\/media?parent=751500"}],"wp:term":[{"taxonomy":"product_brand","embeddable":true,"href":"https:\/\/roveyayinevi.com.tr\/index.php\/wp-json\/wp\/v2\/product_brand?post=751500"},{"taxonomy":"product_cat","embeddable":true,"href":"https:\/\/roveyayinevi.com.tr\/index.php\/wp-json\/wp\/v2\/product_cat?post=751500"},{"taxonomy":"product_tag","embeddable":true,"href":"https:\/\/roveyayinevi.com.tr\/index.php\/wp-json\/wp\/v2\/product_tag?post=751500"}],"curies":[{"name":"wp","href":"https:\/\/api.w.org\/{rel}","templated":true}]}}