{"id":751499,"date":"2025-08-28T04:50:48","date_gmt":"2025-08-28T01:50:48","guid":{"rendered":"https:\/\/roveyayinevi.com.tr\/index.php\/urun\/imparatora-veda\/"},"modified":"2026-04-16T03:04:47","modified_gmt":"2026-04-16T00:04:47","slug":"imparatora-veda","status":"publish","type":"product","link":"https:\/\/roveyayinevi.com.tr\/index.php\/urun\/imparatora-veda\/","title":{"rendered":"\u0130mparatora Veda"},"content":{"rendered":"<p>Al\u0131\u015f\u0131lm\u0131\u015fd\u0131\u015f\u0131 bir padi\u015fah: Adidas e\u015fofmanl\u0131, Ray-Ban g\u00f6zl\u00fckl\u00fc; modern, \u0131l\u0131ml\u0131, yenilik sevdal\u0131s\u0131. Yaln\u0131zca \u015fiire de\u011fil, polisiyeye de merakl\u0131. \u015eehrin damlar\u0131na t\u0131rmanan, cevval, al\u0131\u015f\u0131lm\u0131\u015fd\u0131\u015f\u0131 bir kad\u0131n: \u0130fe. Ve esrarl\u0131 bir alfabeyle yaz\u0131lm\u0131\u015f, al\u0131\u015f\u0131lm\u0131\u015fd\u0131\u015f\u0131 bir elyazmas\u0131. Mutlak h\u00e2kim padi\u015fah, bir hik\u00e2yenin sonunu \u00f6\u011frenebilmek u\u011fruna, kendisine ba\u015fkald\u0131rmaya cesaret eden tek kad\u0131nla i\u015fbirli\u011fi yapmak zorunda.    Aziz G\u00f6kdemir, Muradlar\u2019\u0131n tarihini, son h\u00fcnk\u00e2r\u0131n do\u011fumundan \u00f6l\u00fcm\u00fcne dek sene sene mercek alt\u0131na al\u0131yor \u0130mparatora Veda\u2019da. Masum bir \u00e7ocu\u011fun diktat\u00f6re d\u00f6n\u00fc\u015f\u00fcm\u00fcn\u00fc, g\u00fcc\u00fcn insan\u0131 nas\u0131l zehirledi\u011fini, yaln\u0131zca g\u00f6r\u00fcnt\u00fcde modernle\u015febilmi\u015f bir halk\u0131n \u00fczerinden anlat\u0131yor; de\u011fi\u015fimin kodlar\u0131n\u0131, yedek \u015fehzadelerin hapsedildi\u011fi kafeslere, mezarl\u0131klara, bilinmeyen bir alfabeye gizliyor.   \u201cS\u0131cak sar\u0131 bir \u0131\u015f\u0131k yay\u0131l\u0131yordu d\u00fckk\u00e2ndan, \u00f6n\u00fcnde uzanan \u0131slak ta\u015flar\u0131 benek benek ayd\u0131nlat\u0131yordu; ba\u015f\u0131n\u0131 kald\u0131rm\u0131yordu \u0130fe, sadece y\u00fcr\u00fcyor, o an akl\u0131na d\u00fc\u015fen iki dizeyi m\u0131r\u0131ldan\u0131yordu: \u2018Y\u0131ld\u0131zlar k\u0131yamet gibiydi kald\u0131r\u0131mlarda\/ \u00c7\u00fcnk\u00fc biraz evvel ya\u011fmur ya\u011fm\u0131\u015ft\u0131.\u2019 Bir \u015fey istiyordu, bir k\u0131yamet. Ne istedi\u011fini bilmiyordu, kopup ka\u00e7mak belki, bir \u015fekilde. G\u00f6vdesi bir koza olsa, y\u0131rt\u0131p onu. Ama nereye? Evli evine derler ya, tam da \u00f6yle gidiyordu i\u015fte, ko\u015fa ko\u015fa, bir kez daha \u015fu etraf\u0131ndaki silik siluetler ordusu gibi ma\u011flup, yorgun, hatta harap. Sokaklar g\u00fcn\u00fcn son hamallar\u0131na kalacakt\u0131 birazdan, sa\u011fl\u0131 sollu kap\u0131lardan \u00e7\u0131k\u0131p mesailerinin son s\u00fcpr\u00fcnt\u00fclerini g\u00f6t\u00fcreceklerdi, tanzifat ameleleri de sokaklara at\u0131lm\u0131\u015f b\u00fcy\u00fckl\u00fc k\u00fc\u00e7\u00fckl\u00fc \u00e7\u00f6pleri toparlayacakt\u0131. Sonras\u0131na karanl\u0131k h\u00e2kim olacakt\u0131, bir de eli sopal\u0131lar, k\u00f6pekler, kediler. K\u00f6r \u0131\u015f\u0131kl\u0131 gaz lambalar\u0131, yeni yeni onlar\u0131n yerini almaya ba\u015flayan yirmi mumluk sar\u0131 s\u0131cak ampuller, \u0131s\u0131nd\u0131ktan sonra t\u00fcrk\u00fcs\u00fcn\u00fc s\u00f6yleyen veya b\u00fcltenini okuyan tek istasyonlu radyo. Gazoca\u011f\u0131nda k\u0131s\u0131k ate\u015f; s\u0131ms\u0131k\u0131 \u00f6rt\u00fcl\u00fc perdeler, kenarlar\u0131ndan kanayan evler.\u201d <\/p>\n","protected":false},"excerpt":{"rendered":"<p>Al\u0131\u015f\u0131lm\u0131\u015fd\u0131\u015f\u0131 bir padi\u015fah: Adidas e\u015fofmanl\u0131, Ray-Ban g\u00f6zl\u00fckl\u00fc; modern, \u0131l\u0131ml\u0131, yenilik sevdal\u0131s\u0131. Yaln\u0131zca \u015fiire de\u011fil, polisiyeye de merakl\u0131. \u015eehrin damlar\u0131na t\u0131rmanan, cevval, al\u0131\u015f\u0131lm\u0131\u015fd\u0131\u015f\u0131 bir kad\u0131n: \u0130fe. Ve<span class=\"excerpt-hellip\"> [\u2026]<\/span><\/p>\n","protected":false},"featured_media":0,"template":"","meta":{"_monsterinsights_skip_tracking":false,"_monsterinsights_sitenote_active":false,"_monsterinsights_sitenote_note":"","_monsterinsights_sitenote_category":0},"product_brand":[],"product_cat":[12291,12711],"product_tag":[],"class_list":{"0":"post-751499","1":"product","2":"type-product","3":"status-publish","5":"product_cat-edebiyat","6":"product_cat-roman-oyku","7":"pa_cilt-ciltsiz","8":"pa_tur-kitap","9":"pa_yayinevi-ithaki-yayinlari","10":"pa_yazar-aziz-gokdemir","12":"first","13":"instock","14":"sale","15":"shipping-taxable","16":"purchasable","17":"product-type-simple"},"_links":{"self":[{"href":"https:\/\/roveyayinevi.com.tr\/index.php\/wp-json\/wp\/v2\/product\/751499","targetHints":{"allow":["GET"]}}],"collection":[{"href":"https:\/\/roveyayinevi.com.tr\/index.php\/wp-json\/wp\/v2\/product"}],"about":[{"href":"https:\/\/roveyayinevi.com.tr\/index.php\/wp-json\/wp\/v2\/types\/product"}],"wp:attachment":[{"href":"https:\/\/roveyayinevi.com.tr\/index.php\/wp-json\/wp\/v2\/media?parent=751499"}],"wp:term":[{"taxonomy":"product_brand","embeddable":true,"href":"https:\/\/roveyayinevi.com.tr\/index.php\/wp-json\/wp\/v2\/product_brand?post=751499"},{"taxonomy":"product_cat","embeddable":true,"href":"https:\/\/roveyayinevi.com.tr\/index.php\/wp-json\/wp\/v2\/product_cat?post=751499"},{"taxonomy":"product_tag","embeddable":true,"href":"https:\/\/roveyayinevi.com.tr\/index.php\/wp-json\/wp\/v2\/product_tag?post=751499"}],"curies":[{"name":"wp","href":"https:\/\/api.w.org\/{rel}","templated":true}]}}