{"id":751498,"date":"2025-08-28T04:50:46","date_gmt":"2025-08-28T01:50:46","guid":{"rendered":"https:\/\/roveyayinevi.com.tr\/index.php\/urun\/kralicelerin-laneti\/"},"modified":"2026-04-16T03:04:47","modified_gmt":"2026-04-16T00:04:47","slug":"kralicelerin-laneti","status":"publish","type":"product","link":"https:\/\/roveyayinevi.com.tr\/index.php\/urun\/kralicelerin-laneti\/","title":{"rendered":"Krali\u00e7elerin Laneti"},"content":{"rendered":"<p>SAVA\u015e\u00c7I KORKULARINA YEN\u0130LM\u0130\u015eT\u0130, \u015e\u0130FACI \u0130SE KADERLER\u0130N\u0130 DE\u011e\u0130\u015eT\u0130RMEYE YEM\u0130NL\u0130YD\u0130   Thalyria\u2019daki \u00fc\u00e7 krall\u0131k nihayet birle\u015fmi\u015fti ama as\u0131l b\u00fcy\u00fck sava\u015f hen\u00fcz ba\u015fl\u0131yordu. Krali\u00e7e Cat, Olympos\u2019un bile \u00e7aresiz kald\u0131\u011f\u0131 Ebedi Ya\u015fam \u0130ksiri\u2019yle lanetlenmi\u015fti. Bundan sonra zaman ne ona ne de karn\u0131ndaki asla do\u011famayacak bebe\u011fine dokunabilecekti. Tabii Kral Griffin\u2019in yetenekli bir \u015fifac\u0131 olan k\u0131z karde\u015fi Jocasta panzehri bulamazsa.   \u015eimdiye kadar hep ba\u015fkalar\u0131n\u0131n kahramanl\u0131klar\u0131n\u0131 izleyen Jocasta, krall\u0131\u011f\u0131n gelece\u011fini bu lanetten kurtarma umuduyla zorlu bir yolculu\u011fa \u00e7\u0131kmaya haz\u0131rd\u0131. Kendini bildi bileli \u00e2\u015f\u0131k oldu\u011fu cesur sava\u015f\u00e7\u0131 Flynn ve eski ad\u0131yla Beta ekibi de yan\u0131nda olacaksa imk\u00e2ns\u0131z\u0131 ba\u015far\u0131p Kirke\u2019nin bah\u00e7esine ula\u015fabilece\u011fine inanc\u0131 tamd\u0131.   Tanr\u0131lar\u0131n Sava\u015f\u0131\u2019nda hepsi birer piyondu ancak bu sefer zaferi k\u0131l\u0131\u00e7 de\u011fil bilgi getirecekti.     \u201cAmanda Bouchet, Yunan mitolojisiyle \u00f6r\u00fclm\u00fc\u015f bir d\u00fcnya ve nefes nefese bir maceran\u0131n i\u00e7inde ye\u015feren b\u00fcy\u00fck a\u015fk aras\u0131nda m\u00fckemmel bir denge kurmu\u015f.\u201d \u2014BookPage   \u201cG\u00fcmb\u00fcr g\u00fcmb\u00fcr bir macera arayan okurlar i\u00e7in.\u201d \u2014Kirkus   \u201cAmanda Bouchet, Krali\u00e7elerin Laneti\u2019nde yine mitlerle ve b\u00fcy\u00fcyle dolu bir hik\u00e2ye kurgulam\u0131\u015f. Karakterler her an sayfalardan f\u0131rlayacak gibi. Jocasta\u2019n\u0131n, Flynn\u2019in ve b\u00fct\u00fcn Beta ekibinin a\u015fklar\u0131n\u0131, sadakatlerini ve hem tanr\u0131lar hem de canavarlar taraf\u0131ndan s\u0131nan\u0131\u015flar\u0131n\u0131 kalbimde hissettim.\u201d \u2014Maria Vale   \u201cKrali\u00e7elerin Laneti, okurlar\u0131 b\u00fcy\u00fcleyecek.\u201d \u2014Jennifer Estep   \u201cKralse\u00e7en G\u00fcnl\u00fckleri\u2019nin macera dolu fantastik d\u00fcnyas\u0131na keyifli bir geri d\u00f6n\u00fc\u015f. Sad\u0131k okurlar Jocasta ve Flynn\u2019in destans\u0131 yolculu\u011funa ve aralar\u0131ndaki \u00e7ekime bay\u0131lacak! Bunca zaman beklemelerinin \u00f6d\u00fcl\u00fcn\u00fc kesinlikle alacaklar!\u201d \u2014Jeffe Kennedy <\/p>\n","protected":false},"excerpt":{"rendered":"<p>SAVA\u015e\u00c7I KORKULARINA YEN\u0130LM\u0130\u015eT\u0130, \u015e\u0130FACI \u0130SE KADERLER\u0130N\u0130 DE\u011e\u0130\u015eT\u0130RMEYE YEM\u0130NL\u0130YD\u0130 Thalyria\u2019daki \u00fc\u00e7 krall\u0131k nihayet birle\u015fmi\u015fti ama as\u0131l b\u00fcy\u00fck sava\u015f hen\u00fcz ba\u015fl\u0131yordu. Krali\u00e7e Cat, Olympos\u2019un bile \u00e7aresiz kald\u0131\u011f\u0131 Ebedi<span class=\"excerpt-hellip\"> [\u2026]<\/span><\/p>\n","protected":false},"featured_media":0,"template":"","meta":{"_monsterinsights_skip_tracking":false,"_monsterinsights_sitenote_active":false,"_monsterinsights_sitenote_note":"","_monsterinsights_sitenote_category":0},"product_brand":[],"product_cat":[12291,14777],"product_tag":[],"class_list":{"0":"post-751498","1":"product","2":"type-product","3":"status-publish","5":"product_cat-edebiyat","6":"product_cat-fantastik","7":"pa_cilt-ciltsiz","8":"pa_tur-kitap","9":"pa_yayinevi-yabanci-yayinevi","10":"pa_yazar-amanda-bouchet","12":"first","13":"instock","14":"sale","15":"shipping-taxable","16":"purchasable","17":"product-type-simple"},"_links":{"self":[{"href":"https:\/\/roveyayinevi.com.tr\/index.php\/wp-json\/wp\/v2\/product\/751498","targetHints":{"allow":["GET"]}}],"collection":[{"href":"https:\/\/roveyayinevi.com.tr\/index.php\/wp-json\/wp\/v2\/product"}],"about":[{"href":"https:\/\/roveyayinevi.com.tr\/index.php\/wp-json\/wp\/v2\/types\/product"}],"wp:attachment":[{"href":"https:\/\/roveyayinevi.com.tr\/index.php\/wp-json\/wp\/v2\/media?parent=751498"}],"wp:term":[{"taxonomy":"product_brand","embeddable":true,"href":"https:\/\/roveyayinevi.com.tr\/index.php\/wp-json\/wp\/v2\/product_brand?post=751498"},{"taxonomy":"product_cat","embeddable":true,"href":"https:\/\/roveyayinevi.com.tr\/index.php\/wp-json\/wp\/v2\/product_cat?post=751498"},{"taxonomy":"product_tag","embeddable":true,"href":"https:\/\/roveyayinevi.com.tr\/index.php\/wp-json\/wp\/v2\/product_tag?post=751498"}],"curies":[{"name":"wp","href":"https:\/\/api.w.org\/{rel}","templated":true}]}}