{"id":751494,"date":"2025-08-28T04:50:40","date_gmt":"2025-08-28T01:50:40","guid":{"rendered":"https:\/\/roveyayinevi.com.tr\/index.php\/urun\/insancil-dusuncenin-gelismesine-bir-katki\/"},"modified":"2026-04-16T03:04:47","modified_gmt":"2026-04-16T00:04:47","slug":"insancil-dusuncenin-gelismesine-bir-katki","status":"publish","type":"product","link":"https:\/\/roveyayinevi.com.tr\/index.php\/urun\/insancil-dusuncenin-gelismesine-bir-katki\/","title":{"rendered":"\u0130nsanc\u0131l D\u00fc\u015f\u00fcncenin Geli\u015fmesine Bir Katk\u0131"},"content":{"rendered":"<p>Ali Seydi Bey erdemlilikle \u00e2detler (\u00e2dete uygunluk) aras\u0131nda bilin\u00e7li bir \u015fekilde fark yapt\u0131\u011f\u0131, s\u00f6ylediklerini bilgilere dayand\u0131rd\u0131\u011f\u0131, b\u00f6ylece de g\u00f6r\u00fc\u015fleri belirli bir k\u00fclt\u00fcr \u00e7evresini a\u015ft\u0131\u011f\u0131, do\u011fululu\u011fun-bat\u0131l\u0131l\u0131\u011f\u0131n \u00f6tesinde olan felsef\u00ee bir g\u00f6r\u00fc\u015f niteli\u011fi ta\u015f\u0131d\u0131\u011f\u0131, Hilmi Ziya \u00dclken\u2019in deyimi ile \u201cyarat\u0131c\u0131\u201d \u00f6\u011feler ta\u015f\u0131d\u0131\u011f\u0131 i\u00e7in, bu kitapta onun Terbiye-i Ahl\u00e2kiye ve Medeniye\u2019si inceleme konusu yap\u0131lm\u0131\u015ft\u0131r. <\/p>\n","protected":false},"excerpt":{"rendered":"<p>Ali Seydi Bey erdemlilikle \u00e2detler (\u00e2dete uygunluk) aras\u0131nda bilin\u00e7li bir \u015fekilde fark yapt\u0131\u011f\u0131, s\u00f6ylediklerini bilgilere dayand\u0131rd\u0131\u011f\u0131, b\u00f6ylece de g\u00f6r\u00fc\u015fleri belirli bir k\u00fclt\u00fcr \u00e7evresini a\u015ft\u0131\u011f\u0131, do\u011fululu\u011fun-bat\u0131l\u0131l\u0131\u011f\u0131n \u00f6tesinde<span class=\"excerpt-hellip\"> [\u2026]<\/span><\/p>\n","protected":false},"featured_media":0,"template":"","meta":{"_monsterinsights_skip_tracking":false,"_monsterinsights_sitenote_active":false,"_monsterinsights_sitenote_note":"","_monsterinsights_sitenote_category":0},"product_brand":[],"product_cat":[12388],"product_tag":[],"class_list":{"0":"post-751494","1":"product","2":"type-product","3":"status-publish","5":"product_cat-felsefe","6":"pa_cilt-ciltsiz","7":"pa_tur-kitap","8":"pa_yayinevi-turkiye-felsefe-kurumu","9":"pa_yazar-abdullah-kaygi","11":"first","12":"instock","13":"sale","14":"shipping-taxable","15":"purchasable","16":"product-type-simple"},"_links":{"self":[{"href":"https:\/\/roveyayinevi.com.tr\/index.php\/wp-json\/wp\/v2\/product\/751494","targetHints":{"allow":["GET"]}}],"collection":[{"href":"https:\/\/roveyayinevi.com.tr\/index.php\/wp-json\/wp\/v2\/product"}],"about":[{"href":"https:\/\/roveyayinevi.com.tr\/index.php\/wp-json\/wp\/v2\/types\/product"}],"wp:attachment":[{"href":"https:\/\/roveyayinevi.com.tr\/index.php\/wp-json\/wp\/v2\/media?parent=751494"}],"wp:term":[{"taxonomy":"product_brand","embeddable":true,"href":"https:\/\/roveyayinevi.com.tr\/index.php\/wp-json\/wp\/v2\/product_brand?post=751494"},{"taxonomy":"product_cat","embeddable":true,"href":"https:\/\/roveyayinevi.com.tr\/index.php\/wp-json\/wp\/v2\/product_cat?post=751494"},{"taxonomy":"product_tag","embeddable":true,"href":"https:\/\/roveyayinevi.com.tr\/index.php\/wp-json\/wp\/v2\/product_tag?post=751494"}],"curies":[{"name":"wp","href":"https:\/\/api.w.org\/{rel}","templated":true}]}}