{"id":751493,"date":"2025-08-28T04:50:38","date_gmt":"2025-08-28T01:50:38","guid":{"rendered":"https:\/\/roveyayinevi.com.tr\/index.php\/urun\/kucuk-paris-pastanesi\/"},"modified":"2026-04-16T03:04:47","modified_gmt":"2026-04-16T00:04:47","slug":"kucuk-paris-pastanesi","status":"publish","type":"product","link":"https:\/\/roveyayinevi.com.tr\/index.php\/urun\/kucuk-paris-pastanesi\/","title":{"rendered":"K\u00fc\u00e7\u00fck Paris Pastanesi"},"content":{"rendered":"<p>Paris\u2019in s\u0131cac\u0131k bir k\u00f6\u015fesinde ba\u015ftan \u00e7\u0131kar\u0131c\u0131, k\u00fc\u00e7\u00fck bir pastane ke\u015ffedilmeyi bekliyor. Ve men\u00fcdeki en g\u00f6zde se\u00e7enek a\u015fk olabilir\u2026 D\u00f6rt karde\u015fin en k\u00fc\u00e7\u00fc\u011f\u00fc olan Nina Hadley, erkek karde\u015flerinin hayat\u0131 boyunca ona ne yapaca\u011f\u0131n\u0131 s\u00f6ylemesinden, ailesinin her \u015feye kar\u0131\u015fmas\u0131ndan art\u0131k bunalm\u0131\u015ft\u0131. Kar\u015f\u0131s\u0131na Paris\u2019te k\u0131sa s\u00fcreli de olsa bir i\u015f imk\u00e2n\u0131 \u00e7\u0131k\u0131nca, Nina hayat\u0131ndaki belirsizliklere arkas\u0131na bile bakmadan au revoir dedi. K\u00fc\u00e7\u00fck bir pastanede d\u00fczenlenecek kursa yard\u0131mc\u0131 olmak \u00fczere yola \u00e7\u0131kan Nina\u2019n\u0131n can\u0131n\u0131 s\u0131kan tek bir sorun vard\u0131. Pastanenin sahibi me\u015fhur \u015fef Sebastian Finlay\u2019di. Yani Nina\u2019n\u0131n erkek karde\u015fi Nick\u2019in en yak\u0131n arkada\u015f\u0131 ve Nina\u2019n\u0131n kendini bildi bileli \u00e2\u015f\u0131k oldu\u011fu adam. A\u011f\u0131z suland\u0131ran eklerler, zarif makaronlar, benzersiz Frans\u0131z tatl\u0131lar\u0131 aras\u0131nda, Paris\u2019in b\u00fcy\u00fcleyici ve romantik atmosferinde masal gibi g\u00fcnler ge\u00e7iren Nina\u2019y\u0131 ba\u015ftan \u00e7\u0131karmak \u00fczere bekleyen tek \u015fey mutfakta \u00f6\u011frenecekleri de\u011fildi.   Julie Caplin\u2019in d\u00fcnyan\u0131n en romantik \u015fehirlerinden ilhamla kaleme ald\u0131\u011f\u0131 serisinin yeni kitab\u0131 K\u00fc\u00e7\u00fck Paris Pastanesi, d\u00fcnya romantizminin ba\u015fkenti Paris\u2019te ge\u00e7en heyecanl\u0131, tutkulu, \u015fiir gibi bir a\u015fk hik\u00e2yesi. Ailesinden uzakta, kendi ayaklar\u0131 \u00fcst\u00fcnde durmaya \u00e7abalayan Nina ile k\u00fc\u00e7\u00fckl\u00fckten beri kalbinden ve akl\u0131ndan \u00e7\u0131karamad\u0131\u011f\u0131 Sebastian\u2019\u0131n hik\u00e2yesi, Paris\u2019in g\u00f6z al\u0131c\u0131 manzaras\u0131 ve nefis lezzetlerinin e\u015fli\u011finde okuru unutulmaz bir yolculu\u011fa \u00e7\u0131karacak. <\/p>\n","protected":false},"excerpt":{"rendered":"<p>Paris\u2019in s\u0131cac\u0131k bir k\u00f6\u015fesinde ba\u015ftan \u00e7\u0131kar\u0131c\u0131, k\u00fc\u00e7\u00fck bir pastane ke\u015ffedilmeyi bekliyor. Ve men\u00fcdeki en g\u00f6zde se\u00e7enek a\u015fk olabilir\u2026 D\u00f6rt karde\u015fin en k\u00fc\u00e7\u00fc\u011f\u00fc olan Nina Hadley, erkek<span class=\"excerpt-hellip\"> [\u2026]<\/span><\/p>\n","protected":false},"featured_media":0,"template":"","meta":{"_monsterinsights_skip_tracking":false,"_monsterinsights_sitenote_active":false,"_monsterinsights_sitenote_note":"","_monsterinsights_sitenote_category":0},"product_brand":[],"product_cat":[12291,12711],"product_tag":[],"class_list":{"0":"post-751493","1":"product","2":"type-product","3":"status-publish","5":"product_cat-edebiyat","6":"product_cat-roman-oyku","7":"pa_cilt-ciltsiz","8":"pa_tur-kitap","9":"pa_yayinevi-artemis-yayinlari","10":"pa_yazar-julie-caplin","12":"first","13":"instock","14":"sale","15":"shipping-taxable","16":"purchasable","17":"product-type-simple"},"_links":{"self":[{"href":"https:\/\/roveyayinevi.com.tr\/index.php\/wp-json\/wp\/v2\/product\/751493","targetHints":{"allow":["GET"]}}],"collection":[{"href":"https:\/\/roveyayinevi.com.tr\/index.php\/wp-json\/wp\/v2\/product"}],"about":[{"href":"https:\/\/roveyayinevi.com.tr\/index.php\/wp-json\/wp\/v2\/types\/product"}],"wp:attachment":[{"href":"https:\/\/roveyayinevi.com.tr\/index.php\/wp-json\/wp\/v2\/media?parent=751493"}],"wp:term":[{"taxonomy":"product_brand","embeddable":true,"href":"https:\/\/roveyayinevi.com.tr\/index.php\/wp-json\/wp\/v2\/product_brand?post=751493"},{"taxonomy":"product_cat","embeddable":true,"href":"https:\/\/roveyayinevi.com.tr\/index.php\/wp-json\/wp\/v2\/product_cat?post=751493"},{"taxonomy":"product_tag","embeddable":true,"href":"https:\/\/roveyayinevi.com.tr\/index.php\/wp-json\/wp\/v2\/product_tag?post=751493"}],"curies":[{"name":"wp","href":"https:\/\/api.w.org\/{rel}","templated":true}]}}