{"id":751492,"date":"2025-08-28T04:50:36","date_gmt":"2025-08-28T01:50:36","guid":{"rendered":"https:\/\/roveyayinevi.com.tr\/index.php\/urun\/himbil\/"},"modified":"2026-04-16T03:04:47","modified_gmt":"2026-04-16T00:04:47","slug":"himbil","status":"publish","type":"product","link":"https:\/\/roveyayinevi.com.tr\/index.php\/urun\/himbil\/","title":{"rendered":"H\u0131mb\u0131l"},"content":{"rendered":"<p>\u201c\u0130pi kopunca tespihin taneleri yere sa\u00e7\u0131l\u0131r, bir daha asla bulunmamak \u00fczere oraya buraya yuvarlan\u0131r ya, benim hayat\u0131m da t\u0131pk\u0131 b\u00f6yleydi,\u201d der Nadir. Gen\u00e7tir, zekidir ama Z ku\u015fa\u011f\u0131 ya\u015f\u0131tlar\u0131n\u0131n \u00e7o\u011fu gibi hayattan ne istedi\u011fini bilemez.  Sosyal medyadan tan\u0131\u015ft\u0131\u011f\u0131 Roxanna ile karanl\u0131k oyunlarla dolu yaz\u0131\u015fmalar\u0131 onu \u00e7ok etkiler. Roxanna\u2019ya olan tutkusu Nadir\u2019e bir ayna tutmu\u015f, t\u00fcm zay\u0131f y\u00f6nlerini ortaya \u00e7\u0131karm\u0131\u015ft\u0131r \u00e7\u00fcnk\u00fc! \u00dcniversitede okumak i\u00e7in geldi\u011fi Ankara sokaklar\u0131nda, bir mart\u0131ya atlayarak dola\u015ft\u0131\u011f\u0131 gecelerde ya\u015fam\u0131 sorgular gen\u00e7 adam&#8230; Okul arkada\u015f\u0131 \u00c7i\u011fdem, s\u0131k s\u0131k gitti\u011fi bir bar\u0131n sahibi Enis ve m\u00fcdavimlerinden Pala ile ya\u015fad\u0131klar\u0131 onu Avustralya\u2019da b\u00fcy\u00fck bir maceraya ta\u015f\u0131yacak, s\u0131radanl\u0131\u011f\u0131n zincirini k\u0131rmas\u0131n\u0131 sa\u011flayacakt\u0131r! \u201cBana bir eser ortaya koyma yetisi veren \u015fey ise yarama de\u011fen ba\u015fka bir yara&#8230;\u201d der roman\u0131n kahramanlar\u0131ndan biri. Yazar Birol \u0130nan, keskin bir ironi ve g\u00f6zlem g\u00fcc\u00fcyle bize benzersiz bir d\u00fcnya sunuyor. Bu d\u00fcnyan\u0131n i\u00e7inde i\u015f\u00e7ileri s\u00f6m\u00fcren yeni d\u00f6nem m\u00fcteahhitleri, digital zorbal\u0131klar, bir baban\u0131n onuru ve kar\u015f\u0131l\u0131ks\u0131z a\u015fklar var. \u0130nan, \u201cH\u0131mb\u0131l\u201d denilerek k\u00fc\u00e7\u00fck g\u00f6r\u00fclen Nadir\u2019in kendini yeniden yaratma s\u00fcrecini, cesur bir \u00fcslupla ortaya koyuyor. \u201cNeden babamlar kaderci ve \u00f6l\u00fcm\u00fcne milliyet\u00e7i? Bir araya gelmelerine engel olan \u015fey ne? Bilginin yarat\u0131lmas\u0131nda ya da ge\u00e7mi\u015ften onlara ula\u015ft\u0131r\u0131lmas\u0131nda bir sorun mu oldu? Neden hep ayn\u0131 sayfay\u0131 okumakta \u0131srar ediyorlar? A,B,C,D,E&#8230; Z, sonra tekrar A\u2019ya d\u00f6n\u00fc\u015f m\u00fc? Bir \u015fey u\u011fruna m\u0131? Kendin olamamak m\u0131 sorun? Ortak y\u00f6nleri belki de bu i\u015fi beceremiyor olmalar\u0131. Kopuktu zincir,harbiden kopuk. Anlamakta zorluk \u00e7ekti\u011fim,kastetti\u011fim \u015feyse ya\u015famak&#8230;\u201d <\/p>\n","protected":false},"excerpt":{"rendered":"<p>\u201c\u0130pi kopunca tespihin taneleri yere sa\u00e7\u0131l\u0131r, bir daha asla bulunmamak \u00fczere oraya buraya yuvarlan\u0131r ya, benim hayat\u0131m da t\u0131pk\u0131 b\u00f6yleydi,\u201d der Nadir. Gen\u00e7tir, zekidir ama Z<span class=\"excerpt-hellip\"> [\u2026]<\/span><\/p>\n","protected":false},"featured_media":0,"template":"","meta":{"_monsterinsights_skip_tracking":false,"_monsterinsights_sitenote_active":false,"_monsterinsights_sitenote_note":"","_monsterinsights_sitenote_category":0},"product_brand":[],"product_cat":[12291,12711],"product_tag":[],"class_list":{"0":"post-751492","1":"product","2":"type-product","3":"status-publish","5":"product_cat-edebiyat","6":"product_cat-roman-oyku","7":"pa_cilt-ciltsiz","8":"pa_tur-kitap","9":"pa_yayinevi-mona-kitap","10":"pa_yazar-birol-inan","12":"first","13":"instock","14":"sale","15":"shipping-taxable","16":"purchasable","17":"product-type-simple"},"_links":{"self":[{"href":"https:\/\/roveyayinevi.com.tr\/index.php\/wp-json\/wp\/v2\/product\/751492","targetHints":{"allow":["GET"]}}],"collection":[{"href":"https:\/\/roveyayinevi.com.tr\/index.php\/wp-json\/wp\/v2\/product"}],"about":[{"href":"https:\/\/roveyayinevi.com.tr\/index.php\/wp-json\/wp\/v2\/types\/product"}],"wp:attachment":[{"href":"https:\/\/roveyayinevi.com.tr\/index.php\/wp-json\/wp\/v2\/media?parent=751492"}],"wp:term":[{"taxonomy":"product_brand","embeddable":true,"href":"https:\/\/roveyayinevi.com.tr\/index.php\/wp-json\/wp\/v2\/product_brand?post=751492"},{"taxonomy":"product_cat","embeddable":true,"href":"https:\/\/roveyayinevi.com.tr\/index.php\/wp-json\/wp\/v2\/product_cat?post=751492"},{"taxonomy":"product_tag","embeddable":true,"href":"https:\/\/roveyayinevi.com.tr\/index.php\/wp-json\/wp\/v2\/product_tag?post=751492"}],"curies":[{"name":"wp","href":"https:\/\/api.w.org\/{rel}","templated":true}]}}