{"id":751491,"date":"2025-08-28T04:50:35","date_gmt":"2025-08-28T01:50:35","guid":{"rendered":"https:\/\/roveyayinevi.com.tr\/index.php\/urun\/sen-kaybedersin\/"},"modified":"2026-04-16T03:04:47","modified_gmt":"2026-04-16T00:04:47","slug":"sen-kaybedersin","status":"publish","type":"product","link":"https:\/\/roveyayinevi.com.tr\/index.php\/urun\/sen-kaybedersin\/","title":{"rendered":"Sen Kaybedersin"},"content":{"rendered":"<p>Sevgili okurum, sen bu sat\u0131rlar\u0131 okudu\u011funa g\u00f6re art\u0131k tan\u0131\u015fmam\u0131za \u00e7ok az zaman kald\u0131. Bu tan\u0131\u015fma sayesinde hem kendi hayat\u0131ndaki ili\u015fkilere dair davran\u0131\u015flar\u0131 anlamland\u0131rabilecek hem de i\u00e7inde bulundu\u011fumuz zaman diliminde en s\u0131k kar\u015f\u0131la\u015f\u0131lan sorunlara vak\u0131f olacaks\u0131n. Kitab\u0131mda dan\u0131\u015fanlar\u0131n sorular\u0131ndan olu\u015fan bir soru-cevap k\u0131sm\u0131 var. Bu sorular bana gelen 1000 soru i\u00e7erisinden en \u00e7ok tekrar eden sorulardan se\u00e7ildi, sorular\u0131n i\u00e7inde kendi hayat\u0131n\u0131za dair bir \u015feyleri mutlaka bulacaks\u0131n\u0131z. Yine bu sorular\u0131n d\u0131\u015f\u0131nda olup cevaplamam\u0131 istedi\u011fin sorular\u0131n varsa kitaptaki ileti\u015fim bilgilerinden her zaman ula\u015fabilirsin. \u015eimdi ihtiyac\u0131n olan tek \u015fey, g\u00fczel bir kahve ve okumaya ba\u015flamak i\u00e7in sessiz bir alan. Keyifli okumalar dilerim. <\/p>\n","protected":false},"excerpt":{"rendered":"<p>Sevgili okurum, sen bu sat\u0131rlar\u0131 okudu\u011funa g\u00f6re art\u0131k tan\u0131\u015fmam\u0131za \u00e7ok az zaman kald\u0131. Bu tan\u0131\u015fma sayesinde hem kendi hayat\u0131ndaki ili\u015fkilere dair davran\u0131\u015flar\u0131 anlamland\u0131rabilecek hem de i\u00e7inde<span class=\"excerpt-hellip\"> [\u2026]<\/span><\/p>\n","protected":false},"featured_media":0,"template":"","meta":{"_monsterinsights_skip_tracking":false,"_monsterinsights_sitenote_active":false,"_monsterinsights_sitenote_note":"","_monsterinsights_sitenote_category":0},"product_brand":[],"product_cat":[12364,12376],"product_tag":[],"class_list":{"0":"post-751491","1":"product","2":"type-product","3":"status-publish","5":"product_cat-genel-konular","6":"product_cat-kisisel-gelisim","7":"pa_cilt-ciltsiz","8":"pa_tur-kitap","9":"pa_yayinevi-gulnar-yayinlari","10":"pa_yazar-ali-savas","12":"first","13":"instock","14":"sale","15":"shipping-taxable","16":"purchasable","17":"product-type-simple"},"_links":{"self":[{"href":"https:\/\/roveyayinevi.com.tr\/index.php\/wp-json\/wp\/v2\/product\/751491","targetHints":{"allow":["GET"]}}],"collection":[{"href":"https:\/\/roveyayinevi.com.tr\/index.php\/wp-json\/wp\/v2\/product"}],"about":[{"href":"https:\/\/roveyayinevi.com.tr\/index.php\/wp-json\/wp\/v2\/types\/product"}],"wp:attachment":[{"href":"https:\/\/roveyayinevi.com.tr\/index.php\/wp-json\/wp\/v2\/media?parent=751491"}],"wp:term":[{"taxonomy":"product_brand","embeddable":true,"href":"https:\/\/roveyayinevi.com.tr\/index.php\/wp-json\/wp\/v2\/product_brand?post=751491"},{"taxonomy":"product_cat","embeddable":true,"href":"https:\/\/roveyayinevi.com.tr\/index.php\/wp-json\/wp\/v2\/product_cat?post=751491"},{"taxonomy":"product_tag","embeddable":true,"href":"https:\/\/roveyayinevi.com.tr\/index.php\/wp-json\/wp\/v2\/product_tag?post=751491"}],"curies":[{"name":"wp","href":"https:\/\/api.w.org\/{rel}","templated":true}]}}