{"id":751490,"date":"2025-08-28T04:50:33","date_gmt":"2025-08-28T01:50:33","guid":{"rendered":"https:\/\/roveyayinevi.com.tr\/index.php\/urun\/azerbaycan-makalelerim-1\/"},"modified":"2026-04-16T03:04:47","modified_gmt":"2026-04-16T00:04:47","slug":"azerbaycan-makalelerim-1","status":"publish","type":"product","link":"https:\/\/roveyayinevi.com.tr\/index.php\/urun\/azerbaycan-makalelerim-1\/","title":{"rendered":"Azerbaycan Makalelerim (1)"},"content":{"rendered":"<p>\u0130raq T\u00fcrkmanlar\u0131n\u0131n s\u00f6z v\u0259 h\u0259qiq\u0259t bayra\u011f\u0131n\u0131 ustadlardan m\u0259suliyy\u0259tl\u0259 al\u0131b, g\u0259l\u0259c\u0259k n\u0259sill\u0259r\u0259 \u00f6t\u00fcrm\u0259k \u00fcz\u0259r\u0259 \u015f\u0259r\u0259fl\u0259 da\u015f\u0131yan \u015e\u0259ms\u0259ddin Kuz\u0259\u00e7i \u00e7iynind\u0259ki m\u0259n\u0259vi y\u00fck\u00fcn f\u0259rqind\u0259dir. O, sanki bir institutun i\u015fini t\u0259kba\u015f\u0131na g\u00f6rm\u0259k yet\u0259n\u0259yi n\u00fcmayi\u015f etdirir. Do\u011frudan da, h\u0259rd\u0259n heyr\u0259t edirs\u0259n ki, o, bir bu q\u0259d\u0259r m\u0259hsuldarl\u0131\u011f\u0131 v\u0259 \u00e7oxy\u00f6nl\u00fc keyfiyy\u0259tli i\u015fl\u0259ri bir \u00f6mr\u0259 s\u0131\u011fd\u0131rma\u011f\u0131 nec\u0259 bacar\u0131r?.. Bu sual\u0131n cavab\u0131 onun mill\u0259t\u0259 sevdal\u0131 olmas\u0131na, T\u00fcrk d\u00fcnyas\u0131na a\u015fiq olmas\u0131na ba\u011fl\u0131d\u0131r. \u00c7ox \u015fad\u0131q ki, sevdal\u0131l\u0131q, a\u015fiqlik onun timsal\u0131nda h\u0259v\u0259skarl\u0131qda qalmay\u0131b v\u0259 pe\u015f\u0259karl\u0131qla ziddiyy\u0259t deyil, \u00fczvi v\u0259hd\u0259t t\u0259\u015fkil edir.   Biz d\u0259 g\u00f6rd\u00fcy\u00fc i\u015fl\u0259r\u0259 g\u00f6r\u0259 \u015e\u0259ms\u0259ddin Kuz\u0259\u00e7i b\u0259yi t\u0259brik edir, g\u0259l\u0259c\u0259kd\u0259 onu Az\u0259rbaycan\u0131n v\u0259 T\u00fcrk d\u00fcnyas\u0131n\u0131n \u00f6n\u0259mli \u015f\u0259xsiyy\u0259tl\u0259rind\u0259n biri olaraq g\u00f6r\u0259c\u0259yimizi \u00fcmid edirik. <\/p>\n","protected":false},"excerpt":{"rendered":"<p>\u0130raq T\u00fcrkmanlar\u0131n\u0131n s\u00f6z v\u0259 h\u0259qiq\u0259t bayra\u011f\u0131n\u0131 ustadlardan m\u0259suliyy\u0259tl\u0259 al\u0131b, g\u0259l\u0259c\u0259k n\u0259sill\u0259r\u0259 \u00f6t\u00fcrm\u0259k \u00fcz\u0259r\u0259 \u015f\u0259r\u0259fl\u0259 da\u015f\u0131yan \u015e\u0259ms\u0259ddin Kuz\u0259\u00e7i \u00e7iynind\u0259ki m\u0259n\u0259vi y\u00fck\u00fcn f\u0259rqind\u0259dir. O, sanki bir institutun i\u015fini<span class=\"excerpt-hellip\"> [\u2026]<\/span><\/p>\n","protected":false},"featured_media":0,"template":"","meta":{"_monsterinsights_skip_tracking":false,"_monsterinsights_sitenote_active":false,"_monsterinsights_sitenote_note":"","_monsterinsights_sitenote_category":0},"product_brand":[],"product_cat":[12291,104362],"product_tag":[],"class_list":{"0":"post-751490","1":"product","2":"type-product","3":"status-publish","5":"product_cat-edebiyat","6":"product_cat-makale","7":"pa_cilt-ciltsiz","8":"pa_tur-kitap","9":"pa_yayinevi-gulnar-yayinlari","10":"pa_yazar-semseddin-kuzeci","12":"first","13":"instock","14":"sale","15":"shipping-taxable","16":"purchasable","17":"product-type-simple"},"_links":{"self":[{"href":"https:\/\/roveyayinevi.com.tr\/index.php\/wp-json\/wp\/v2\/product\/751490","targetHints":{"allow":["GET"]}}],"collection":[{"href":"https:\/\/roveyayinevi.com.tr\/index.php\/wp-json\/wp\/v2\/product"}],"about":[{"href":"https:\/\/roveyayinevi.com.tr\/index.php\/wp-json\/wp\/v2\/types\/product"}],"wp:attachment":[{"href":"https:\/\/roveyayinevi.com.tr\/index.php\/wp-json\/wp\/v2\/media?parent=751490"}],"wp:term":[{"taxonomy":"product_brand","embeddable":true,"href":"https:\/\/roveyayinevi.com.tr\/index.php\/wp-json\/wp\/v2\/product_brand?post=751490"},{"taxonomy":"product_cat","embeddable":true,"href":"https:\/\/roveyayinevi.com.tr\/index.php\/wp-json\/wp\/v2\/product_cat?post=751490"},{"taxonomy":"product_tag","embeddable":true,"href":"https:\/\/roveyayinevi.com.tr\/index.php\/wp-json\/wp\/v2\/product_tag?post=751490"}],"curies":[{"name":"wp","href":"https:\/\/api.w.org\/{rel}","templated":true}]}}