{"id":751481,"date":"2025-08-28T04:50:17","date_gmt":"2025-08-28T01:50:17","guid":{"rendered":"https:\/\/roveyayinevi.com.tr\/index.php\/urun\/gumus-patenler-6\/"},"modified":"2026-04-16T03:04:47","modified_gmt":"2026-04-16T00:04:47","slug":"gumus-patenler-6","status":"publish","type":"product","link":"https:\/\/roveyayinevi.com.tr\/index.php\/urun\/gumus-patenler-6\/","title":{"rendered":"G\u00fcm\u00fc\u015f Patenler"},"content":{"rendered":"<p>\u0130\u00e7inizi \u0131s\u0131tacak s\u0131ms\u0131cak bir \u00f6yk\u00fc G\u00fcm\u00fc\u015f Patenler. Raff Brinker ge\u00e7irdi\u011fi bir kaza sonucu yaralanm\u0131\u015f ve belle\u011fini yitirmi\u015ftir. Babalar\u0131n\u0131n zor g\u00fcnler i\u00e7in biriktirdi\u011fi alt\u0131nlar\u0131n yerini de kimse bilmiyordur. Bayan Brinker kom\u015fu evlere temizli\u011fe giderek ve yapt\u0131\u011f\u0131 el i\u015flerini satarak kazand\u0131\u011f\u0131 parayla evini ge\u00e7indirmektedir. Zaman su gibi akmaktad\u0131r ve aradan 10 y\u0131l ge\u00e7mi\u015fitir. Hans 15, Gretel ise 12 ya\u015f\u0131ndad\u0131r art\u0131k. \u0130ki karde\u015f, ev i\u015flerinden ve \u00e7al\u0131\u015fmaktan arta kalan zamanlar\u0131nda paten kayarak ge\u00e7irmektedir. Ancak iki karde\u015fin ger\u00e7ek paten almak i\u00e7in paralar\u0131 yoktur ve tahtadan yapt\u0131klar\u0131 patenlerle kaymak da \u00e7ok zordur\u2026 Belediye Ba\u015fkan\u0131,k\u0131z\u0131n\u0131n do\u011fum g\u00fcn\u00fc i\u00e7in bir paten yar\u0131\u015fmas\u0131 organize eder. Acaba Hans ve Gretel, kasabada d\u00fczenlenen ve kazanan yar\u0131\u015fmac\u0131lara g\u00fcm\u00fc\u015f patenler verilecek olan bu yar\u0131\u015fmaya kat\u0131labilecek midir? Babalar\u0131 bir g\u00fcn iyile\u015febilecek midir? \u0130\u00e7inizi \u0131s\u0131tacak s\u0131ms\u0131cak bir \u00f6yk\u00fc G\u00fcm\u00fc\u015f Patenler&#8230; <\/p>\n","protected":false},"excerpt":{"rendered":"<p>\u0130\u00e7inizi \u0131s\u0131tacak s\u0131ms\u0131cak bir \u00f6yk\u00fc G\u00fcm\u00fc\u015f Patenler. Raff Brinker ge\u00e7irdi\u011fi bir kaza sonucu yaralanm\u0131\u015f ve belle\u011fini yitirmi\u015ftir. Babalar\u0131n\u0131n zor g\u00fcnler i\u00e7in biriktirdi\u011fi alt\u0131nlar\u0131n yerini de kimse<span class=\"excerpt-hellip\"> [\u2026]<\/span><\/p>\n","protected":false},"featured_media":0,"template":"","meta":{"_monsterinsights_skip_tracking":false,"_monsterinsights_sitenote_active":false,"_monsterinsights_sitenote_note":"","_monsterinsights_sitenote_category":0},"product_brand":[],"product_cat":[12274],"product_tag":[],"class_list":{"0":"post-751481","1":"product","2":"type-product","3":"status-publish","5":"product_cat-cocuk-ve-genclik-kitaplari","6":"pa_cilt-ciltsiz","7":"pa_tur-kitap","8":"pa_yayinevi-bookalemun-yayinevi","9":"pa_yazar-mary-mapes-dodge","11":"first","12":"instock","13":"sale","14":"shipping-taxable","15":"purchasable","16":"product-type-simple"},"_links":{"self":[{"href":"https:\/\/roveyayinevi.com.tr\/index.php\/wp-json\/wp\/v2\/product\/751481","targetHints":{"allow":["GET"]}}],"collection":[{"href":"https:\/\/roveyayinevi.com.tr\/index.php\/wp-json\/wp\/v2\/product"}],"about":[{"href":"https:\/\/roveyayinevi.com.tr\/index.php\/wp-json\/wp\/v2\/types\/product"}],"wp:attachment":[{"href":"https:\/\/roveyayinevi.com.tr\/index.php\/wp-json\/wp\/v2\/media?parent=751481"}],"wp:term":[{"taxonomy":"product_brand","embeddable":true,"href":"https:\/\/roveyayinevi.com.tr\/index.php\/wp-json\/wp\/v2\/product_brand?post=751481"},{"taxonomy":"product_cat","embeddable":true,"href":"https:\/\/roveyayinevi.com.tr\/index.php\/wp-json\/wp\/v2\/product_cat?post=751481"},{"taxonomy":"product_tag","embeddable":true,"href":"https:\/\/roveyayinevi.com.tr\/index.php\/wp-json\/wp\/v2\/product_tag?post=751481"}],"curies":[{"name":"wp","href":"https:\/\/api.w.org\/{rel}","templated":true}]}}