{"id":751480,"date":"2025-08-28T04:50:16","date_gmt":"2025-08-28T01:50:16","guid":{"rendered":"https:\/\/roveyayinevi.com.tr\/index.php\/urun\/anaakim-cokerken-alternatif-medyanin-elestirisi\/"},"modified":"2026-04-16T03:04:47","modified_gmt":"2026-04-16T00:04:47","slug":"anaakim-cokerken-alternatif-medyanin-elestirisi","status":"publish","type":"product","link":"https:\/\/roveyayinevi.com.tr\/index.php\/urun\/anaakim-cokerken-alternatif-medyanin-elestirisi\/","title":{"rendered":"Anaak\u0131m \u00c7\u00f6kerken Alternatif Medyan\u0131n Ele\u015ftirisi"},"content":{"rendered":"<p>AKP, 2002 y\u0131l\u0131nda iktidar oldu\u011fundan beri T\u00fcrkiye\u2019deki medya alan\u0131n\u0131 yeniden d\u00fczenlemeye ba\u015flad\u0131. Bu yeniden d\u00fczenleme s\u00fcreci 2011 y\u0131l\u0131ndan itibaren h\u0131zland\u0131 ve radikalle\u015fti. 90\u2019lar\u0131n \u0130slamc\u0131-muhafazak\u00e2r medyas\u0131n\u0131n g\u00fc\u00e7lendirildi\u011fi, ana ak\u0131mda yer alan medya kurulu\u015flar\u0131n\u0131n b\u00fcy\u00fck oranda el de\u011fi\u015ftirdi\u011fi, bu kurulu\u015flarda \u00e7al\u0131\u015fan gazetecilerin kitlesel olarak i\u015ften \u00e7\u0131kart\u0131ld\u0131\u011f\u0131 ve gazetecili\u011fe y\u00f6nelik bask\u0131lar\u0131n artt\u0131\u011f\u0131 bu d\u00fczenleme s\u00fcreci, keskin bir d\u00f6n\u00fc\u015f\u00fcme yol a\u00e7t\u0131. Bu d\u00f6n\u00fc\u015f\u00fcm s\u00fcrecinin sonunda medya alan\u0131, \u201ciktidar yanl\u0131s\u0131\u201d ve \u201cmuhalif\u201d olarak adland\u0131r\u0131lan iki temel kampa b\u00f6l\u00fcnm\u00fc\u015ft\u00fcr.   Yeni medya d\u00fczeninin \u00e7ok k\u00fc\u00e7\u00fck bir k\u0131sm\u0131n\u0131 olu\u015fturan ve \u201cmuhalif medya\u201d olarak an\u0131lan medya kurulu\u015flar\u0131, d\u00f6nemin \u015fartlar\u0131 ve maddi imk\u00e2ns\u0131zl\u0131klar nedeniyle, \u00f6zelikle internetin olanaklar\u0131ndan yararlanmaya \u00e7al\u0131\u015ft\u0131. Bu imk\u00e2ns\u0131zl\u0131klar\u0131n mecbur k\u0131ld\u0131\u011f\u0131 \u00e7abalar\u0131n yaratt\u0131\u011f\u0131 paradoksal imk\u00e2nlar alternatif medya, radikal medya, yurtta\u015f gazetecili\u011fi gibi medya modellerinin \u00f6rneklerinin \u00e7o\u011falmas\u0131n\u0131 sa\u011flad\u0131. T\u00fcrkiye \u00f6zelinde gazetecili\u011fin ya\u015fad\u0131\u011f\u0131 ekonomik ve siyasi kriz, yeni modellerin ve giri\u015fimlerin do\u011fu\u015funu h\u0131zland\u0131rd\u0131.   Bu kitapta, 2010\u2019lu y\u0131llarda kapsam\u0131 ve etkisi artan alternatif gazetecilik aray\u0131\u015flar\u0131n\u0131n, mesleki, etik, iktisadi ve politik ele\u015ftirisini hedefleyen yaz\u0131lar bir araya getirildi. Gazetecilik ve medya \u00e7al\u0131\u015fmalar\u0131 a\u00e7\u0131s\u0131ndan \u00f6zg\u00fcl bir d\u00f6nemi temsil eden bu y\u0131llar, akademik ele\u015ftirinin konusu olmay\u0131 fazlas\u0131yla hak ediyor.   Anaak\u0131m medyan\u0131n ele\u015ftirisi yap\u0131l\u0131rken, ana ak\u0131m\u0131n \u00e7\u00f6k\u00fc\u015f\u00fcyle ortaya \u00e7\u0131kan bo\u015flu\u011fu doldurma misyonunu bir zorunluluk olarak \u00fcstlenen gelenekseliyle dijitaliyle alternatif medya alan\u0131n\u0131n yeterince ele\u015ftirilmedi\u011fi g\u00f6r\u00fcl\u00fcyor. \u0130\u015fte bu bo\u015flu\u011fu m\u00fctevaz\u0131 bir katk\u0131yla doldurmak amac\u0131 g\u00fcden elinizdeki kitap, gazetecili\u011fin b\u00fcy\u00fck bir kriz ya\u015fad\u0131\u011f\u0131 ve bu krizden \u00e7\u0131k\u0131\u015f\u0131n yollar\u0131n\u0131 yeni y\u00f6ntemler \u00fczerinden bulmaya \u00e7al\u0131\u015ft\u0131\u011f\u0131 bu d\u00f6nemin akademik bir ele\u015ftirisini yapmay\u0131 hedefliyor. Bu hedef yerine getirilirken, anaak\u0131m medya ve gazetecili\u011fin yan\u0131 s\u0131ra, alternatif kavram\u0131n\u0131n kendisi de nesnel bir mesafeyle sorgulan\u0131yor. <\/p>\n","protected":false},"excerpt":{"rendered":"<p>AKP, 2002 y\u0131l\u0131nda iktidar oldu\u011fundan beri T\u00fcrkiye\u2019deki medya alan\u0131n\u0131 yeniden d\u00fczenlemeye ba\u015flad\u0131. Bu yeniden d\u00fczenleme s\u00fcreci 2011 y\u0131l\u0131ndan itibaren h\u0131zland\u0131 ve radikalle\u015fti. 90\u2019lar\u0131n \u0130slamc\u0131-muhafazak\u00e2r medyas\u0131n\u0131n g\u00fc\u00e7lendirildi\u011fi,<span class=\"excerpt-hellip\"> [\u2026]<\/span><\/p>\n","protected":false},"featured_media":0,"template":"","meta":{"_monsterinsights_skip_tracking":false,"_monsterinsights_sitenote_active":false,"_monsterinsights_sitenote_note":"","_monsterinsights_sitenote_category":0},"product_brand":[],"product_cat":[15983,13488],"product_tag":[],"class_list":{"0":"post-751480","1":"product","2":"type-product","3":"status-publish","5":"product_cat-iletisim-ve-medya","6":"product_cat-toplum-ve-insan","7":"pa_cilt-ciltsiz","8":"pa_tur-kitap","9":"pa_yayinevi-umag-yayinevi","10":"pa_yazar-vahdet-mesut-ayan-emre-tansu-keten","12":"first","13":"instock","14":"sale","15":"shipping-taxable","16":"purchasable","17":"product-type-simple"},"_links":{"self":[{"href":"https:\/\/roveyayinevi.com.tr\/index.php\/wp-json\/wp\/v2\/product\/751480","targetHints":{"allow":["GET"]}}],"collection":[{"href":"https:\/\/roveyayinevi.com.tr\/index.php\/wp-json\/wp\/v2\/product"}],"about":[{"href":"https:\/\/roveyayinevi.com.tr\/index.php\/wp-json\/wp\/v2\/types\/product"}],"wp:attachment":[{"href":"https:\/\/roveyayinevi.com.tr\/index.php\/wp-json\/wp\/v2\/media?parent=751480"}],"wp:term":[{"taxonomy":"product_brand","embeddable":true,"href":"https:\/\/roveyayinevi.com.tr\/index.php\/wp-json\/wp\/v2\/product_brand?post=751480"},{"taxonomy":"product_cat","embeddable":true,"href":"https:\/\/roveyayinevi.com.tr\/index.php\/wp-json\/wp\/v2\/product_cat?post=751480"},{"taxonomy":"product_tag","embeddable":true,"href":"https:\/\/roveyayinevi.com.tr\/index.php\/wp-json\/wp\/v2\/product_tag?post=751480"}],"curies":[{"name":"wp","href":"https:\/\/api.w.org\/{rel}","templated":true}]}}