{"id":751479,"date":"2025-08-28T04:50:14","date_gmt":"2025-08-28T01:50:14","guid":{"rendered":"https:\/\/roveyayinevi.com.tr\/index.php\/urun\/kaiju-no-8-8-nolu-canavar-1-somizli\/"},"modified":"2026-04-16T03:04:47","modified_gmt":"2026-04-16T00:04:47","slug":"kaiju-no-8-8-nolu-canavar-1-somizli","status":"publish","type":"product","link":"https:\/\/roveyayinevi.com.tr\/index.php\/urun\/kaiju-no-8-8-nolu-canavar-1-somizli\/","title":{"rendered":"Kaiju No: 8 &#8211; 8 No\u2019lu Canavar 1 (\u015e\u00f6mizli)"},"content":{"rendered":"<p>D\u00fcnyada canavarlar\u0131n en s\u0131k g\u00f6r\u00fcld\u00fc\u011f\u00fc \u00fclkelerden biri olan Japonya\u2019da ya\u015fayanlar, canavarlar\u0131n d\u00fczenli olarak devam eden ac\u0131mas\u0131z sald\u0131r\u0131lar\u0131 alt\u0131nda g\u00fcnl\u00fck hayat\u0131 s\u00fcrd\u00fcrmeye \u00e7abal\u0131yor. Bir zamanlar Savunma Kuvvetlerine \u00fcye olmak isteyen Kafka Hibino, \u015fimdi canavarlar konusunda uzmanla\u015fm\u0131\u015f bir temizlik i\u015finde \u00e7al\u0131\u015fmaktad\u0131r. Kafka, bir g\u00fcn gizemli bir yarat\u0131k taraf\u0131ndan bir canavara d\u00f6n\u00fc\u015ft\u00fcr\u00fcl\u00fcr ve canavarlara boyun e\u011fdirmekten sorumlu olan Japon Savunma Kuvvetleri taraf\u0131ndan \u201c8 nolu Canavar\u201d kod ad\u0131yla an\u0131lmaya ba\u015flar.<\/p>\n","protected":false},"excerpt":{"rendered":"<p>D\u00fcnyada canavarlar\u0131n en s\u0131k g\u00f6r\u00fcld\u00fc\u011f\u00fc \u00fclkelerden biri olan Japonya\u2019da ya\u015fayanlar, canavarlar\u0131n d\u00fczenli olarak devam eden ac\u0131mas\u0131z sald\u0131r\u0131lar\u0131 alt\u0131nda g\u00fcnl\u00fck hayat\u0131 s\u00fcrd\u00fcrmeye \u00e7abal\u0131yor. Bir zamanlar Savunma Kuvvetlerine<span class=\"excerpt-hellip\"> [\u2026]<\/span><\/p>\n","protected":false},"featured_media":0,"template":"","meta":{"_monsterinsights_skip_tracking":false,"_monsterinsights_sitenote_active":false,"_monsterinsights_sitenote_note":"","_monsterinsights_sitenote_category":0},"product_brand":[],"product_cat":[12416,12291],"product_tag":[],"class_list":{"0":"post-751479","1":"product","2":"type-product","3":"status-publish","5":"product_cat-cizgi-roman","6":"product_cat-edebiyat","7":"pa_cilt-ciltsiz","8":"pa_tur-kitap","9":"pa_yayinevi-kurukafa","10":"pa_yazar-naoya-matsumoto","12":"first","13":"instock","14":"sale","15":"shipping-taxable","16":"purchasable","17":"product-type-simple"},"_links":{"self":[{"href":"https:\/\/roveyayinevi.com.tr\/index.php\/wp-json\/wp\/v2\/product\/751479","targetHints":{"allow":["GET"]}}],"collection":[{"href":"https:\/\/roveyayinevi.com.tr\/index.php\/wp-json\/wp\/v2\/product"}],"about":[{"href":"https:\/\/roveyayinevi.com.tr\/index.php\/wp-json\/wp\/v2\/types\/product"}],"wp:attachment":[{"href":"https:\/\/roveyayinevi.com.tr\/index.php\/wp-json\/wp\/v2\/media?parent=751479"}],"wp:term":[{"taxonomy":"product_brand","embeddable":true,"href":"https:\/\/roveyayinevi.com.tr\/index.php\/wp-json\/wp\/v2\/product_brand?post=751479"},{"taxonomy":"product_cat","embeddable":true,"href":"https:\/\/roveyayinevi.com.tr\/index.php\/wp-json\/wp\/v2\/product_cat?post=751479"},{"taxonomy":"product_tag","embeddable":true,"href":"https:\/\/roveyayinevi.com.tr\/index.php\/wp-json\/wp\/v2\/product_tag?post=751479"}],"curies":[{"name":"wp","href":"https:\/\/api.w.org\/{rel}","templated":true}]}}