{"id":751477,"date":"2025-08-28T04:50:11","date_gmt":"2025-08-28T01:50:11","guid":{"rendered":"https:\/\/roveyayinevi.com.tr\/index.php\/urun\/denizler-altinda-yirmi-bin-fersah-8\/"},"modified":"2026-04-16T03:04:47","modified_gmt":"2026-04-16T00:04:47","slug":"denizler-altinda-yirmi-bin-fersah-8","status":"publish","type":"product","link":"https:\/\/roveyayinevi.com.tr\/index.php\/urun\/denizler-altinda-yirmi-bin-fersah-8\/","title":{"rendered":"Denizler Alt\u0131nda Yirmi Bin Fersah"},"content":{"rendered":"<p>Jules Verne&#8217;nin 1870 y\u0131l\u0131nda kaleme ald\u0131\u011f\u0131 Denizler Alt\u0131nda Yirmi Bin Fersah, yazar\u0131n deniz maceras\u0131 konulu kitaplardan biridir. Okyanusta seyir halindeki gemilere sald\u0131ran ve batmalar\u0131na neden olan gizemli bir deniz yarat\u0131\u011f\u0131n\u0131n varl\u0131\u011f\u0131ndan \u015f\u00fcphelenen bir grup bilim insan\u0131n\u0131n bu yarat\u0131\u011f\u0131 ara\u015ft\u0131rmak i\u00e7in \u00e7\u0131kt\u0131klar\u0131 yolculukla ba\u015fl\u0131yor kitap. Gemilerin batmas\u0131na neden olan bu nesne nedir ve denizler alt\u0131nda \u00e7\u0131kacaklar\u0131 uzun yolculukta onlar\u0131 hangi maceralar beklemektedir? <\/p>\n","protected":false},"excerpt":{"rendered":"<p>Jules Verne&#8217;nin 1870 y\u0131l\u0131nda kaleme ald\u0131\u011f\u0131 Denizler Alt\u0131nda Yirmi Bin Fersah, yazar\u0131n deniz maceras\u0131 konulu kitaplardan biridir. Okyanusta seyir halindeki gemilere sald\u0131ran ve batmalar\u0131na neden olan<span class=\"excerpt-hellip\"> [\u2026]<\/span><\/p>\n","protected":false},"featured_media":0,"template":"","meta":{"_monsterinsights_skip_tracking":false,"_monsterinsights_sitenote_active":false,"_monsterinsights_sitenote_note":"","_monsterinsights_sitenote_category":0},"product_brand":[],"product_cat":[12274],"product_tag":[],"class_list":{"0":"post-751477","1":"product","2":"type-product","3":"status-publish","5":"product_cat-cocuk-ve-genclik-kitaplari","6":"pa_cilt-ciltsiz","7":"pa_tur-kitap","8":"pa_yayinevi-bookalemun-yayinevi","9":"pa_yazar-jules-verne","11":"first","12":"instock","13":"sale","14":"shipping-taxable","15":"purchasable","16":"product-type-simple"},"_links":{"self":[{"href":"https:\/\/roveyayinevi.com.tr\/index.php\/wp-json\/wp\/v2\/product\/751477","targetHints":{"allow":["GET"]}}],"collection":[{"href":"https:\/\/roveyayinevi.com.tr\/index.php\/wp-json\/wp\/v2\/product"}],"about":[{"href":"https:\/\/roveyayinevi.com.tr\/index.php\/wp-json\/wp\/v2\/types\/product"}],"wp:attachment":[{"href":"https:\/\/roveyayinevi.com.tr\/index.php\/wp-json\/wp\/v2\/media?parent=751477"}],"wp:term":[{"taxonomy":"product_brand","embeddable":true,"href":"https:\/\/roveyayinevi.com.tr\/index.php\/wp-json\/wp\/v2\/product_brand?post=751477"},{"taxonomy":"product_cat","embeddable":true,"href":"https:\/\/roveyayinevi.com.tr\/index.php\/wp-json\/wp\/v2\/product_cat?post=751477"},{"taxonomy":"product_tag","embeddable":true,"href":"https:\/\/roveyayinevi.com.tr\/index.php\/wp-json\/wp\/v2\/product_tag?post=751477"}],"curies":[{"name":"wp","href":"https:\/\/api.w.org\/{rel}","templated":true}]}}