{"id":751475,"date":"2025-08-28T04:50:07","date_gmt":"2025-08-28T01:50:07","guid":{"rendered":"https:\/\/roveyayinevi.com.tr\/index.php\/urun\/cocuk-kalbi-15\/"},"modified":"2026-04-16T03:04:47","modified_gmt":"2026-04-16T00:04:47","slug":"cocuk-kalbi-15","status":"publish","type":"product","link":"https:\/\/roveyayinevi.com.tr\/index.php\/urun\/cocuk-kalbi-15\/","title":{"rendered":"\u00c7ocuk Kalbi"},"content":{"rendered":"<p>\u00dcnl\u00fc \u0130talyan Yazar Edmondo de Amicis taraf\u0131ndan 1886 y\u0131l\u0131nda tamamlanm\u0131\u015f olan \u00c7ocuk Kalbi, yazar\u0131n kendi o\u011flunun g\u00fcnl\u00fc\u011f\u00fcnden esinlenerek yaz\u0131lm\u0131\u015f ve d\u00fcnyadaki hemen hemen t\u00fcm dillere \u00e7evrilmi\u015ftir. Yaz\u0131n bitmesiyle yeni okulunda 3. s\u0131n\u0131fa ba\u015flayan Enrico, sava\u015f sonras\u0131 \u0130talya\u2019n\u0131n yoksul ve s\u0131k\u0131nt\u0131l\u0131 bir d\u00f6nemine yazd\u0131\u011f\u0131 g\u00fcnl\u00fckle \u0131\u015f\u0131k tutmaktad\u0131r. Enrico bu g\u00fcnl\u00fc\u011fe ya\u015fad\u0131klar\u0131n\u0131 ve g\u00f6zlemlediklerini g\u00fcnden g\u00fcne kaydetmi\u015ftir. Kitap d\u00fcr\u00fcstl\u00fck, \u00e7al\u0131\u015fman\u0131n g\u00fcc\u00fc, ahlak, vatan sevgisi ve dostluk \u00fczerine dersler verip, bu de\u011ferleri \u00e7ocuklara \u00e7ocuklar\u0131n diliyle anlatmaktad\u0131r. Sayg\u0131l\u0131, erdemli ve vicdanl\u0131 bir birey yeti\u015ftirmek isteyen her anne baba bu kitab\u0131 \u00e7ocu\u011funa okutmal\u0131, okumal\u0131d\u0131r! <\/p>\n","protected":false},"excerpt":{"rendered":"<p>\u00dcnl\u00fc \u0130talyan Yazar Edmondo de Amicis taraf\u0131ndan 1886 y\u0131l\u0131nda tamamlanm\u0131\u015f olan \u00c7ocuk Kalbi, yazar\u0131n kendi o\u011flunun g\u00fcnl\u00fc\u011f\u00fcnden esinlenerek yaz\u0131lm\u0131\u015f ve d\u00fcnyadaki hemen hemen t\u00fcm dillere \u00e7evrilmi\u015ftir.<span class=\"excerpt-hellip\"> [\u2026]<\/span><\/p>\n","protected":false},"featured_media":0,"template":"","meta":{"_monsterinsights_skip_tracking":false,"_monsterinsights_sitenote_active":false,"_monsterinsights_sitenote_note":"","_monsterinsights_sitenote_category":0},"product_brand":[],"product_cat":[12274],"product_tag":[],"class_list":{"0":"post-751475","1":"product","2":"type-product","3":"status-publish","5":"product_cat-cocuk-ve-genclik-kitaplari","6":"pa_cilt-ciltsiz","7":"pa_tur-kitap","8":"pa_yayinevi-bookalemun-yayinevi","9":"pa_yazar-edmondo-de-amicis","11":"first","12":"instock","13":"sale","14":"shipping-taxable","15":"purchasable","16":"product-type-simple"},"_links":{"self":[{"href":"https:\/\/roveyayinevi.com.tr\/index.php\/wp-json\/wp\/v2\/product\/751475","targetHints":{"allow":["GET"]}}],"collection":[{"href":"https:\/\/roveyayinevi.com.tr\/index.php\/wp-json\/wp\/v2\/product"}],"about":[{"href":"https:\/\/roveyayinevi.com.tr\/index.php\/wp-json\/wp\/v2\/types\/product"}],"wp:attachment":[{"href":"https:\/\/roveyayinevi.com.tr\/index.php\/wp-json\/wp\/v2\/media?parent=751475"}],"wp:term":[{"taxonomy":"product_brand","embeddable":true,"href":"https:\/\/roveyayinevi.com.tr\/index.php\/wp-json\/wp\/v2\/product_brand?post=751475"},{"taxonomy":"product_cat","embeddable":true,"href":"https:\/\/roveyayinevi.com.tr\/index.php\/wp-json\/wp\/v2\/product_cat?post=751475"},{"taxonomy":"product_tag","embeddable":true,"href":"https:\/\/roveyayinevi.com.tr\/index.php\/wp-json\/wp\/v2\/product_tag?post=751475"}],"curies":[{"name":"wp","href":"https:\/\/api.w.org\/{rel}","templated":true}]}}