{"id":751471,"date":"2025-08-28T04:50:00","date_gmt":"2025-08-28T01:50:00","guid":{"rendered":"https:\/\/roveyayinevi.com.tr\/index.php\/urun\/brrr-dinozorlar-orgu-ormez-ciltli\/"},"modified":"2026-04-08T03:11:33","modified_gmt":"2026-04-08T00:11:33","slug":"brrr-dinozorlar-orgu-ormez-ciltli","status":"publish","type":"product","link":"https:\/\/roveyayinevi.com.tr\/index.php\/urun\/brrr-dinozorlar-orgu-ormez-ciltli\/","title":{"rendered":"Brrr! Dinozorlar \u00d6rg\u00fc \u00d6rmez (Ciltli)"},"content":{"rendered":"<p>Dinozorlara ASLINDA ne oldu? Hepsi nereye kayboldu? Cevab\u0131 bu kitapta!   BRRR! BUZ DEVR\u0130 YAKLA\u015eIYOR, HAVA G\u0130TT\u0130K\u00c7E SO\u011eUYOR VE D\u0130NOZORLAR SO\u011eUKTAN T\u0130RRR T\u0130RRR T\u0130TR\u0130YOR.   Onlar\u0131 bir tek \u015fey \u0131s\u0131tabilir&#8230; Y\u00dcN KAZAKLAR! Peki ama kazaklar\u0131 kim \u00f6recek? Dinozorlar \u00f6rg\u00fc \u00f6rmez, de\u011fil mi? <\/p>\n","protected":false},"excerpt":{"rendered":"<p>Dinozorlara ASLINDA ne oldu? Hepsi nereye kayboldu? Cevab\u0131 bu kitapta! BRRR! BUZ DEVR\u0130 YAKLA\u015eIYOR, HAVA G\u0130TT\u0130K\u00c7E SO\u011eUYOR VE D\u0130NOZORLAR SO\u011eUKTAN T\u0130RRR T\u0130RRR T\u0130TR\u0130YOR. Onlar\u0131 bir tek<span class=\"excerpt-hellip\"> [\u2026]<\/span><\/p>\n","protected":false},"featured_media":0,"template":"","meta":{"_monsterinsights_skip_tracking":false,"_monsterinsights_sitenote_active":false,"_monsterinsights_sitenote_note":"","_monsterinsights_sitenote_category":0},"product_brand":[],"product_cat":[12274,12284],"product_tag":[],"class_list":{"0":"post-751471","1":"product","2":"type-product","3":"status-publish","5":"product_cat-cocuk-ve-genclik-kitaplari","6":"product_cat-hikayeler","7":"pa_cilt-ciltli","8":"pa_tur-kitap","9":"pa_yayinevi-beyaz-balina-yayinlari","10":"pa_yazar-kes-gray","12":"first","13":"instock","14":"sale","15":"shipping-taxable","16":"purchasable","17":"product-type-simple"},"_links":{"self":[{"href":"https:\/\/roveyayinevi.com.tr\/index.php\/wp-json\/wp\/v2\/product\/751471","targetHints":{"allow":["GET"]}}],"collection":[{"href":"https:\/\/roveyayinevi.com.tr\/index.php\/wp-json\/wp\/v2\/product"}],"about":[{"href":"https:\/\/roveyayinevi.com.tr\/index.php\/wp-json\/wp\/v2\/types\/product"}],"wp:attachment":[{"href":"https:\/\/roveyayinevi.com.tr\/index.php\/wp-json\/wp\/v2\/media?parent=751471"}],"wp:term":[{"taxonomy":"product_brand","embeddable":true,"href":"https:\/\/roveyayinevi.com.tr\/index.php\/wp-json\/wp\/v2\/product_brand?post=751471"},{"taxonomy":"product_cat","embeddable":true,"href":"https:\/\/roveyayinevi.com.tr\/index.php\/wp-json\/wp\/v2\/product_cat?post=751471"},{"taxonomy":"product_tag","embeddable":true,"href":"https:\/\/roveyayinevi.com.tr\/index.php\/wp-json\/wp\/v2\/product_tag?post=751471"}],"curies":[{"name":"wp","href":"https:\/\/api.w.org\/{rel}","templated":true}]}}