{"id":751465,"date":"2025-08-28T04:49:52","date_gmt":"2025-08-28T01:49:52","guid":{"rendered":"https:\/\/roveyayinevi.com.tr\/index.php\/urun\/devlet-adami-2\/"},"modified":"2026-04-16T03:04:46","modified_gmt":"2026-04-16T00:04:46","slug":"devlet-adami-2","status":"publish","type":"product","link":"https:\/\/roveyayinevi.com.tr\/index.php\/urun\/devlet-adami-2\/","title":{"rendered":"Devlet Adam\u0131"},"content":{"rendered":"<p>Platon epistemoloji (bilgi kuram\u0131) ve ontolojiden (varl\u0131k bilimi) etik ve esteti\u011fe kadar felsefenin pek \u00e7ok alan\u0131nda eserler vermi\u015f bir d\u00fc\u015f\u00fcn\u00fcr olsa da bir\u00e7ok uzmana g\u00f6re her \u015feyden \u00f6nce bir siyaset d\u00fc\u015f\u00fcn\u00fcr\u00fc idi. Platon\u2019un otuzdan fazla diyalogdan olu\u015fan k\u00fclliyat\u0131nda \u00fc\u00e7 eser bilhassa siyaset felsefesi alan\u0131na odaklanm\u0131\u015f olmas\u0131yla \u00f6n plana \u00e7\u0131kmaktad\u0131r. Bu eserler kronolojik s\u0131raya g\u00f6re, Devlet (Politeia), Devlet Adam\u0131 (Politikos) ve Yasalar\u2019d\u0131r (Nomoi). Ba\u015fl\u0131\u011f\u0131ndan da anla\u015f\u0131laca\u011f\u0131 \u00fczere, Devlet Adam\u0131 isimli diyalogda devleti ve toplumu adil bir \u015fekilde y\u00f6netecek olan devlet adam\u0131 fig\u00fcr\u00fcn\u00fcn neli\u011fi \u00fczerine bir tart\u0131\u015fma y\u00fcr\u00fct\u00fclmektedir. Atina d\u0131\u015f\u0131ndan gelen bir yabanc\u0131 ile Gen\u00e7 Sokrates  aras\u0131nda ge\u00e7en tart\u0131\u015fmada ger\u00e7ek devlet adam\u0131n\u0131n yaln\u0131zca hakiki bilgiye sahip ki\u015fi olabilece\u011fi ve sadece yasalara dayanan bir y\u00f6netimin ancak ge\u00e7ici bir \u00e7\u00f6z\u00fcm olabilece\u011fi sonu\u00e7lar\u0131na var\u0131l\u0131r. Bilgi olmadan erdemli insanlar\u0131n ve adil toplumun tesis edilemeyece\u011fi fikri \u015f\u00fcphesiz Platon\u2019un felsefeye yapt\u0131\u011f\u0131 en b\u00fcy\u00fck katk\u0131lardan biridir. Platon sofist, devlet adam\u0131 ve filozof \u00fczerine bir \u00fc\u00e7leme kaleme almak istese de bu \u00fc\u00e7lemenin yaln\u0131zca ilk iki eseri olan Sofist ve Devlet Adam\u0131 diyaloglar\u0131 elimizde bulunmaktad\u0131r. <\/p>\n","protected":false},"excerpt":{"rendered":"<p>Platon epistemoloji (bilgi kuram\u0131) ve ontolojiden (varl\u0131k bilimi) etik ve esteti\u011fe kadar felsefenin pek \u00e7ok alan\u0131nda eserler vermi\u015f bir d\u00fc\u015f\u00fcn\u00fcr olsa da bir\u00e7ok uzmana g\u00f6re her<span class=\"excerpt-hellip\"> [\u2026]<\/span><\/p>\n","protected":false},"featured_media":0,"template":"","meta":{"_monsterinsights_skip_tracking":false,"_monsterinsights_sitenote_active":false,"_monsterinsights_sitenote_note":"","_monsterinsights_sitenote_category":0},"product_brand":[],"product_cat":[12388],"product_tag":[],"class_list":{"0":"post-751465","1":"product","2":"type-product","3":"status-publish","5":"product_cat-felsefe","6":"pa_cilt-ciltsiz","7":"pa_tur-kitap","8":"pa_yayinevi-dogu-bati-yayinlari","9":"pa_yazar-platon","11":"first","12":"instock","13":"sale","14":"shipping-taxable","15":"purchasable","16":"product-type-simple"},"_links":{"self":[{"href":"https:\/\/roveyayinevi.com.tr\/index.php\/wp-json\/wp\/v2\/product\/751465","targetHints":{"allow":["GET"]}}],"collection":[{"href":"https:\/\/roveyayinevi.com.tr\/index.php\/wp-json\/wp\/v2\/product"}],"about":[{"href":"https:\/\/roveyayinevi.com.tr\/index.php\/wp-json\/wp\/v2\/types\/product"}],"wp:attachment":[{"href":"https:\/\/roveyayinevi.com.tr\/index.php\/wp-json\/wp\/v2\/media?parent=751465"}],"wp:term":[{"taxonomy":"product_brand","embeddable":true,"href":"https:\/\/roveyayinevi.com.tr\/index.php\/wp-json\/wp\/v2\/product_brand?post=751465"},{"taxonomy":"product_cat","embeddable":true,"href":"https:\/\/roveyayinevi.com.tr\/index.php\/wp-json\/wp\/v2\/product_cat?post=751465"},{"taxonomy":"product_tag","embeddable":true,"href":"https:\/\/roveyayinevi.com.tr\/index.php\/wp-json\/wp\/v2\/product_tag?post=751465"}],"curies":[{"name":"wp","href":"https:\/\/api.w.org\/{rel}","templated":true}]}}