{"id":751464,"date":"2025-08-28T04:49:51","date_gmt":"2025-08-28T01:49:51","guid":{"rendered":"https:\/\/roveyayinevi.com.tr\/index.php\/urun\/bicim-ve-icerik\/"},"modified":"2026-04-16T03:04:46","modified_gmt":"2026-04-16T00:04:46","slug":"bicim-ve-icerik","status":"publish","type":"product","link":"https:\/\/roveyayinevi.com.tr\/index.php\/urun\/bicim-ve-icerik\/","title":{"rendered":"Bi\u00e7im ve \u0130\u00e7erik"},"content":{"rendered":"<p>19. y\u00fczy\u0131l\u0131n son \u00e7eyre\u011fine do\u011fru \u00f6zellikle bilimlerde kaydedilen d\u00fc\u015f\u00fcnsel ve teknik geli\u015fmeler evren ya da do\u011fa hakk\u0131ndaki ak\u0131l y\u00fcr\u00fctmelerde b\u00fcy\u00fck de\u011fi\u015fimlere neden olmu\u015ftur. Schlick bizzat bu de\u011fi\u015fimlerin d\u00f6n\u00fcm noktas\u0131nda ya\u015fam\u0131\u015f bir d\u00fc\u015f\u00fcn\u00fcrd\u00fcr. Matematik\u00e7i ve fizik\u00e7i olman\u0131n getirdi\u011fi bir zihinle g\u00fcncel tasavvurlar\u0131 da g\u00f6z \u00f6n\u00fcnde bulundurarak varl\u0131k ve dil hakk\u0131nda yeni anlay\u0131\u015flar geli\u015ftirmeye \u00e7al\u0131\u015fm\u0131\u015f, yeni bir bilgi anlay\u0131\u015f\u0131 in\u015fa etmeye giri\u015fmi\u015ftir. Bunu kendi d\u00f6nemindeki bilimsel \u00e7al\u0131\u015fmalar\u0131 ve kavramlar\u0131, ge\u00e7mi\u015f d\u00f6nemlerdeki \u00e7al\u0131\u015fmalarla ve kavramlarla k\u0131yaslayarak yapmaya \u00e7al\u0131\u015fm\u0131\u015ft\u0131r.   Viyana \u00c7evresi\u2019nin kurucu fig\u00fcrlerinden olan Schlick, epistemolojisinin en berrak anlat\u0131s\u0131n\u0131 sundu\u011fu bu eserinde bilgi sorununa, dilin \u00f6l\u00e7\u00fctlerine ve s\u0131n\u0131rlar\u0131na odaklanarak dilin, ger\u00e7eklikle kurdu\u011fu ili\u015fkide, ne\u2019li\u011fini, do\u011fas\u0131n\u0131 ve ge\u00e7erlili\u011fini soru\u015fturuyor. Dil nedir? Anlam nedir? Bilme ve bilgi nedir? Geleneksel metafizi\u011fin s\u00f6zde problemleri ve sorular\u0131 nelerdir? Bilginin do\u011frulanmas\u0131 ve ge\u00e7erlili\u011fi nas\u0131l sa\u011flan\u0131r? Felsefe nedir ve bilimle olan ili\u015fkisi nedir, vb. sorulara yan\u0131tlar ar\u0131yor. Bilginin temellerine ili\u015fkin ak\u0131l y\u00fcr\u00fctmeleri de\u011ferlendirerek, bir b\u00fct\u00fcn olarak epistemoloji i\u00e7in yeni sonu\u00e7lar \u00e7\u0131kararak, mant\u0131ksal ve dilbilimsel ara\u00e7larla bilim ve felsefe ile felsefe ve metafizik aras\u0131ndaki s\u0131n\u0131r\u0131 \u00e7izmeyi \u00fcstleniyor. Geleneksel felsefenin idealist ve mutlak\u00e7\u0131 statik \u015femalar\u0131n\u0131n d\u0131\u015f\u0131nda de\u011fi\u015fime ve yeniye a\u00e7\u0131k, dinamik bir bak\u0131\u015f a\u00e7\u0131s\u0131 ortaya koyuyor. Bu ba\u011flamda Schlick\u2019in felsefesinin doktriner de\u011fil, Wittgensteinc\u0131 anlamda bir etkinlik-olarak-felsefeye d\u00f6n\u00fc\u015ft\u00fc\u011f\u00fc g\u00f6r\u00fcl\u00fcyor. <\/p>\n","protected":false},"excerpt":{"rendered":"<p>19. y\u00fczy\u0131l\u0131n son \u00e7eyre\u011fine do\u011fru \u00f6zellikle bilimlerde kaydedilen d\u00fc\u015f\u00fcnsel ve teknik geli\u015fmeler evren ya da do\u011fa hakk\u0131ndaki ak\u0131l y\u00fcr\u00fctmelerde b\u00fcy\u00fck de\u011fi\u015fimlere neden olmu\u015ftur. Schlick bizzat bu<span class=\"excerpt-hellip\"> [\u2026]<\/span><\/p>\n","protected":false},"featured_media":0,"template":"","meta":{"_monsterinsights_skip_tracking":false,"_monsterinsights_sitenote_active":false,"_monsterinsights_sitenote_note":"","_monsterinsights_sitenote_category":0},"product_brand":[],"product_cat":[12388],"product_tag":[],"class_list":{"0":"post-751464","1":"product","2":"type-product","3":"status-publish","5":"product_cat-felsefe","6":"pa_cilt-ciltsiz","7":"pa_tur-kitap","8":"pa_yayinevi-dogu-bati-yayinlari","9":"pa_yazar-moritz-schlick","11":"first","12":"instock","13":"sale","14":"shipping-taxable","15":"purchasable","16":"product-type-simple"},"_links":{"self":[{"href":"https:\/\/roveyayinevi.com.tr\/index.php\/wp-json\/wp\/v2\/product\/751464","targetHints":{"allow":["GET"]}}],"collection":[{"href":"https:\/\/roveyayinevi.com.tr\/index.php\/wp-json\/wp\/v2\/product"}],"about":[{"href":"https:\/\/roveyayinevi.com.tr\/index.php\/wp-json\/wp\/v2\/types\/product"}],"wp:attachment":[{"href":"https:\/\/roveyayinevi.com.tr\/index.php\/wp-json\/wp\/v2\/media?parent=751464"}],"wp:term":[{"taxonomy":"product_brand","embeddable":true,"href":"https:\/\/roveyayinevi.com.tr\/index.php\/wp-json\/wp\/v2\/product_brand?post=751464"},{"taxonomy":"product_cat","embeddable":true,"href":"https:\/\/roveyayinevi.com.tr\/index.php\/wp-json\/wp\/v2\/product_cat?post=751464"},{"taxonomy":"product_tag","embeddable":true,"href":"https:\/\/roveyayinevi.com.tr\/index.php\/wp-json\/wp\/v2\/product_tag?post=751464"}],"curies":[{"name":"wp","href":"https:\/\/api.w.org\/{rel}","templated":true}]}}