{"id":751462,"date":"2025-08-28T04:49:49","date_gmt":"2025-08-28T01:49:49","guid":{"rendered":"https:\/\/roveyayinevi.com.tr\/index.php\/urun\/homo-ludens-2\/"},"modified":"2026-04-16T03:04:46","modified_gmt":"2026-04-16T00:04:46","slug":"homo-ludens-2","status":"publish","type":"product","link":"https:\/\/roveyayinevi.com.tr\/index.php\/urun\/homo-ludens-2\/","title":{"rendered":"Homo Ludens"},"content":{"rendered":"<p>Homo Ludens (oyun oynayan insan), ge\u00e7mi\u015fe ve ki\u015finin kendisini tan\u0131mas\u0131na y\u00f6nelik son derece renkli ve benzerine az rastlan\u0131r bir k\u00fclt\u00fcr tarihi okumas\u0131d\u0131r. Evet, \u201cd\u00fcnya bir tiyatro sahnesi\u201ddir ve oyunla ba\u015flam\u0131\u015ft\u0131r her \u015fey! Oyun bir alg\u0131lama yetene\u011fi ayn\u0131 zamanda bir estetik kavray\u0131\u015f d\u00fczeyidir. Oyun ile g\u00fczellik aras\u0131nda yak\u0131n bir ba\u011f vard\u0131r. Hareket halindeki insan oynad\u0131\u011f\u0131 oyunla eylemine g\u00fczellik, ifadesine canl\u0131l\u0131k, ruhuna dirilik katar. Bir ruh hali olarak oyun, bir co\u015fkunun yans\u0131mas\u0131d\u0131r. Bununla birlikte oyunda, ciddiyet asla elden b\u0131rak\u0131lmaz. \u00d6nceden belirlenmi\u015f kurallara b\u00fcy\u00fck bir dikkatle riayet edilir. \u00c7ocuklar ve yeti\u015fkinler oyuna tam bir ciddiyet i\u00e7inde d\u00e2hil olurlar. Bir oyunun sonunda kazanmak \u201c\u00fcst\u00fcnl\u00fc\u011f\u00fcn\u00fc belli etmektir.\u201d Ve bu y\u00fczden de kazanmak bizatihi oyunun s\u0131n\u0131rlar\u0131n\u0131 a\u015far, ki\u015fiye itibar ve onur verir.   Huizinga\u2019ya g\u00f6re hukuk, bilim, \u015fiir, bilgelik ve felsefe sahalar\u0131 oyunun ruhuna sahip olmakla zenginle\u015fmi\u015f ve anlam kazanm\u0131\u015ft\u0131r. Oyun, a\u015fk\u0131n kalbindedir. Oyun zevkini yitiren heyecan\u0131n\u0131 da yitirmi\u015f say\u0131l\u0131r. \u015eiir oyundan do\u011fmu\u015f, farkl\u0131 formlar sayesinde varl\u0131\u011f\u0131n\u0131 korumu\u015ftur. M\u00fczik ve dans saf oyun olarak \u00e7\u0131kar kar\u015f\u0131m\u0131za. Hukuk, toplumsal oyunun kurallar\u0131n\u0131 g\u00f6zeterek geli\u015fme kaydetmi\u015ftir. Silahl\u0131 \u00e7at\u0131\u015fmalar\u0131n kurala ba\u011flanmas\u0131, aristokratik hayat\u0131n rit\u00fcelleri oyunsal bi\u00e7imler \u00fczerinde temellenmi\u015ftir. Festivaller, yar\u0131\u015fmalar, bayramlar ve \u00e2yinler oyun d\u00fc\u015f\u00fcncesinin hep farkl\u0131 tezah\u00fcrleridir.   Huizinga ge\u00e7mi\u015fteki zenginli\u011fe k\u0131yasla oyun oynama yetene\u011fini giderek yitiren insan\u0131n, oyunu, maddi ve mekanik bir etkinli\u011fe indirgeyen g\u00fcn\u00fcm\u00fcz toplumlar\u0131n\u0131n yarat\u0131c\u0131l\u0131k ve hayal g\u00fcc\u00fcn\u00fc yitirdi\u011finden ise h\u00fcz\u00fcnle s\u00f6z eder. <\/p>\n","protected":false},"excerpt":{"rendered":"<p>Homo Ludens (oyun oynayan insan), ge\u00e7mi\u015fe ve ki\u015finin kendisini tan\u0131mas\u0131na y\u00f6nelik son derece renkli ve benzerine az rastlan\u0131r bir k\u00fclt\u00fcr tarihi okumas\u0131d\u0131r. Evet, \u201cd\u00fcnya bir tiyatro<span class=\"excerpt-hellip\"> [\u2026]<\/span><\/p>\n","protected":false},"featured_media":0,"template":"","meta":{"_monsterinsights_skip_tracking":false,"_monsterinsights_sitenote_active":false,"_monsterinsights_sitenote_note":"","_monsterinsights_sitenote_category":0},"product_brand":[],"product_cat":[12312,12304],"product_tag":[],"class_list":{"0":"post-751462","1":"product","2":"type-product","3":"status-publish","5":"product_cat-diger","6":"product_cat-tarih","7":"pa_cilt-ciltsiz","8":"pa_tur-kitap","9":"pa_yayinevi-dogu-bati-yayinlari","10":"pa_yazar-johan-huizinga","12":"first","13":"instock","14":"sale","15":"shipping-taxable","16":"purchasable","17":"product-type-simple"},"_links":{"self":[{"href":"https:\/\/roveyayinevi.com.tr\/index.php\/wp-json\/wp\/v2\/product\/751462","targetHints":{"allow":["GET"]}}],"collection":[{"href":"https:\/\/roveyayinevi.com.tr\/index.php\/wp-json\/wp\/v2\/product"}],"about":[{"href":"https:\/\/roveyayinevi.com.tr\/index.php\/wp-json\/wp\/v2\/types\/product"}],"wp:attachment":[{"href":"https:\/\/roveyayinevi.com.tr\/index.php\/wp-json\/wp\/v2\/media?parent=751462"}],"wp:term":[{"taxonomy":"product_brand","embeddable":true,"href":"https:\/\/roveyayinevi.com.tr\/index.php\/wp-json\/wp\/v2\/product_brand?post=751462"},{"taxonomy":"product_cat","embeddable":true,"href":"https:\/\/roveyayinevi.com.tr\/index.php\/wp-json\/wp\/v2\/product_cat?post=751462"},{"taxonomy":"product_tag","embeddable":true,"href":"https:\/\/roveyayinevi.com.tr\/index.php\/wp-json\/wp\/v2\/product_tag?post=751462"}],"curies":[{"name":"wp","href":"https:\/\/api.w.org\/{rel}","templated":true}]}}