{"id":751458,"date":"2025-08-28T04:49:43","date_gmt":"2025-08-28T01:49:43","guid":{"rendered":"https:\/\/roveyayinevi.com.tr\/index.php\/urun\/taburemin-ic-cekisi\/"},"modified":"2026-04-16T03:04:46","modified_gmt":"2026-04-16T00:04:46","slug":"taburemin-ic-cekisi","status":"publish","type":"product","link":"https:\/\/roveyayinevi.com.tr\/index.php\/urun\/taburemin-ic-cekisi\/","title":{"rendered":"Taburemin \u0130\u00e7 \u00c7eki\u015fi"},"content":{"rendered":"<p>SONS\u00d6Z VE TE\u015eEKK\u00dcR   Daha \u00f6nce de kendi \u015fiir kitab\u0131m\u0131 \u00e7\u0131kartman\u0131n   Hayalini kurdu\u011fum eserimi, nihayet otuzlu ya\u015flarda   \u00c7\u0131kartman\u0131n mutlulu\u011funu ve heyecan\u0131n\u0131 ya\u015f\u0131yorum.   Bu benim i\u00e7in \u00e7ok \u00f6zel bir an\u0131 olacak.   Her eve girmek, her k\u00fct\u00fcphanede yer almak   Tarifsiz bir duygu. Okunmak kadar anla\u015f\u0131lmakta   \u00d6nemlidir. Hece hece harfler biriktirdi\u011fim s\u00f6zc\u00fcklerim art\u0131k sizlerle!   Hayat\u0131ma anlam katan ve de\u011feri b\u00fcy\u00fck olan insanlar var.   Bana bu konuda yol g\u00f6sterici olan, olumlu d\u00fc\u015f\u00fcncesiyle beni cesaretlendiren, bilgi birikimiyle beni   Y\u00f6nlendiren ve yan\u0131mda olan Sevgili Edit\u00f6r\u00fcm Say\u0131n \u0130lknur Artu\u011f\u2019a, gelece\u011fimi ayd\u0131nlatarak, \u015fiiri sevdiren ve yazmam\u0131 sa\u011flayan Edebiyat \u00d6\u011fretmenim   \u00d6m\u00fcr Hocama, her zaman yan\u0131mda olan aileme, varl\u0131\u011f\u0131yla hayat\u0131ma anlam katan Can\u0131m O\u011flum Efe\u2019ye   Ve okurlar\u0131ma \u00e7ok te\u015fekk\u00fcr ederim.   Nice eserlerde bulu\u015fmak \u00fcmidiyle\u2026   <\/p>\n","protected":false},"excerpt":{"rendered":"<p>SONS\u00d6Z VE TE\u015eEKK\u00dcR Daha \u00f6nce de kendi \u015fiir kitab\u0131m\u0131 \u00e7\u0131kartman\u0131n Hayalini kurdu\u011fum eserimi, nihayet otuzlu ya\u015flarda \u00c7\u0131kartman\u0131n mutlulu\u011funu ve heyecan\u0131n\u0131 ya\u015f\u0131yorum. Bu benim i\u00e7in \u00e7ok \u00f6zel<span class=\"excerpt-hellip\"> [\u2026]<\/span><\/p>\n","protected":false},"featured_media":0,"template":"","meta":{"_monsterinsights_skip_tracking":false,"_monsterinsights_sitenote_active":false,"_monsterinsights_sitenote_note":"","_monsterinsights_sitenote_category":0},"product_brand":[],"product_cat":[12291,12509],"product_tag":[],"class_list":{"0":"post-751458","1":"product","2":"type-product","3":"status-publish","5":"product_cat-edebiyat","6":"product_cat-siir","7":"pa_cilt-ciltsiz","8":"pa_tur-kitap","9":"pa_yayinevi-kirmizi-ada-yayinlari","10":"pa_yazar-merve-erzan","12":"first","13":"instock","14":"sale","15":"shipping-taxable","16":"purchasable","17":"product-type-simple"},"_links":{"self":[{"href":"https:\/\/roveyayinevi.com.tr\/index.php\/wp-json\/wp\/v2\/product\/751458","targetHints":{"allow":["GET"]}}],"collection":[{"href":"https:\/\/roveyayinevi.com.tr\/index.php\/wp-json\/wp\/v2\/product"}],"about":[{"href":"https:\/\/roveyayinevi.com.tr\/index.php\/wp-json\/wp\/v2\/types\/product"}],"wp:attachment":[{"href":"https:\/\/roveyayinevi.com.tr\/index.php\/wp-json\/wp\/v2\/media?parent=751458"}],"wp:term":[{"taxonomy":"product_brand","embeddable":true,"href":"https:\/\/roveyayinevi.com.tr\/index.php\/wp-json\/wp\/v2\/product_brand?post=751458"},{"taxonomy":"product_cat","embeddable":true,"href":"https:\/\/roveyayinevi.com.tr\/index.php\/wp-json\/wp\/v2\/product_cat?post=751458"},{"taxonomy":"product_tag","embeddable":true,"href":"https:\/\/roveyayinevi.com.tr\/index.php\/wp-json\/wp\/v2\/product_tag?post=751458"}],"curies":[{"name":"wp","href":"https:\/\/api.w.org\/{rel}","templated":true}]}}