{"id":751457,"date":"2025-08-28T04:49:41","date_gmt":"2025-08-28T01:49:41","guid":{"rendered":"https:\/\/roveyayinevi.com.tr\/index.php\/urun\/buyukannemin-tarifleri\/"},"modified":"2026-04-16T03:04:46","modified_gmt":"2026-04-16T00:04:46","slug":"buyukannemin-tarifleri","status":"publish","type":"product","link":"https:\/\/roveyayinevi.com.tr\/index.php\/urun\/buyukannemin-tarifleri\/","title":{"rendered":"B\u00fcy\u00fckannemin Tarifleri"},"content":{"rendered":"<p>B\u00fcy\u00fckannemle kitab\u0131m\u0131z \u00fczerinde \u00e7al\u0131\u015f\u0131rken farkettim ki; ailenin mutfak k\u00fclt\u00fcr\u00fcn\u00fcn ku\u015faktan ku\u015fa\u011fa aktar\u0131lmas\u0131 ge\u00e7mi\u015fle bug\u00fcn\u00fcm\u00fcz, sonras\u0131nda da gelece\u011fimizle ba\u011f kurman\u0131n en lezzetli yollar\u0131ndan biriymi\u015f. Bence sen de denemelisin\u2026 <\/p>\n","protected":false},"excerpt":{"rendered":"<p>B\u00fcy\u00fckannemle kitab\u0131m\u0131z \u00fczerinde \u00e7al\u0131\u015f\u0131rken farkettim ki; ailenin mutfak k\u00fclt\u00fcr\u00fcn\u00fcn ku\u015faktan ku\u015fa\u011fa aktar\u0131lmas\u0131 ge\u00e7mi\u015fle bug\u00fcn\u00fcm\u00fcz, sonras\u0131nda da gelece\u011fimizle ba\u011f kurman\u0131n en lezzetli yollar\u0131ndan biriymi\u015f. Bence sen de<span class=\"excerpt-hellip\"> [\u2026]<\/span><\/p>\n","protected":false},"featured_media":0,"template":"","meta":{"_monsterinsights_skip_tracking":false,"_monsterinsights_sitenote_active":false,"_monsterinsights_sitenote_note":"","_monsterinsights_sitenote_category":0},"product_brand":[],"product_cat":[12274,12523],"product_tag":[],"class_list":{"0":"post-751457","1":"product","2":"type-product","3":"status-publish","5":"product_cat-cocuk-ve-genclik-kitaplari","6":"product_cat-masallar","7":"pa_cilt-ciltsiz","8":"pa_tur-kitap","9":"pa_yayinevi-kirmizi-ada-yayinlari","10":"pa_yazar-n-aylin-atilla","12":"first","13":"instock","14":"sale","15":"shipping-taxable","16":"purchasable","17":"product-type-simple"},"_links":{"self":[{"href":"https:\/\/roveyayinevi.com.tr\/index.php\/wp-json\/wp\/v2\/product\/751457","targetHints":{"allow":["GET"]}}],"collection":[{"href":"https:\/\/roveyayinevi.com.tr\/index.php\/wp-json\/wp\/v2\/product"}],"about":[{"href":"https:\/\/roveyayinevi.com.tr\/index.php\/wp-json\/wp\/v2\/types\/product"}],"wp:attachment":[{"href":"https:\/\/roveyayinevi.com.tr\/index.php\/wp-json\/wp\/v2\/media?parent=751457"}],"wp:term":[{"taxonomy":"product_brand","embeddable":true,"href":"https:\/\/roveyayinevi.com.tr\/index.php\/wp-json\/wp\/v2\/product_brand?post=751457"},{"taxonomy":"product_cat","embeddable":true,"href":"https:\/\/roveyayinevi.com.tr\/index.php\/wp-json\/wp\/v2\/product_cat?post=751457"},{"taxonomy":"product_tag","embeddable":true,"href":"https:\/\/roveyayinevi.com.tr\/index.php\/wp-json\/wp\/v2\/product_tag?post=751457"}],"curies":[{"name":"wp","href":"https:\/\/api.w.org\/{rel}","templated":true}]}}