{"id":751456,"date":"2025-08-28T04:49:40","date_gmt":"2025-08-28T01:49:40","guid":{"rendered":"https:\/\/roveyayinevi.com.tr\/index.php\/urun\/sirr-i-sultan-siirleri\/"},"modified":"2026-04-16T03:04:46","modified_gmt":"2026-04-16T00:04:46","slug":"sirr-i-sultan-siirleri","status":"publish","type":"product","link":"https:\/\/roveyayinevi.com.tr\/index.php\/urun\/sirr-i-sultan-siirleri\/","title":{"rendered":"S\u0131rr-\u0131 Sultan \u015eiirleri"},"content":{"rendered":"<p>MEHMET\u00c7\u0130KLER GE\u00c7ERKEN   Bu ne vakar arslanca, bu ne g\u00fcven,bu ne nur? T\u00fcrk kad\u0131n\u0131 her zaman b\u00f6yle evlat do\u011furur.   Y\u0131kan\u0131yor topra\u011f\u0131m aya\u011f\u0131n\u0131n sesiyle, Da\u011f\u0131l\u0131yor bulutlar Mehmed\u2019in nefesiyle.   R\u00fczg\u00e2r\u0131 sizden al\u0131r, y\u00fckselir bayra\u011f\u0131m\u0131z; Oyna\u015f\u0131r c\u0131v\u0131l c\u0131v\u0131l g\u00f6klerde ay\u2019la y\u0131ld\u0131z.   Siz uyan\u0131k durduk\u00e7a huduttan d\u00fc\u015fman ge\u00e7mez, Siz izin vermedik\u00e7e g\u00f6klerde bir ku\u015f u\u00e7maz.   Mehmet\u00e7ik bu \u00fclkenin kula\u011f\u0131d\u0131r, g\u00f6z\u00fcd\u00fcr, Mehmet\u00e7ik bu \u00fclkenin sembol\u00fcd\u00fcr, \u00f6z\u00fcd\u00fcr.   Mehmet d\u00fc\u015fmana ate\u015f, dosta ise bir kucak, Var m\u0131d\u0131r hak ve halk\u0131 b\u00f6yle kucaklayacak?   Ne zaman \u015faha kalksa ne ki s\u0131n\u0131r \u00f6tesi? Da\u011flar ta\u015flar \u00fcrperir, g\u00f6klerden gelir sesi.   Ey zafer bayra\u011f\u0131n\u0131 g\u00f6kte u\u00e7uran Mehmet! D\u00fc\u015fman\u0131 can-evinden yi\u011fit\u00e7e vuran Mehmet!   Seninle baht\u0131m\u0131z ak, canlar seninle diri, Seni selaml\u0131yorum, ey yi\u011fit T\u00fcrk askeri!   Sen g\u00fcl\u00fcnce ilkbahar, yerler-g\u00f6kler g\u00fclistan, Her ad\u0131m\u0131n bir fetih, her yapt\u0131\u011f\u0131n bir destan.   Sana \u00e7i\u00e7ek at\u0131yor, seni alk\u0131\u015fl\u0131yorum; O\u011flumsun, karde\u015fimsin, sensin benim gururum! <\/p>\n","protected":false},"excerpt":{"rendered":"<p>MEHMET\u00c7\u0130KLER GE\u00c7ERKEN Bu ne vakar arslanca, bu ne g\u00fcven,bu ne nur? T\u00fcrk kad\u0131n\u0131 her zaman b\u00f6yle evlat do\u011furur. Y\u0131kan\u0131yor topra\u011f\u0131m aya\u011f\u0131n\u0131n sesiyle, Da\u011f\u0131l\u0131yor bulutlar Mehmed\u2019in nefesiyle.<span class=\"excerpt-hellip\"> [\u2026]<\/span><\/p>\n","protected":false},"featured_media":0,"template":"","meta":{"_monsterinsights_skip_tracking":false,"_monsterinsights_sitenote_active":false,"_monsterinsights_sitenote_note":"","_monsterinsights_sitenote_category":0},"product_brand":[],"product_cat":[12291,12509],"product_tag":[],"class_list":{"0":"post-751456","1":"product","2":"type-product","3":"status-publish","5":"product_cat-edebiyat","6":"product_cat-siir","7":"pa_cilt-ciltsiz","8":"pa_tur-kitap","9":"pa_yayinevi-semenderkitap-yayinlari","10":"pa_yazar-aysen-akdemir","12":"first","13":"instock","14":"sale","15":"shipping-taxable","16":"purchasable","17":"product-type-simple"},"_links":{"self":[{"href":"https:\/\/roveyayinevi.com.tr\/index.php\/wp-json\/wp\/v2\/product\/751456","targetHints":{"allow":["GET"]}}],"collection":[{"href":"https:\/\/roveyayinevi.com.tr\/index.php\/wp-json\/wp\/v2\/product"}],"about":[{"href":"https:\/\/roveyayinevi.com.tr\/index.php\/wp-json\/wp\/v2\/types\/product"}],"wp:attachment":[{"href":"https:\/\/roveyayinevi.com.tr\/index.php\/wp-json\/wp\/v2\/media?parent=751456"}],"wp:term":[{"taxonomy":"product_brand","embeddable":true,"href":"https:\/\/roveyayinevi.com.tr\/index.php\/wp-json\/wp\/v2\/product_brand?post=751456"},{"taxonomy":"product_cat","embeddable":true,"href":"https:\/\/roveyayinevi.com.tr\/index.php\/wp-json\/wp\/v2\/product_cat?post=751456"},{"taxonomy":"product_tag","embeddable":true,"href":"https:\/\/roveyayinevi.com.tr\/index.php\/wp-json\/wp\/v2\/product_tag?post=751456"}],"curies":[{"name":"wp","href":"https:\/\/api.w.org\/{rel}","templated":true}]}}