{"id":751454,"date":"2025-08-28T04:49:37","date_gmt":"2025-08-28T01:49:37","guid":{"rendered":"https:\/\/roveyayinevi.com.tr\/index.php\/urun\/kavga\/"},"modified":"2026-04-16T03:04:46","modified_gmt":"2026-04-16T00:04:46","slug":"kavga","status":"publish","type":"product","link":"https:\/\/roveyayinevi.com.tr\/index.php\/urun\/kavga\/","title":{"rendered":"Kavga"},"content":{"rendered":"<p>Amir&#8217;in a\u011fz\u0131ndan ve burnundan kanlar ak\u0131yordu. Yedi\u011fi yumruklardan dolay\u0131 y\u00fcz\u00fcnde m\u00fcthi\u015f bir ac\u0131 hissediyordu. O da birka\u00e7 darbe indirmi\u015fti fakat bunlar zay\u0131f kalm\u0131\u015ft\u0131. \u0130ki adam, az\u0131l\u0131 birer d\u00fc\u015fman gibi sald\u0131r\u0131yor ve adeta birbirlerini yok etmeye \u00e7al\u0131\u015f\u0131yorlard\u0131\u201d<\/p>\n","protected":false},"excerpt":{"rendered":"<p>Amir&#8217;in a\u011fz\u0131ndan ve burnundan kanlar ak\u0131yordu. Yedi\u011fi yumruklardan dolay\u0131 y\u00fcz\u00fcnde m\u00fcthi\u015f bir ac\u0131 hissediyordu. O da birka\u00e7 darbe indirmi\u015fti fakat bunlar zay\u0131f kalm\u0131\u015ft\u0131. \u0130ki adam, az\u0131l\u0131<span class=\"excerpt-hellip\"> [\u2026]<\/span><\/p>\n","protected":false},"featured_media":0,"template":"","meta":{"_monsterinsights_skip_tracking":false,"_monsterinsights_sitenote_active":false,"_monsterinsights_sitenote_note":"","_monsterinsights_sitenote_category":0},"product_brand":[],"product_cat":[12291,12711],"product_tag":[],"class_list":{"0":"post-751454","1":"product","2":"type-product","3":"status-publish","5":"product_cat-edebiyat","6":"product_cat-roman-oyku","7":"pa_cilt-ciltsiz","8":"pa_tur-kitap","9":"pa_yayinevi-platanus-publishing","10":"pa_yazar-muhammed-kaya","12":"first","13":"instock","14":"sale","15":"shipping-taxable","16":"purchasable","17":"product-type-simple"},"_links":{"self":[{"href":"https:\/\/roveyayinevi.com.tr\/index.php\/wp-json\/wp\/v2\/product\/751454","targetHints":{"allow":["GET"]}}],"collection":[{"href":"https:\/\/roveyayinevi.com.tr\/index.php\/wp-json\/wp\/v2\/product"}],"about":[{"href":"https:\/\/roveyayinevi.com.tr\/index.php\/wp-json\/wp\/v2\/types\/product"}],"wp:attachment":[{"href":"https:\/\/roveyayinevi.com.tr\/index.php\/wp-json\/wp\/v2\/media?parent=751454"}],"wp:term":[{"taxonomy":"product_brand","embeddable":true,"href":"https:\/\/roveyayinevi.com.tr\/index.php\/wp-json\/wp\/v2\/product_brand?post=751454"},{"taxonomy":"product_cat","embeddable":true,"href":"https:\/\/roveyayinevi.com.tr\/index.php\/wp-json\/wp\/v2\/product_cat?post=751454"},{"taxonomy":"product_tag","embeddable":true,"href":"https:\/\/roveyayinevi.com.tr\/index.php\/wp-json\/wp\/v2\/product_tag?post=751454"}],"curies":[{"name":"wp","href":"https:\/\/api.w.org\/{rel}","templated":true}]}}