{"id":751452,"date":"2025-08-28T04:49:34","date_gmt":"2025-08-28T01:49:34","guid":{"rendered":"https:\/\/roveyayinevi.com.tr\/index.php\/urun\/kapatma-kapiyi-aralik-kalsin\/"},"modified":"2026-04-16T03:04:46","modified_gmt":"2026-04-16T00:04:46","slug":"kapatma-kapiyi-aralik-kalsin","status":"publish","type":"product","link":"https:\/\/roveyayinevi.com.tr\/index.php\/urun\/kapatma-kapiyi-aralik-kalsin\/","title":{"rendered":"Kapatma Kap\u0131y\u0131 Aral\u0131k Kals\u0131n"},"content":{"rendered":"<p>Uzakla\u015ft\u0131k\u00e7a, kar\u015f\u0131s\u0131nda nas\u0131l da k\u00fc\u00e7\u00fcl\u00fcyordu. Ard\u0131nda, ufukta yitenler el sall\u0131yordu g\u00fcn \u0131\u015f\u0131\u011f\u0131 sa\u00e7an y\u00fczleriyle o g\u00fcn sessiz miydi \u015fehir? Ne bir \u00e7i\u00e7ek ne bir ku\u015f ne de r\u00fczg\u00e2r&#8230; Varl\u0131kla yokluk aras\u0131nda s\u00fcz\u00fc-len katledilmi\u015f bir ya\u015fam\u0131n h\u00fczn\u00fcn\u00fc m\u00fc ta\u015f\u0131yordu bulutlar? \u00f6ylesine \u00e7aresiz \u00f6ylesine \u00fcrkek bir daha tutabilecek miydi bu d\u00fc\u015f\u00fcn ellerinden? Bulan\u0131k zihninde d\u00fc\u015f\u00fcnceler birdirbir oynarken, pireler gibi s\u0131\u00e7r\u0131yordu sars\u0131nt\u0131lardan. Yan\u0131ndaki ses, tela\u015fla elma bah\u00e7ele-rinde geziniyor o duymuyordu. Yuma\u011f\u0131n iki ucunun da kendisinde oldu\u011funu bilmesine ra\u011fmen d\u00fc\u011f\u00fcmlerden bulam\u0131yordu \u00f6teki ucunu, i\u00e7 sesi, \u2018iyi de\u011filim \u2018 diye hayk\u0131r\u0131yordu. Bunca gel-git aras\u0131nda kaybolmu\u015fken birdenbire b\u0131\u00e7ak gibi kesip att\u0131 bir ses, d\u00fc\u015f\u00fcncelerini.<\/p>\n","protected":false},"excerpt":{"rendered":"<p>Uzakla\u015ft\u0131k\u00e7a, kar\u015f\u0131s\u0131nda nas\u0131l da k\u00fc\u00e7\u00fcl\u00fcyordu. Ard\u0131nda, ufukta yitenler el sall\u0131yordu g\u00fcn \u0131\u015f\u0131\u011f\u0131 sa\u00e7an y\u00fczleriyle o g\u00fcn sessiz miydi \u015fehir? Ne bir \u00e7i\u00e7ek ne bir ku\u015f ne<span class=\"excerpt-hellip\"> [\u2026]<\/span><\/p>\n","protected":false},"featured_media":0,"template":"","meta":{"_monsterinsights_skip_tracking":false,"_monsterinsights_sitenote_active":false,"_monsterinsights_sitenote_note":"","_monsterinsights_sitenote_category":0},"product_brand":[],"product_cat":[12777,12291],"product_tag":[],"class_list":{"0":"post-751452","1":"product","2":"type-product","3":"status-publish","5":"product_cat-deneme","6":"product_cat-edebiyat","7":"pa_cilt-ciltsiz","8":"pa_tur-kitap","9":"pa_yayinevi-platanus-publishing","10":"pa_yazar-sibel-katirci","12":"first","13":"instock","14":"sale","15":"shipping-taxable","16":"purchasable","17":"product-type-simple"},"_links":{"self":[{"href":"https:\/\/roveyayinevi.com.tr\/index.php\/wp-json\/wp\/v2\/product\/751452","targetHints":{"allow":["GET"]}}],"collection":[{"href":"https:\/\/roveyayinevi.com.tr\/index.php\/wp-json\/wp\/v2\/product"}],"about":[{"href":"https:\/\/roveyayinevi.com.tr\/index.php\/wp-json\/wp\/v2\/types\/product"}],"wp:attachment":[{"href":"https:\/\/roveyayinevi.com.tr\/index.php\/wp-json\/wp\/v2\/media?parent=751452"}],"wp:term":[{"taxonomy":"product_brand","embeddable":true,"href":"https:\/\/roveyayinevi.com.tr\/index.php\/wp-json\/wp\/v2\/product_brand?post=751452"},{"taxonomy":"product_cat","embeddable":true,"href":"https:\/\/roveyayinevi.com.tr\/index.php\/wp-json\/wp\/v2\/product_cat?post=751452"},{"taxonomy":"product_tag","embeddable":true,"href":"https:\/\/roveyayinevi.com.tr\/index.php\/wp-json\/wp\/v2\/product_tag?post=751452"}],"curies":[{"name":"wp","href":"https:\/\/api.w.org\/{rel}","templated":true}]}}