{"id":751449,"date":"2025-08-28T04:49:29","date_gmt":"2025-08-28T01:49:29","guid":{"rendered":"https:\/\/roveyayinevi.com.tr\/index.php\/urun\/ote-alem\/"},"modified":"2026-04-16T03:04:46","modified_gmt":"2026-04-16T00:04:46","slug":"ote-alem","status":"publish","type":"product","link":"https:\/\/roveyayinevi.com.tr\/index.php\/urun\/ote-alem\/","title":{"rendered":"\u00d6te Alem"},"content":{"rendered":"<p>\u201cNihai zafer \u00f6l\u00fcm\u00fcnd\u00fcr!\u201d \u00d6l\u00fcm \u00f6l\u00fcml\u00fcler ve \u00f6lmekte olanlar i\u00e7in acil bir durumdur! Hatta \u00f6l\u00fcm\u00fcn oldu\u011fu bir d\u00fcnyada, hi\u00e7bir \u015fey \u00f6l\u00fcm kadar ciddi ve dikkate de\u011fer de\u011fildir. Nihai zafer \u00f6l\u00fcm\u00fcn oldu\u011funa g\u00f6re \u00f6nceli\u011fi onu anlamaya vermek gerekir. \u00d6zellikle \u00f6l\u00fcm korkusu olanlar\u0131n bu kitab\u0131 okumas\u0131 \u00f6nerilir. \u00d6l\u00fcm\u00fc \u00f6\u011frenmek ve y\u00fczle\u015fmek korkuyla ba\u015fa \u00e7\u0131kman\u0131n en iyi yoludur. Film \u015feridinin bir ucu do\u011fum, di\u011fer ucu \u00f6l\u00fcmd\u00fcr&#8230; Filmin sonunu izlemeye ve \u00f6l\u00fcm hakk\u0131nda sesli soru sormaya, bilimsel bilgilerle konu\u015fmaya haz\u0131r m\u0131s\u0131n\u0131z? \u00d6ld\u00fc\u011f\u00fcmde ger\u00e7ekten \u00f6l\u00fcr m\u00fcy\u00fcm? Baki kalma m\u00fcmk\u00fcn m\u00fcd\u00fcr? \u00d6l\u00fcmden sonra \u015fahsi benli\u011fim ve belle\u011fim aynen duracak m\u0131? \u00d6l\u00fcm kap\u0131y\u0131 \u00e7al\u0131nca herkes a\u00e7mak zorunda m\u0131d\u0131r? Bedensiz fark\u0131ndal\u0131k m\u00fcmk\u00fcn m\u00fcd\u00fcr? \u00d6l\u00fcmden sonra tecr\u00fcbe devam eder mi? \u00d6te d\u00fcnyada, burada her sabah uyand\u0131\u011f\u0131m\u0131z gibi uyanabilecek miyiz? Organik bedenimiz yok olunca canl\u0131 gibi hissedecek miyiz? \u00d6l\u00fcm ile mek\u00e2n m\u0131 de\u011fi\u015ftiririz yoksa bilincimiz ortam veya hal mi de\u011fi\u015ftirir? \u00d6l\u00fcme yak\u0131n ya da \u00f6l\u00fcm e\u015fi\u011fi deneyimleri ger\u00e7ek midir? Tekrar do\u011fdu\u011funu iddia eden ki\u015filer yalan m\u0131 s\u00f6ylemektedirler? Ruhsuz \u00f6l\u00fcms\u00fczler vampirler ger\u00e7ek midir? Hayaletler var m\u0131d\u0131r? \u00d6l\u00fcmden sonraki hayat sadece ki\u015finin kendi zihni i\u00e7inde y\u00fcr\u00fcmesi midir? \u00d6lmeden \u00f6nceki an\u0131lar\u0131m\u0131z\u0131 hat\u0131rlayacak m\u0131y\u0131z? Bilim \u00f6l\u00fcmden sonra devaml\u0131l\u0131\u011f\u0131n olmad\u0131\u011f\u0131n\u0131 iddia edebilir mi? Cehennemde yanmak yokluktan daha kabul edilebilir midir? \u0130nsan\u0131 esas korkutan \u00f6l\u00fcm\u00fcn olmas\u0131 m\u0131 yoksa varolu\u015fumuzun tamamen yitip gitme olas\u0131l\u0131\u011f\u0131 m\u0131d\u0131r? \u00d6te \u00e2lem mek\u00e2n olarak nerededir? \u00d6te \u00e2lemin varl\u0131\u011f\u0131 kesinle\u015firse evlilik yeminlerini \u201c\u00d6l\u00fcm bizi ay\u0131rana kadar!\u201d de\u011fil \u201cSonsuza kadar!\u201d \u015fekline mi \u00e7evirmek gerekecektir? <\/p>\n","protected":false},"excerpt":{"rendered":"<p>\u201cNihai zafer \u00f6l\u00fcm\u00fcnd\u00fcr!\u201d \u00d6l\u00fcm \u00f6l\u00fcml\u00fcler ve \u00f6lmekte olanlar i\u00e7in acil bir durumdur! Hatta \u00f6l\u00fcm\u00fcn oldu\u011fu bir d\u00fcnyada, hi\u00e7bir \u015fey \u00f6l\u00fcm kadar ciddi ve dikkate de\u011fer de\u011fildir.<span class=\"excerpt-hellip\"> [\u2026]<\/span><\/p>\n","protected":false},"featured_media":0,"template":"","meta":{"_monsterinsights_skip_tracking":false,"_monsterinsights_sitenote_active":false,"_monsterinsights_sitenote_note":"","_monsterinsights_sitenote_category":0},"product_brand":[],"product_cat":[12364,16154],"product_tag":[],"class_list":{"0":"post-751449","1":"product","2":"type-product","3":"status-publish","5":"product_cat-genel-konular","6":"product_cat-parapsikoloji","7":"pa_cilt-ciltsiz","8":"pa_tur-kitap","9":"pa_yayinevi-destek-yayinlari","10":"pa_yazar-sultan-tarlaci","12":"first","13":"instock","14":"sale","15":"shipping-taxable","16":"purchasable","17":"product-type-simple"},"_links":{"self":[{"href":"https:\/\/roveyayinevi.com.tr\/index.php\/wp-json\/wp\/v2\/product\/751449","targetHints":{"allow":["GET"]}}],"collection":[{"href":"https:\/\/roveyayinevi.com.tr\/index.php\/wp-json\/wp\/v2\/product"}],"about":[{"href":"https:\/\/roveyayinevi.com.tr\/index.php\/wp-json\/wp\/v2\/types\/product"}],"wp:attachment":[{"href":"https:\/\/roveyayinevi.com.tr\/index.php\/wp-json\/wp\/v2\/media?parent=751449"}],"wp:term":[{"taxonomy":"product_brand","embeddable":true,"href":"https:\/\/roveyayinevi.com.tr\/index.php\/wp-json\/wp\/v2\/product_brand?post=751449"},{"taxonomy":"product_cat","embeddable":true,"href":"https:\/\/roveyayinevi.com.tr\/index.php\/wp-json\/wp\/v2\/product_cat?post=751449"},{"taxonomy":"product_tag","embeddable":true,"href":"https:\/\/roveyayinevi.com.tr\/index.php\/wp-json\/wp\/v2\/product_tag?post=751449"}],"curies":[{"name":"wp","href":"https:\/\/api.w.org\/{rel}","templated":true}]}}