{"id":751448,"date":"2025-08-28T04:49:27","date_gmt":"2025-08-28T01:49:27","guid":{"rendered":"https:\/\/roveyayinevi.com.tr\/index.php\/urun\/neko-kafe\/"},"modified":"2026-04-16T03:04:46","modified_gmt":"2026-04-16T00:04:46","slug":"neko-kafe","status":"publish","type":"product","link":"https:\/\/roveyayinevi.com.tr\/index.php\/urun\/neko-kafe\/","title":{"rendered":"Neko Kafe"},"content":{"rendered":"<p>Nagore\u2019nin hayat\u0131, sevgilisinden ayr\u0131ld\u0131\u011f\u0131ndan ve i\u015fsiz kald\u0131\u011f\u0131ndan bu yana \u00fcst \u00fcste gelen felaketlerle dolup ta\u015fm\u0131\u015ft\u0131r. Kiras\u0131n\u0131 geciktirdi\u011fi i\u00e7in dairesini kaybetmek \u00fczereyken, eski bir dostu ona s\u0131ra d\u0131\u015f\u0131 bir i\u015f bulur: M\u00fc\u015fteriler taraf\u0131ndan sahiplenilmeyi bekleyen yedi kedinin bulundu\u011fu bir kafeterya olan Neko Kafe\u2019de garsonluk yapmak. Nagore kedilerden korkmas\u0131na kar\u015f\u0131n, her biri ba\u015fka ba\u015fka karakterlere sahip olan bu hayvanlardan ya\u015fam hakk\u0131nda olduk\u00e7a fazla \u015fey \u00f6\u011frenebilece\u011fini fark edince \u00e7ekinerek ba\u015flad\u0131\u011f\u0131 yeni i\u015fi e\u011flenceli bir ser\u00fcvene d\u00f6n\u00fc\u015f\u00fcp hayat\u0131n\u0131 umulmad\u0131k derecede renklendirecektir. T\u00fcm d\u00fcnyada \u00fcnlenen kedi kafelerinden birinde ge\u00e7en, Anna S\u00f3lyom\u2019un bu b\u00fcy\u00fcleyici roman\u0131, mutlu olma sanat\u0131 hakk\u0131nda ilham verici, heyecanl\u0131 ve \u00f6zg\u00fcn bir hik\u00e2ye anlat\u0131yor. <\/p>\n","protected":false},"excerpt":{"rendered":"<p>Nagore\u2019nin hayat\u0131, sevgilisinden ayr\u0131ld\u0131\u011f\u0131ndan ve i\u015fsiz kald\u0131\u011f\u0131ndan bu yana \u00fcst \u00fcste gelen felaketlerle dolup ta\u015fm\u0131\u015ft\u0131r. Kiras\u0131n\u0131 geciktirdi\u011fi i\u00e7in dairesini kaybetmek \u00fczereyken, eski bir dostu ona s\u0131ra<span class=\"excerpt-hellip\"> [\u2026]<\/span><\/p>\n","protected":false},"featured_media":0,"template":"","meta":{"_monsterinsights_skip_tracking":false,"_monsterinsights_sitenote_active":false,"_monsterinsights_sitenote_note":"","_monsterinsights_sitenote_category":0},"product_brand":[],"product_cat":[12291,12711],"product_tag":[],"class_list":{"0":"post-751448","1":"product","2":"type-product","3":"status-publish","5":"product_cat-edebiyat","6":"product_cat-roman-oyku","7":"pa_cilt-ciltsiz","8":"pa_tur-kitap","9":"pa_yayinevi-athica-yayinlari","10":"pa_yazar-anna-solyom","12":"first","13":"instock","14":"sale","15":"shipping-taxable","16":"purchasable","17":"product-type-simple"},"_links":{"self":[{"href":"https:\/\/roveyayinevi.com.tr\/index.php\/wp-json\/wp\/v2\/product\/751448","targetHints":{"allow":["GET"]}}],"collection":[{"href":"https:\/\/roveyayinevi.com.tr\/index.php\/wp-json\/wp\/v2\/product"}],"about":[{"href":"https:\/\/roveyayinevi.com.tr\/index.php\/wp-json\/wp\/v2\/types\/product"}],"wp:attachment":[{"href":"https:\/\/roveyayinevi.com.tr\/index.php\/wp-json\/wp\/v2\/media?parent=751448"}],"wp:term":[{"taxonomy":"product_brand","embeddable":true,"href":"https:\/\/roveyayinevi.com.tr\/index.php\/wp-json\/wp\/v2\/product_brand?post=751448"},{"taxonomy":"product_cat","embeddable":true,"href":"https:\/\/roveyayinevi.com.tr\/index.php\/wp-json\/wp\/v2\/product_cat?post=751448"},{"taxonomy":"product_tag","embeddable":true,"href":"https:\/\/roveyayinevi.com.tr\/index.php\/wp-json\/wp\/v2\/product_tag?post=751448"}],"curies":[{"name":"wp","href":"https:\/\/api.w.org\/{rel}","templated":true}]}}