{"id":751447,"date":"2025-08-28T04:49:26","date_gmt":"2025-08-28T01:49:26","guid":{"rendered":"https:\/\/roveyayinevi.com.tr\/index.php\/urun\/hekate-bize-ne-mesaj-veriyor-tanrilarin-cagrisi\/"},"modified":"2026-04-16T03:04:46","modified_gmt":"2026-04-16T00:04:46","slug":"hekate-bize-ne-mesaj-veriyor-tanrilarin-cagrisi","status":"publish","type":"product","link":"https:\/\/roveyayinevi.com.tr\/index.php\/urun\/hekate-bize-ne-mesaj-veriyor-tanrilarin-cagrisi\/","title":{"rendered":"Hekate Bize Ne Mesaj Veriyor-Tanr\u0131lar\u0131n \u00c7a\u011fr\u0131s\u0131"},"content":{"rendered":"<p>TANRILARI VE TANRI\u00c7ALARI, ESK\u0130 \u00d6YK\u00dcLER\u0130N UNUTULMU\u015e KAHRAMANLARI SANIYORSANIZ \u00c7OK YANILIYORSUNUZ. Tanr\u0131lar ve tanr\u0131\u00e7alar bir \u00f6yk\u00fcn\u00fcn kahramanlar\u0131 de\u011fillerdir, onlar i\u00e7imizde ya\u015famay\u0131 s\u00fcrd\u00fcren \u00f6l\u00fcms\u00fcz arketiplerdir. Bir Anadolu tanr\u0131\u00e7as\u0131 olan Hekate, tek ba\u015f\u0131na ayakta durmay\u0131 bilen, s\u0131rt\u0131n\u0131 bir erke\u011fe yaslamayan ve tam da bu y\u00fczden \u00f6telenen, \u015feytanla\u015ft\u0131r\u0131lan kad\u0131nlar\u0131n simgesidir. Zeus\u2019un k\u0131z\u0131 de\u011fildi Hekate, tanr\u0131lardan birinin kar\u0131s\u0131 ya da sevgilisi de de\u011fildi. \u00c7ocu\u011fu da yoktu. Bu y\u00fczden zamanla karanl\u0131k tarafa \u00e7ekildi ve b\u00fcy\u00fcc\u00fclerin tanr\u0131\u00e7as\u0131na d\u00f6n\u00fc\u015ft\u00fcr\u00fcld\u00fc. G\u00fc\u00e7l\u00fc bir kad\u0131n olarak var olabilmenin simgesi Hekate\u2019nin \u00e7a\u011f\u0131m\u0131z\u0131n insan\u0131na s\u00f6yleyece\u011fi \u00e7ok \u015fey var. <\/p>\n","protected":false},"excerpt":{"rendered":"<p>TANRILARI VE TANRI\u00c7ALARI, ESK\u0130 \u00d6YK\u00dcLER\u0130N UNUTULMU\u015e KAHRAMANLARI SANIYORSANIZ \u00c7OK YANILIYORSUNUZ. Tanr\u0131lar ve tanr\u0131\u00e7alar bir \u00f6yk\u00fcn\u00fcn kahramanlar\u0131 de\u011fillerdir, onlar i\u00e7imizde ya\u015famay\u0131 s\u00fcrd\u00fcren \u00f6l\u00fcms\u00fcz arketiplerdir. Bir Anadolu tanr\u0131\u00e7as\u0131<span class=\"excerpt-hellip\"> [\u2026]<\/span><\/p>\n","protected":false},"featured_media":0,"template":"","meta":{"_monsterinsights_skip_tracking":false,"_monsterinsights_sitenote_active":false,"_monsterinsights_sitenote_note":"","_monsterinsights_sitenote_category":0},"product_brand":[],"product_cat":[12718,12858],"product_tag":[],"class_list":{"0":"post-751447","1":"product","2":"type-product","3":"status-publish","5":"product_cat-din","6":"product_cat-mitolojiler","7":"pa_cilt-ciltsiz","8":"pa_tur-kitap","9":"pa_yayinevi-destek-yayinlari","10":"pa_yazar-ozlem-ertan","12":"first","13":"instock","14":"sale","15":"shipping-taxable","16":"purchasable","17":"product-type-simple"},"_links":{"self":[{"href":"https:\/\/roveyayinevi.com.tr\/index.php\/wp-json\/wp\/v2\/product\/751447","targetHints":{"allow":["GET"]}}],"collection":[{"href":"https:\/\/roveyayinevi.com.tr\/index.php\/wp-json\/wp\/v2\/product"}],"about":[{"href":"https:\/\/roveyayinevi.com.tr\/index.php\/wp-json\/wp\/v2\/types\/product"}],"wp:attachment":[{"href":"https:\/\/roveyayinevi.com.tr\/index.php\/wp-json\/wp\/v2\/media?parent=751447"}],"wp:term":[{"taxonomy":"product_brand","embeddable":true,"href":"https:\/\/roveyayinevi.com.tr\/index.php\/wp-json\/wp\/v2\/product_brand?post=751447"},{"taxonomy":"product_cat","embeddable":true,"href":"https:\/\/roveyayinevi.com.tr\/index.php\/wp-json\/wp\/v2\/product_cat?post=751447"},{"taxonomy":"product_tag","embeddable":true,"href":"https:\/\/roveyayinevi.com.tr\/index.php\/wp-json\/wp\/v2\/product_tag?post=751447"}],"curies":[{"name":"wp","href":"https:\/\/api.w.org\/{rel}","templated":true}]}}