{"id":751446,"date":"2025-08-28T04:49:24","date_gmt":"2025-08-28T01:49:24","guid":{"rendered":"https:\/\/roveyayinevi.com.tr\/index.php\/urun\/delirmis-evrenin-ortasinda\/"},"modified":"2026-04-08T03:11:32","modified_gmt":"2026-04-08T00:11:32","slug":"delirmis-evrenin-ortasinda","status":"publish","type":"product","link":"https:\/\/roveyayinevi.com.tr\/index.php\/urun\/delirmis-evrenin-ortasinda\/","title":{"rendered":"Delirmi\u015f Evrenin Ortas\u0131nda"},"content":{"rendered":"<p>HERKES\u0130N VE HER \u015eEY\u0130N \u00c7ILDIRDI\u011eI BU \u00c7A\u011eDA, KEND\u0130NE U\u011eRUNA DEL\u0130RMEYE DE\u011eER B\u0130R\u0130N\u0130 BULMU\u015eTU SONUNDA. \u00c7a\u011fda\u015f edebiyat\u0131n sevilen yazarlar\u0131ndan G\u00fcl\u015fah Elikbank, yeni \u00e7a\u011f\u0131n yeni normal insanlar\u0131n\u0131n tuhaf hik\u00e2yesiyle \u00e7\u0131k\u0131yor bu sefer okurun kar\u015f\u0131s\u0131na. Herkesin delirdi\u011fi bir d\u00fcnyada akl\u0131 ba\u015f\u0131nda kalmak da bir nevi delilik say\u0131lmaz m\u0131? Hayattan ve insanlardan \u00fcmidini kesmi\u015fken aralanan yeni bir kap\u0131 ve o kap\u0131dan i\u00e7eri giren ba\u015fka bir delilik&#8230; G\u00fcl\u015fah Elikbank, \u00e7a\u011f\u0131n ruhuna ithaf etti\u011fi bu novellada karanl\u0131\u011f\u0131n i\u00e7inden ayd\u0131nl\u0131\u011fa, ayd\u0131nl\u0131\u011f\u0131n i\u00e7inden zifiri karanl\u0131\u011fa bak\u0131yor ve bizi de renklerin arada kalm\u0131\u015fl\u0131\u011f\u0131 i\u00e7inde farkl\u0131 bir yolculu\u011fa davet ediyor. Sahiden delili\u011fin bir rengi olabilir mi? Bu soruya yan\u0131t\u0131 kahraman\u0131m\u0131z Meryem veriyor. O bu soruyu yan\u0131tlarken t\u00fcm d\u00fcnya aya\u011f\u0131n\u0131n alt\u0131ndan \u00e7ekiliyor oysa. Delilikle bezenen bu sat\u0131rlar\u0131 son derece normal kar\u015f\u0131layacak okurunu bekliyor delirmi\u015f evrenin ortas\u0131nda&#8230; <\/p>\n","protected":false},"excerpt":{"rendered":"<p>HERKES\u0130N VE HER \u015eEY\u0130N \u00c7ILDIRDI\u011eI BU \u00c7A\u011eDA, KEND\u0130NE U\u011eRUNA DEL\u0130RMEYE DE\u011eER B\u0130R\u0130N\u0130 BULMU\u015eTU SONUNDA. \u00c7a\u011fda\u015f edebiyat\u0131n sevilen yazarlar\u0131ndan G\u00fcl\u015fah Elikbank, yeni \u00e7a\u011f\u0131n yeni normal insanlar\u0131n\u0131n tuhaf<span class=\"excerpt-hellip\"> [\u2026]<\/span><\/p>\n","protected":false},"featured_media":0,"template":"","meta":{"_monsterinsights_skip_tracking":false,"_monsterinsights_sitenote_active":false,"_monsterinsights_sitenote_note":"","_monsterinsights_sitenote_category":0},"product_brand":[],"product_cat":[12291,12711],"product_tag":[],"class_list":{"0":"post-751446","1":"product","2":"type-product","3":"status-publish","5":"product_cat-edebiyat","6":"product_cat-roman-oyku","7":"pa_cilt-ciltsiz","8":"pa_tur-kitap","9":"pa_yayinevi-destek-yayinlari","10":"pa_yazar-gulsah-elikbank","12":"first","13":"instock","14":"sale","15":"shipping-taxable","16":"purchasable","17":"product-type-simple"},"_links":{"self":[{"href":"https:\/\/roveyayinevi.com.tr\/index.php\/wp-json\/wp\/v2\/product\/751446","targetHints":{"allow":["GET"]}}],"collection":[{"href":"https:\/\/roveyayinevi.com.tr\/index.php\/wp-json\/wp\/v2\/product"}],"about":[{"href":"https:\/\/roveyayinevi.com.tr\/index.php\/wp-json\/wp\/v2\/types\/product"}],"wp:attachment":[{"href":"https:\/\/roveyayinevi.com.tr\/index.php\/wp-json\/wp\/v2\/media?parent=751446"}],"wp:term":[{"taxonomy":"product_brand","embeddable":true,"href":"https:\/\/roveyayinevi.com.tr\/index.php\/wp-json\/wp\/v2\/product_brand?post=751446"},{"taxonomy":"product_cat","embeddable":true,"href":"https:\/\/roveyayinevi.com.tr\/index.php\/wp-json\/wp\/v2\/product_cat?post=751446"},{"taxonomy":"product_tag","embeddable":true,"href":"https:\/\/roveyayinevi.com.tr\/index.php\/wp-json\/wp\/v2\/product_tag?post=751446"}],"curies":[{"name":"wp","href":"https:\/\/api.w.org\/{rel}","templated":true}]}}