{"id":751441,"date":"2025-08-28T04:49:16","date_gmt":"2025-08-28T01:49:16","guid":{"rendered":"https:\/\/roveyayinevi.com.tr\/index.php\/urun\/olum-yasamin-muhru\/"},"modified":"2026-04-15T03:14:45","modified_gmt":"2026-04-15T00:14:45","slug":"olum-yasamin-muhru","status":"publish","type":"product","link":"https:\/\/roveyayinevi.com.tr\/index.php\/urun\/olum-yasamin-muhru\/","title":{"rendered":"\u00d6l\u00fcm Ya\u015fam\u0131n M\u00fchr\u00fc"},"content":{"rendered":"<p>Ya\u015famla aram\u0131zdaki perdeyi aralayan ve onun manas\u0131na ula\u015fmam\u0131z\u0131 sa\u011flayan \u015fey \u00f6l\u00fcmd\u00fcr. \u00c7\u00fcnk\u00fc bizden hayat\u0131, \u201ckendini s\u00fcrekli yenileyen bir bulu\u015f halinde\u201d ya\u015famam\u0131z\u0131 ister. \u00d6l\u00fcm ya\u015fam\u0131n ilahi m\u00fchr\u00fcd\u00fcr; onun varl\u0131\u011f\u0131, d\u00fcnya \u00fczerinde ge\u00e7irdi\u011fimiz s\u00fcreyi daha k\u0131ymetli k\u0131lar. Hayat\u0131 ya\u015fama halimize, ke\u015ffe dayal\u0131 bir lezzet katar. Dikkatimizi ya\u015fama y\u00f6nlendiren bir dosttur \u00f6l\u00fcm. Ya\u015famla ilgili ilham veren mutlak ve ku\u015fat\u0131c\u0131 bir bilin\u00e7 halidir. \u201c\u00d6l\u00fcm e\u015flik\u00e7ili\u011fi\u201d hakk\u0131nda ne biliyorsunuz? Hayat\u0131n\u0131n son g\u00fcnlerini ya\u015fayanlar\u0131n yan\u0131nda olan, g\u00f6n\u00fcll\u00fc insanlar\u2026 Peki hayat hakk\u0131nda ne biliyorsunuz? Berna K\u00f6ker Poljak taraf\u0131ndan kaleme al\u0131nan bu kitapta; i\u00e7 i\u00e7e ge\u00e7mi\u015f olan ya\u015fam ve \u00f6l\u00fcm kavramlar\u0131n\u0131 yeniden ke\u015ffedecek, ger\u00e7ek ya\u015fam \u00f6yk\u00fclerini okuyacak ve belki de hayat\u0131n hakk\u0131n\u0131 vererek nas\u0131l ya\u015fanaca\u011f\u0131n\u0131, ilk defa bu kadar derinden hissedeceksiniz. <\/p>\n","protected":false},"excerpt":{"rendered":"<p>Ya\u015famla aram\u0131zdaki perdeyi aralayan ve onun manas\u0131na ula\u015fmam\u0131z\u0131 sa\u011flayan \u015fey \u00f6l\u00fcmd\u00fcr. \u00c7\u00fcnk\u00fc bizden hayat\u0131, \u201ckendini s\u00fcrekli yenileyen bir bulu\u015f halinde\u201d ya\u015famam\u0131z\u0131 ister. \u00d6l\u00fcm ya\u015fam\u0131n ilahi m\u00fchr\u00fcd\u00fcr;<span class=\"excerpt-hellip\"> [\u2026]<\/span><\/p>\n","protected":false},"featured_media":0,"template":"","meta":{"_monsterinsights_skip_tracking":false,"_monsterinsights_sitenote_active":false,"_monsterinsights_sitenote_note":"","_monsterinsights_sitenote_category":0},"product_brand":[],"product_cat":[12364,12376],"product_tag":[],"class_list":{"0":"post-751441","1":"product","2":"type-product","3":"status-publish","5":"product_cat-genel-konular","6":"product_cat-kisisel-gelisim","7":"pa_cilt-ciltsiz","8":"pa_tur-kitap","9":"pa_yayinevi-kara-karga-yayinlari","10":"pa_yazar-berna-koker-poljak","12":"first","13":"instock","14":"sale","15":"shipping-taxable","16":"purchasable","17":"product-type-simple"},"_links":{"self":[{"href":"https:\/\/roveyayinevi.com.tr\/index.php\/wp-json\/wp\/v2\/product\/751441","targetHints":{"allow":["GET"]}}],"collection":[{"href":"https:\/\/roveyayinevi.com.tr\/index.php\/wp-json\/wp\/v2\/product"}],"about":[{"href":"https:\/\/roveyayinevi.com.tr\/index.php\/wp-json\/wp\/v2\/types\/product"}],"wp:attachment":[{"href":"https:\/\/roveyayinevi.com.tr\/index.php\/wp-json\/wp\/v2\/media?parent=751441"}],"wp:term":[{"taxonomy":"product_brand","embeddable":true,"href":"https:\/\/roveyayinevi.com.tr\/index.php\/wp-json\/wp\/v2\/product_brand?post=751441"},{"taxonomy":"product_cat","embeddable":true,"href":"https:\/\/roveyayinevi.com.tr\/index.php\/wp-json\/wp\/v2\/product_cat?post=751441"},{"taxonomy":"product_tag","embeddable":true,"href":"https:\/\/roveyayinevi.com.tr\/index.php\/wp-json\/wp\/v2\/product_tag?post=751441"}],"curies":[{"name":"wp","href":"https:\/\/api.w.org\/{rel}","templated":true}]}}