{"id":751439,"date":"2025-08-28T04:49:13","date_gmt":"2025-08-28T01:49:13","guid":{"rendered":"https:\/\/roveyayinevi.com.tr\/index.php\/urun\/istanbulun-kalbindeki-ejder\/"},"modified":"2026-04-16T03:04:46","modified_gmt":"2026-04-16T00:04:46","slug":"istanbulun-kalbindeki-ejder","status":"publish","type":"product","link":"https:\/\/roveyayinevi.com.tr\/index.php\/urun\/istanbulun-kalbindeki-ejder\/","title":{"rendered":"\u0130stanbul\u2019un Kalbindeki Ejder"},"content":{"rendered":"<p>V\u0130CDANININ SES\u0130N\u0130 DUYMAYANLAR \u00d6LMEK \u0130STEYEN\u0130 PE\u015e\u0130N PE\u015e\u0130N DEL\u0130 SANIYORLAR&#8230; Beraber karanl\u0131\u011fa do\u011fru giderken y\u00f6nlerini \u015fa\u015f\u0131r\u0131p gerdanl\u0131\u011f\u0131n\u0131 arayan bir g\u00fcvercinin pe\u015fine tak\u0131l\u0131p g\u00fcne\u015fe do\u011fru yol ald\u0131lar. Bu yolculukta birbirlerinin en derin yaralar\u0131ndan \u00f6pt\u00fcler. Anlad\u0131lar ki ku\u015flar gibi \u00f6zg\u00fcrce u\u00e7mak i\u00e7in iki kanada ihtiya\u00e7lar\u0131 yoktu. Sadece bir miktar umudun olmas\u0131 yeterliydi. G\u00f6\u011f\u00fcskafeslerindeki dermans\u0131z sand\u0131klar\u0131 k\u00f6kle\u015fmi\u015f a\u011fr\u0131, bo\u011fazlar\u0131ndaki onlar\u0131 terk etmeyen o ac\u0131 yumru me\u011ferse susturulmalar\u0131ndan, susmalar\u0131ndan kaynakl\u0131ym\u0131\u015f. Yolculuklar\u0131n\u0131 tamamlad\u0131klar\u0131nda zihinlerindeki \u00f6l\u00e7\u00fcyle \u00f6nce birbirlerini okumaya ba\u015flad\u0131lar, sonras\u0131 zaten t\u00fcm hik\u00e2yelerini ba\u015ftan do\u011frusuyla yazmaya&#8230; O g\u00fcnden sonra onlar peri masallar\u0131n\u0131 rafa kald\u0131rd\u0131lar, \u015fimdi ise ge\u00e7mi\u015fte mezar olmu\u015f kalplerini yeniden ya\u015fatmakla me\u015fguller. <\/p>\n","protected":false},"excerpt":{"rendered":"<p>V\u0130CDANININ SES\u0130N\u0130 DUYMAYANLAR \u00d6LMEK \u0130STEYEN\u0130 PE\u015e\u0130N PE\u015e\u0130N DEL\u0130 SANIYORLAR&#8230; Beraber karanl\u0131\u011fa do\u011fru giderken y\u00f6nlerini \u015fa\u015f\u0131r\u0131p gerdanl\u0131\u011f\u0131n\u0131 arayan bir g\u00fcvercinin pe\u015fine tak\u0131l\u0131p g\u00fcne\u015fe do\u011fru yol ald\u0131lar. Bu<span class=\"excerpt-hellip\"> [\u2026]<\/span><\/p>\n","protected":false},"featured_media":0,"template":"","meta":{"_monsterinsights_skip_tracking":false,"_monsterinsights_sitenote_active":false,"_monsterinsights_sitenote_note":"","_monsterinsights_sitenote_category":0},"product_brand":[],"product_cat":[12291,12711],"product_tag":[],"class_list":{"0":"post-751439","1":"product","2":"type-product","3":"status-publish","5":"product_cat-edebiyat","6":"product_cat-roman-oyku","7":"pa_cilt-ciltsiz","8":"pa_tur-kitap","9":"pa_yayinevi-destek-yayinlari","10":"pa_yazar-gunes-altunkas","12":"first","13":"instock","14":"sale","15":"shipping-taxable","16":"purchasable","17":"product-type-simple"},"_links":{"self":[{"href":"https:\/\/roveyayinevi.com.tr\/index.php\/wp-json\/wp\/v2\/product\/751439","targetHints":{"allow":["GET"]}}],"collection":[{"href":"https:\/\/roveyayinevi.com.tr\/index.php\/wp-json\/wp\/v2\/product"}],"about":[{"href":"https:\/\/roveyayinevi.com.tr\/index.php\/wp-json\/wp\/v2\/types\/product"}],"wp:attachment":[{"href":"https:\/\/roveyayinevi.com.tr\/index.php\/wp-json\/wp\/v2\/media?parent=751439"}],"wp:term":[{"taxonomy":"product_brand","embeddable":true,"href":"https:\/\/roveyayinevi.com.tr\/index.php\/wp-json\/wp\/v2\/product_brand?post=751439"},{"taxonomy":"product_cat","embeddable":true,"href":"https:\/\/roveyayinevi.com.tr\/index.php\/wp-json\/wp\/v2\/product_cat?post=751439"},{"taxonomy":"product_tag","embeddable":true,"href":"https:\/\/roveyayinevi.com.tr\/index.php\/wp-json\/wp\/v2\/product_tag?post=751439"}],"curies":[{"name":"wp","href":"https:\/\/api.w.org\/{rel}","templated":true}]}}