{"id":751436,"date":"2025-08-28T04:49:08","date_gmt":"2025-08-28T01:49:08","guid":{"rendered":"https:\/\/roveyayinevi.com.tr\/index.php\/urun\/brutal-1\/"},"modified":"2026-04-16T03:04:46","modified_gmt":"2026-04-16T00:04:46","slug":"brutal-1","status":"publish","type":"product","link":"https:\/\/roveyayinevi.com.tr\/index.php\/urun\/brutal-1\/","title":{"rendered":"Brutal 1"},"content":{"rendered":"<p>CAN\u0130LER \u0130\u00c7\u0130N B\u0130R POL\u0130S\u0130N \u0130NT\u0130KAM PLANLARI&#8230; Dedektif Hiroki yak\u0131\u015f\u0131kl\u0131, ba\u015far\u0131l\u0131 ve yetenekli bir adamd\u0131r. \u00c7\u00f6zd\u00fc\u011f\u00fc her davay\u0131, ba\u015far\u0131 listesine eklemesi gereken bir zafer olarak g\u00f6r\u00fcr. Hiroki her ne kadar i\u015fini \u00e7ok sevse de, KORKUN\u00c7 \u0130NSANLARI DURDURMA KONUSUNDA POL\u0130S VE KANUNLARIN YETERS\u0130Z KALMASIYLA HAYAL KIRIKLI\u011eINA U\u011eRAR VE BU SORUNU \u00c7\u00d6ZMEYE KARAR VER\u0130R. Hiroki \u201cG\u00f6ze g\u00f6z, di\u015fe di\u015f!\u201d der ve kendi adaletini sa\u011flamak i\u00e7in soka\u011fa \u00e7\u0131kar. Onun \u015fehrinde art\u0131k kimse dokunulmaz de\u011fildir. Herkes yapt\u0131\u011f\u0131 k\u00f6t\u00fcl\u00fc\u011f\u00fcn cezas\u0131n\u0131 \u00e7ekecektir. <\/p>\n","protected":false},"excerpt":{"rendered":"<p>CAN\u0130LER \u0130\u00c7\u0130N B\u0130R POL\u0130S\u0130N \u0130NT\u0130KAM PLANLARI&#8230; Dedektif Hiroki yak\u0131\u015f\u0131kl\u0131, ba\u015far\u0131l\u0131 ve yetenekli bir adamd\u0131r. \u00c7\u00f6zd\u00fc\u011f\u00fc her davay\u0131, ba\u015far\u0131 listesine eklemesi gereken bir zafer olarak g\u00f6r\u00fcr. Hiroki<span class=\"excerpt-hellip\"> [\u2026]<\/span><\/p>\n","protected":false},"featured_media":0,"template":"","meta":{"_monsterinsights_skip_tracking":false,"_monsterinsights_sitenote_active":false,"_monsterinsights_sitenote_note":"","_monsterinsights_sitenote_category":0},"product_brand":[],"product_cat":[12416,12291],"product_tag":[],"class_list":{"0":"post-751436","1":"product","2":"type-product","3":"status-publish","5":"product_cat-cizgi-roman","6":"product_cat-edebiyat","7":"pa_cilt-ciltsiz","8":"pa_tur-kitap","9":"pa_yayinevi-athica-yayinlari","10":"pa_yazar-kei-koga","12":"first","13":"instock","14":"sale","15":"shipping-taxable","16":"purchasable","17":"product-type-simple"},"_links":{"self":[{"href":"https:\/\/roveyayinevi.com.tr\/index.php\/wp-json\/wp\/v2\/product\/751436","targetHints":{"allow":["GET"]}}],"collection":[{"href":"https:\/\/roveyayinevi.com.tr\/index.php\/wp-json\/wp\/v2\/product"}],"about":[{"href":"https:\/\/roveyayinevi.com.tr\/index.php\/wp-json\/wp\/v2\/types\/product"}],"wp:attachment":[{"href":"https:\/\/roveyayinevi.com.tr\/index.php\/wp-json\/wp\/v2\/media?parent=751436"}],"wp:term":[{"taxonomy":"product_brand","embeddable":true,"href":"https:\/\/roveyayinevi.com.tr\/index.php\/wp-json\/wp\/v2\/product_brand?post=751436"},{"taxonomy":"product_cat","embeddable":true,"href":"https:\/\/roveyayinevi.com.tr\/index.php\/wp-json\/wp\/v2\/product_cat?post=751436"},{"taxonomy":"product_tag","embeddable":true,"href":"https:\/\/roveyayinevi.com.tr\/index.php\/wp-json\/wp\/v2\/product_tag?post=751436"}],"curies":[{"name":"wp","href":"https:\/\/api.w.org\/{rel}","templated":true}]}}