{"id":751434,"date":"2025-08-28T04:49:05","date_gmt":"2025-08-28T01:49:05","guid":{"rendered":"https:\/\/roveyayinevi.com.tr\/index.php\/urun\/cocuk-egitimi-3\/"},"modified":"2026-04-16T03:04:46","modified_gmt":"2026-04-16T00:04:46","slug":"cocuk-egitimi-3","status":"publish","type":"product","link":"https:\/\/roveyayinevi.com.tr\/index.php\/urun\/cocuk-egitimi-3\/","title":{"rendered":"\u00c7ocuk E\u011fitimi"},"content":{"rendered":"<p>Yeti\u015fkinlik ya\u015fam\u0131nda g\u00fcn y\u00fcz\u00fcne \u00e7\u0131kan davran\u0131\u015f problemlerinin izi, \u00e7ocukluk ya\u015fam\u0131nda yap\u0131lan pedagojik hatalara dek s\u00fcr\u00fclebilir. Elinizdeki kitap; \u00e7ocuk e\u011fitiminin birbiriyle i\u00e7 i\u00e7e ge\u00e7mi\u015f problemlerinin, ebeveyn ve \u00f6\u011fretmenlerin yanl\u0131\u015f tutumlar\u0131n\u0131n, bu tutumlar\u0131n \u00e7ocu\u011fun davran\u0131\u015f\u0131nda ve ya\u015fama bak\u0131\u015f a\u00e7\u0131s\u0131nda yaratt\u0131\u011f\u0131 hasarlar\u0131n, problem \u00e7ocuklar ve tedavi y\u00f6ntemleri gibi e\u011fitsel pek \u00e7ok konunun, ya\u015fanm\u0131\u015f vaka \u00f6yk\u00fcleri \u00fczerinden derinlemesine ve ak\u0131c\u0131 bir dille harikulade bir incelemesinden olu\u015fuyor. Bireysel psikolojinin genel hatlar\u0131n\u0131n sunumuyla ba\u015flayan kitap, \u00e7ocuk e\u011fitiminde zorlanan t\u00fcm ebeveynler \u00f6\u011fretmenler, e\u011fitimci adaylar\u0131 ve insan psikolojisine ilgi duyan herkes i\u00e7in bir k\u0131lavuz kitap niteli\u011finde. <\/p>\n","protected":false},"excerpt":{"rendered":"<p>Yeti\u015fkinlik ya\u015fam\u0131nda g\u00fcn y\u00fcz\u00fcne \u00e7\u0131kan davran\u0131\u015f problemlerinin izi, \u00e7ocukluk ya\u015fam\u0131nda yap\u0131lan pedagojik hatalara dek s\u00fcr\u00fclebilir. Elinizdeki kitap; \u00e7ocuk e\u011fitiminin birbiriyle i\u00e7 i\u00e7e ge\u00e7mi\u015f problemlerinin, ebeveyn ve<span class=\"excerpt-hellip\"> [\u2026]<\/span><\/p>\n","protected":false},"featured_media":0,"template":"","meta":{"_monsterinsights_skip_tracking":false,"_monsterinsights_sitenote_active":false,"_monsterinsights_sitenote_note":"","_monsterinsights_sitenote_category":0},"product_brand":[],"product_cat":[12566],"product_tag":[],"class_list":{"0":"post-751434","1":"product","2":"type-product","3":"status-publish","5":"product_cat-egitim","6":"pa_cilt-ciltsiz","7":"pa_tur-kitap","8":"pa_yayinevi-fark-yayinlari","9":"pa_yazar-alfred-adler","11":"first","12":"instock","13":"sale","14":"shipping-taxable","15":"purchasable","16":"product-type-simple"},"_links":{"self":[{"href":"https:\/\/roveyayinevi.com.tr\/index.php\/wp-json\/wp\/v2\/product\/751434","targetHints":{"allow":["GET"]}}],"collection":[{"href":"https:\/\/roveyayinevi.com.tr\/index.php\/wp-json\/wp\/v2\/product"}],"about":[{"href":"https:\/\/roveyayinevi.com.tr\/index.php\/wp-json\/wp\/v2\/types\/product"}],"wp:attachment":[{"href":"https:\/\/roveyayinevi.com.tr\/index.php\/wp-json\/wp\/v2\/media?parent=751434"}],"wp:term":[{"taxonomy":"product_brand","embeddable":true,"href":"https:\/\/roveyayinevi.com.tr\/index.php\/wp-json\/wp\/v2\/product_brand?post=751434"},{"taxonomy":"product_cat","embeddable":true,"href":"https:\/\/roveyayinevi.com.tr\/index.php\/wp-json\/wp\/v2\/product_cat?post=751434"},{"taxonomy":"product_tag","embeddable":true,"href":"https:\/\/roveyayinevi.com.tr\/index.php\/wp-json\/wp\/v2\/product_tag?post=751434"}],"curies":[{"name":"wp","href":"https:\/\/api.w.org\/{rel}","templated":true}]}}