{"id":751428,"date":"2025-08-28T04:48:47","date_gmt":"2025-08-28T01:48:47","guid":{"rendered":"https:\/\/roveyayinevi.com.tr\/index.php\/urun\/felsefe-ve-kelam-acisindan-nefs-ve-ahiret\/"},"modified":"2026-04-16T03:04:46","modified_gmt":"2026-04-16T00:04:46","slug":"felsefe-ve-kelam-acisindan-nefs-ve-ahiret","status":"publish","type":"product","link":"https:\/\/roveyayinevi.com.tr\/index.php\/urun\/felsefe-ve-kelam-acisindan-nefs-ve-ahiret\/","title":{"rendered":"Felsefe ve Kelam A\u00e7\u0131s\u0131ndan Nefs ve Ahiret"},"content":{"rendered":"<p>\u00d6l\u00fcm, ink\u00e2r edilmez bir hakikattir. Bu hakikatin varl\u0131\u011f\u0131na ra\u011fmen insanlar\u0131n \u00e7o\u011fu, \u00f6l\u00fcm hadisesini d\u00fc\u015f\u00fcnmeyi pek istemezler, \u00f6l\u00fcm \u00fczerinde fazla durmazlar. \u0130nsan\u0131n, d\u00fcnyaya gelmesinde hi\u00e7bir iradesi olmad\u0131\u011f\u0131 gibi \u00f6l\u00fcm\u00fcn\u00fcn zaman\u0131 ve yeri hakk\u0131nda da hi\u00e7bir m\u00fcdahalesi ve fikri bulunmamaktad\u0131r.  \u0130nsanlar, tarih boyunca bu me\u015fguliyetten kurtulmak i\u00e7in ilah\u00ee dinlerin \u00f6\u011fretisine de s\u0131\u011f\u0131narak \u00e7areler bulmaya \u00e7al\u0131\u015fm\u0131\u015ft\u0131r. \u0130slam d\u00fc\u015f\u00fcnce tarihinde insan bedenine hayat veren nefis (ruh) ve onun varl\u0131\u011f\u0131 ile mahiyeti hakk\u0131ndaki bilgiler \u00e7ok\u00e7a tart\u0131\u015f\u0131lan konulardan biri olmu\u015ftur. Ahiret hayat\u0131 ise \u0130sl\u00e2m felsefesi tarihinde \u00f6zellikle teh\u00e2f\u00fct gelene\u011fi i\u00e7inde ele al\u0131n\u0131p d\u00fc\u015f\u00fcn\u00fcrlerin birbirlerini ciddi manada itham ettikleri konular\u0131n ba\u015f\u0131nda gelmektedir.    Bu \u00e7al\u0131\u015fmada; \u0130sl\u00e2m d\u00fc\u015f\u00fcnce sisteminin en temel inan\u00e7 ilkelerinden biri olan nefs ve ahiret hayat\u0131 (yeniden dirili\u015f) hakk\u0131ndaki \u0130bn S\u00een\u00e2 ile onun d\u00fc\u015f\u00fcncelerini hareket noktas\u0131 kabul eden Gazz\u00e2l\u00ee, \u0130bn R\u00fc\u015fd, Hocaz\u00e2de ve Ali T\u00fbs\u00ee\u2019nin g\u00f6r\u00fc\u015fleri \u00e7er\u00e7evesinde ortaya koyulmaya \u00e7al\u0131\u015f\u0131lm\u0131\u015ft\u0131r. <\/p>\n","protected":false},"excerpt":{"rendered":"<p>\u00d6l\u00fcm, ink\u00e2r edilmez bir hakikattir. Bu hakikatin varl\u0131\u011f\u0131na ra\u011fmen insanlar\u0131n \u00e7o\u011fu, \u00f6l\u00fcm hadisesini d\u00fc\u015f\u00fcnmeyi pek istemezler, \u00f6l\u00fcm \u00fczerinde fazla durmazlar. \u0130nsan\u0131n, d\u00fcnyaya gelmesinde hi\u00e7bir iradesi olmad\u0131\u011f\u0131<span class=\"excerpt-hellip\"> [\u2026]<\/span><\/p>\n","protected":false},"featured_media":0,"template":"","meta":{"_monsterinsights_skip_tracking":false,"_monsterinsights_sitenote_active":false,"_monsterinsights_sitenote_note":"","_monsterinsights_sitenote_category":0},"product_brand":[],"product_cat":[12389,12388],"product_tag":[],"class_list":{"0":"post-751428","1":"product","2":"type-product","3":"status-publish","5":"product_cat-diger-felsefe","6":"product_cat-felsefe","7":"pa_cilt-ciltsiz","8":"pa_tur-kitap","9":"pa_yayinevi-cinaralti-yayinlari","10":"pa_yazar-abdullah-tutgun","12":"first","13":"instock","14":"sale","15":"shipping-taxable","16":"purchasable","17":"product-type-simple"},"_links":{"self":[{"href":"https:\/\/roveyayinevi.com.tr\/index.php\/wp-json\/wp\/v2\/product\/751428","targetHints":{"allow":["GET"]}}],"collection":[{"href":"https:\/\/roveyayinevi.com.tr\/index.php\/wp-json\/wp\/v2\/product"}],"about":[{"href":"https:\/\/roveyayinevi.com.tr\/index.php\/wp-json\/wp\/v2\/types\/product"}],"wp:attachment":[{"href":"https:\/\/roveyayinevi.com.tr\/index.php\/wp-json\/wp\/v2\/media?parent=751428"}],"wp:term":[{"taxonomy":"product_brand","embeddable":true,"href":"https:\/\/roveyayinevi.com.tr\/index.php\/wp-json\/wp\/v2\/product_brand?post=751428"},{"taxonomy":"product_cat","embeddable":true,"href":"https:\/\/roveyayinevi.com.tr\/index.php\/wp-json\/wp\/v2\/product_cat?post=751428"},{"taxonomy":"product_tag","embeddable":true,"href":"https:\/\/roveyayinevi.com.tr\/index.php\/wp-json\/wp\/v2\/product_tag?post=751428"}],"curies":[{"name":"wp","href":"https:\/\/api.w.org\/{rel}","templated":true}]}}