{"id":751427,"date":"2025-08-28T04:48:46","date_gmt":"2025-08-28T01:48:46","guid":{"rendered":"https:\/\/roveyayinevi.com.tr\/index.php\/urun\/beyaz-yuruyus\/"},"modified":"2026-04-16T03:04:46","modified_gmt":"2026-04-16T00:04:46","slug":"beyaz-yuruyus","status":"publish","type":"product","link":"https:\/\/roveyayinevi.com.tr\/index.php\/urun\/beyaz-yuruyus\/","title":{"rendered":"Beyaz Y\u00fcr\u00fcy\u00fc\u015f"},"content":{"rendered":"<p>Bir b\u00fcy\u00fck hedefiniz yoksa, \u201c\u00f6te\u201dye do\u011fru y\u00fcr\u00fcd\u00fc\u011f\u00fcn\u00fcz\u00fcn bilincinde de\u011filseniz, \u201c\u00f6te\u201dyi d\u00fc\u015f\u00fcnm\u00fcyorsan\u0131z \u00e7abucak t\u00fckeniveriyorsunuz. T\u00fckendik biz\u2026 \u0130nsan \u00f6mr\u00fcn\u00fcn d\u0131\u015f\u0131na ta\u015fan arzular\u0131m\u0131z, istediklerimiz, hedeflerimiz olmad\u0131\u011f\u0131 i\u00e7in t\u00fckendik. Hat\u0131r-g\u00f6n\u00fcl k\u0131ran, kavgac\u0131 iki insan olduk. Dedi\u011fim dedik\u00e7i, asla g\u00f6n\u00fclc\u00fc de\u011fil ama ak\u0131lc\u0131, k\u0131r\u0131c\u0131, y\u0131k\u0131c\u0131, birbirini \u00e7ekemeyen, affedemeyen iki insan\u2026 Ve ak\u0131lc\u0131 yolla hallettik i\u015fimizi. Mahkemeye ba\u015fvurduk, \u015fiddetli ge\u00e7imsizlikten yar\u0131ld\u0131k. Hayattan bekledi\u011fini alan ve art\u0131k bekledi\u011fi \u00f6nemli hi\u00e7bir \u015feyi kalmayan insan ne yapacak? Elbette kurdu\u011fu d\u00fczeni bozup da\u011f\u0131tacak. Sonra yeniden kurmaya \u00e7al\u0131\u015facak. *** K\u00fclt\u00fcr Bakanl\u0131\u011f\u0131 100.Y\u0131l yar\u0131\u015fmalar\u0131nda yazar\u0131na \u00f6yk\u00fc dal\u0131nda birincilik \u00f6d\u00fcl\u00fc kazand\u0131ran \u201cBeyaz Y\u00fcr\u00fcy\u00fc\u015f\u201d, okurlar\u0131n\u0131 g\u00fczelliklerle dolu hik\u00e2yelerle bir araya getiriyor. <\/p>\n","protected":false},"excerpt":{"rendered":"<p>Bir b\u00fcy\u00fck hedefiniz yoksa, \u201c\u00f6te\u201dye do\u011fru y\u00fcr\u00fcd\u00fc\u011f\u00fcn\u00fcz\u00fcn bilincinde de\u011filseniz, \u201c\u00f6te\u201dyi d\u00fc\u015f\u00fcnm\u00fcyorsan\u0131z \u00e7abucak t\u00fckeniveriyorsunuz. T\u00fckendik biz\u2026 \u0130nsan \u00f6mr\u00fcn\u00fcn d\u0131\u015f\u0131na ta\u015fan arzular\u0131m\u0131z, istediklerimiz, hedeflerimiz olmad\u0131\u011f\u0131 i\u00e7in t\u00fckendik. Hat\u0131r-g\u00f6n\u00fcl<span class=\"excerpt-hellip\"> [\u2026]<\/span><\/p>\n","protected":false},"featured_media":0,"template":"","meta":{"_monsterinsights_skip_tracking":false,"_monsterinsights_sitenote_active":false,"_monsterinsights_sitenote_note":"","_monsterinsights_sitenote_category":0},"product_brand":[],"product_cat":[12291,18202],"product_tag":[],"class_list":{"0":"post-751427","1":"product","2":"type-product","3":"status-publish","5":"product_cat-edebiyat","6":"product_cat-hikaye","7":"pa_cilt-ciltsiz","8":"pa_tur-kitap","9":"pa_yayinevi-cinaralti-yayinlari","10":"pa_yazar-osman-ceviksoy","12":"first","13":"instock","14":"sale","15":"shipping-taxable","16":"purchasable","17":"product-type-simple"},"_links":{"self":[{"href":"https:\/\/roveyayinevi.com.tr\/index.php\/wp-json\/wp\/v2\/product\/751427","targetHints":{"allow":["GET"]}}],"collection":[{"href":"https:\/\/roveyayinevi.com.tr\/index.php\/wp-json\/wp\/v2\/product"}],"about":[{"href":"https:\/\/roveyayinevi.com.tr\/index.php\/wp-json\/wp\/v2\/types\/product"}],"wp:attachment":[{"href":"https:\/\/roveyayinevi.com.tr\/index.php\/wp-json\/wp\/v2\/media?parent=751427"}],"wp:term":[{"taxonomy":"product_brand","embeddable":true,"href":"https:\/\/roveyayinevi.com.tr\/index.php\/wp-json\/wp\/v2\/product_brand?post=751427"},{"taxonomy":"product_cat","embeddable":true,"href":"https:\/\/roveyayinevi.com.tr\/index.php\/wp-json\/wp\/v2\/product_cat?post=751427"},{"taxonomy":"product_tag","embeddable":true,"href":"https:\/\/roveyayinevi.com.tr\/index.php\/wp-json\/wp\/v2\/product_tag?post=751427"}],"curies":[{"name":"wp","href":"https:\/\/api.w.org\/{rel}","templated":true}]}}