{"id":751426,"date":"2025-08-28T04:48:44","date_gmt":"2025-08-28T01:48:44","guid":{"rendered":"https:\/\/roveyayinevi.com.tr\/index.php\/urun\/aglamak-yasak\/"},"modified":"2026-04-16T03:04:46","modified_gmt":"2026-04-16T00:04:46","slug":"aglamak-yasak","status":"publish","type":"product","link":"https:\/\/roveyayinevi.com.tr\/index.php\/urun\/aglamak-yasak\/","title":{"rendered":"A\u011flamak Yasak"},"content":{"rendered":"<p>&#8220;Bu millet niye bu h\u00e2le d\u00fc\u015ft\u00fc? Yirmi y\u0131l dayand\u0131k, yirmi y\u0131l daha dayanabilecek miyiz? S\u00f6z\u00fc sak\u0131z, k\u00f6leli\u011fi kurtulu\u015f bildik fakat analar\u0131m\u0131z\u0131n y\u00fcre\u011fi ta\u015f ba\u011flad\u0131&#8230; Kar\u0131lar\u0131m\u0131z dul, \u00e7ocuklar\u0131m\u0131z yetim kald\u0131&#8230; Para verildi, parayla al\u0131namayacak nemiz varsa al\u0131nd\u0131&#8230; Yozla\u015ft\u0131k, posala\u015ft\u0131k&#8230; Bunu bilmez mi beyler? Bilirse, bu tren, bu kalabal\u0131k nedir? Ben niye buraday\u0131m? Niye boynu b\u00fck\u00fck \u00e7ocuklar\u0131m\u0131n? Ah! Ya\u011fs\u0131z a\u015f, kuru ekmek yiyip ele minnet etmeyen anam&#8230; ah!..&#8221; *** Adam kah\u0131rland\u0131k\u00e7a kah\u0131rlan\u0131r. Kah\u0131r, kalabal\u0131\u011f\u0131 seyreden g\u00f6zlerinde ya\u015fa d\u00f6n\u00fc\u015f\u00fcrken adam birden kendine gelir. Babad\u0131r, b\u00fcy\u00fckt\u00fcr&#8230; Kar\u0131s\u0131, \u00e7ocuklar\u0131 yan\u0131ndad\u0131r&#8230; A\u011flamak yasakt\u0131r. <\/p>\n","protected":false},"excerpt":{"rendered":"<p>&#8220;Bu millet niye bu h\u00e2le d\u00fc\u015ft\u00fc? Yirmi y\u0131l dayand\u0131k, yirmi y\u0131l daha dayanabilecek miyiz? S\u00f6z\u00fc sak\u0131z, k\u00f6leli\u011fi kurtulu\u015f bildik fakat analar\u0131m\u0131z\u0131n y\u00fcre\u011fi ta\u015f ba\u011flad\u0131&#8230; Kar\u0131lar\u0131m\u0131z dul,<span class=\"excerpt-hellip\"> [\u2026]<\/span><\/p>\n","protected":false},"featured_media":0,"template":"","meta":{"_monsterinsights_skip_tracking":false,"_monsterinsights_sitenote_active":false,"_monsterinsights_sitenote_note":"","_monsterinsights_sitenote_category":0},"product_brand":[],"product_cat":[12291,18202],"product_tag":[],"class_list":{"0":"post-751426","1":"product","2":"type-product","3":"status-publish","5":"product_cat-edebiyat","6":"product_cat-hikaye","7":"pa_cilt-ciltsiz","8":"pa_tur-kitap","9":"pa_yayinevi-cinaralti-yayinlari","10":"pa_yazar-osman-ceviksoy","12":"first","13":"instock","14":"sale","15":"shipping-taxable","16":"purchasable","17":"product-type-simple"},"_links":{"self":[{"href":"https:\/\/roveyayinevi.com.tr\/index.php\/wp-json\/wp\/v2\/product\/751426","targetHints":{"allow":["GET"]}}],"collection":[{"href":"https:\/\/roveyayinevi.com.tr\/index.php\/wp-json\/wp\/v2\/product"}],"about":[{"href":"https:\/\/roveyayinevi.com.tr\/index.php\/wp-json\/wp\/v2\/types\/product"}],"wp:attachment":[{"href":"https:\/\/roveyayinevi.com.tr\/index.php\/wp-json\/wp\/v2\/media?parent=751426"}],"wp:term":[{"taxonomy":"product_brand","embeddable":true,"href":"https:\/\/roveyayinevi.com.tr\/index.php\/wp-json\/wp\/v2\/product_brand?post=751426"},{"taxonomy":"product_cat","embeddable":true,"href":"https:\/\/roveyayinevi.com.tr\/index.php\/wp-json\/wp\/v2\/product_cat?post=751426"},{"taxonomy":"product_tag","embeddable":true,"href":"https:\/\/roveyayinevi.com.tr\/index.php\/wp-json\/wp\/v2\/product_tag?post=751426"}],"curies":[{"name":"wp","href":"https:\/\/api.w.org\/{rel}","templated":true}]}}