{"id":751423,"date":"2025-08-28T04:48:41","date_gmt":"2025-08-28T01:48:41","guid":{"rendered":"https:\/\/roveyayinevi.com.tr\/index.php\/urun\/bu-takintili-dusuncelerle-ne-yapacagim\/"},"modified":"2026-04-16T03:04:46","modified_gmt":"2026-04-16T00:04:46","slug":"bu-takintili-dusuncelerle-ne-yapacagim","status":"publish","type":"product","link":"https:\/\/roveyayinevi.com.tr\/index.php\/urun\/bu-takintili-dusuncelerle-ne-yapacagim\/","title":{"rendered":"Bu Tak\u0131nt\u0131l\u0131 D\u00fc\u015f\u00fcncelerle Ne Yapaca\u011f\u0131m?"},"content":{"rendered":"<p>\u2022 De\u011fer yarg\u0131lar\u0131n\u0131za ters, uygunsuz, tuhaf d\u00fc\u015f\u00fcnceler mi musallatoluyor zihninize?\u2022 Kimli\u011finize ayk\u0131r\u0131, \u00f6rne\u011fin sald\u0131rganca d\u00fcrt\u00fcler hissetti\u011finizdebunlara ili\u015fkin g\u00f6r\u00fcnt\u00fc ve imajlar m\u0131 beliriyor zihninizde?\u2022 Zihninizde \u00e2deta kendili\u011finden beliren bu t\u00fcr rahats\u0131z edici,istenmeyen d\u00fc\u015f\u00fcnce, imge ve d\u00fcrt\u00fcleriniz daha \u00e7ok dini, cinsel yada felsefi konularla m\u0131 ilgili?\u2022 Kendinizi, en kutsal sayd\u0131\u011f\u0131n\u0131z\u0131 tahrip ederken ya da kendinizeve en yak\u0131n\u0131n\u0131zdakilere zarar verirken mi hayal ediyorsunuz?Bunlar\u0131 yapabilece\u011finizden korkup \u00f6nlemler mi al\u0131yorsunuz? Yada bunlar akl\u0131n\u0131zdan ge\u00e7ti\u011fi anda, o d\u00fc\u015f\u00fcncelerden ka\u00e7abilmek i\u00e7in \u00e7e\u015fitli rit\u00fceller mi geli\u015ftiriyorsunuz?\u2022 Bu d\u00fc\u015f\u00fcnce, imge ve d\u00fcrt\u00fcler kimseye a\u00e7amayaca\u011f\u0131n\u0131z kadar ayk\u0131r\u0131 m\u0131 sizce? Ya da durumunuzu yak\u0131nlar\u0131n\u0131zla payla\u015fmak hi\u00e7bir \u015feyi de\u011fi\u015ftirmedi mi?\u2022 Rahats\u0131z edici bu d\u00fc\u015f\u00fcnce, imge ve d\u00fcrt\u00fclerinizi tehlikeli mi buluyorsunuz? Bu durumun eninde sonunda bir felaketle misonu\u00e7lanaca\u011f\u0131na inan\u0131yorsunuz?\u2022 Sizce bu d\u00fc\u015f\u00fcnce, d\u00fcrt\u00fc ve imgelerinizden sorumlu musunuz?\u2022 Bu d\u00fc\u015f\u00fcnce, imge ve d\u00fcrt\u00fcler sizi delirtebilir mi?\u2022 Ne kadar ka\u00e7san\u0131z, reddetseniz de zihninize tekrar tekrar gelen bud\u00fc\u015f\u00fcnce ve imgelerden nas\u0131l kurtulaca\u011f\u0131n\u0131z\u0131 bilemiyor musunuz? Prof. Dr. M. Hakan T\u00fcrk\u00e7apar\u2019\u0131n edit\u00f6rl\u00fc\u011f\u00fcnde haz\u0131rlanan Hayat\u0131Anlamak Serisi \u2019nin bu be\u015finci kitab\u0131nda Prof. Dr. Kadir \u00d6zdel, insanzihnine \u00e2deta kendili\u011finden gelen rahats\u0131z edici d\u00fc\u015f\u00fcncelerin nas\u0131lobsesif kompulsif bozuklu\u011fa d\u00f6n\u00fc\u015ft\u00fc\u011f\u00fcn\u00fc anlat\u0131yor. Bili\u015fsel Davran\u0131\u015f\u00e7\u0131 Psikoterapi&#8217;yi esas alarak haz\u0131rlad\u0131\u011f\u0131 de\u011ferlendirme anketlerive \u00e7\u00f6z\u00fcm uygulamalar\u0131 ile bu konuda kendi kendinize nas\u0131l yard\u0131medebilece\u011finizi ad\u0131m ad\u0131m g\u00f6sterirken, insan\u0131n en karanl\u0131k gizlerinden birini ayd\u0131nlat\u0131yor: Zihniniz, zehirsiz de olsa y\u0131lanlar\u0131n doland\u0131\u011f\u0131 bir bah\u00e7eyse, o bah\u00e7edenas\u0131l sa\u011fl\u0131kl\u0131 ya\u015fars\u0131n\u0131z?<\/p>\n","protected":false},"excerpt":{"rendered":"<p>\u2022 De\u011fer yarg\u0131lar\u0131n\u0131za ters, uygunsuz, tuhaf d\u00fc\u015f\u00fcnceler mi musallatoluyor zihninize?\u2022 Kimli\u011finize ayk\u0131r\u0131, \u00f6rne\u011fin sald\u0131rganca d\u00fcrt\u00fcler hissetti\u011finizdebunlara ili\u015fkin g\u00f6r\u00fcnt\u00fc ve imajlar m\u0131 beliriyor zihninizde?\u2022 Zihninizde \u00e2deta kendili\u011finden<span class=\"excerpt-hellip\"> [\u2026]<\/span><\/p>\n","protected":false},"featured_media":0,"template":"","meta":{"_monsterinsights_skip_tracking":false,"_monsterinsights_sitenote_active":false,"_monsterinsights_sitenote_note":"","_monsterinsights_sitenote_category":0},"product_brand":[],"product_cat":[12357],"product_tag":[],"class_list":{"0":"post-751423","1":"product","2":"type-product","3":"status-publish","5":"product_cat-psikoloji","6":"pa_cilt-ciltsiz","7":"pa_tur-kitap","8":"pa_yayinevi-epsilon-yayinlari","9":"pa_yazar-kadir-ozdel","11":"first","12":"instock","13":"sale","14":"shipping-taxable","15":"purchasable","16":"product-type-simple"},"_links":{"self":[{"href":"https:\/\/roveyayinevi.com.tr\/index.php\/wp-json\/wp\/v2\/product\/751423","targetHints":{"allow":["GET"]}}],"collection":[{"href":"https:\/\/roveyayinevi.com.tr\/index.php\/wp-json\/wp\/v2\/product"}],"about":[{"href":"https:\/\/roveyayinevi.com.tr\/index.php\/wp-json\/wp\/v2\/types\/product"}],"wp:attachment":[{"href":"https:\/\/roveyayinevi.com.tr\/index.php\/wp-json\/wp\/v2\/media?parent=751423"}],"wp:term":[{"taxonomy":"product_brand","embeddable":true,"href":"https:\/\/roveyayinevi.com.tr\/index.php\/wp-json\/wp\/v2\/product_brand?post=751423"},{"taxonomy":"product_cat","embeddable":true,"href":"https:\/\/roveyayinevi.com.tr\/index.php\/wp-json\/wp\/v2\/product_cat?post=751423"},{"taxonomy":"product_tag","embeddable":true,"href":"https:\/\/roveyayinevi.com.tr\/index.php\/wp-json\/wp\/v2\/product_tag?post=751423"}],"curies":[{"name":"wp","href":"https:\/\/api.w.org\/{rel}","templated":true}]}}