{"id":751419,"date":"2025-08-28T04:48:33","date_gmt":"2025-08-28T01:48:33","guid":{"rendered":"https:\/\/roveyayinevi.com.tr\/index.php\/urun\/vahsi-2\/"},"modified":"2026-04-16T03:04:45","modified_gmt":"2026-04-16T00:04:45","slug":"vahsi-2","status":"publish","type":"product","link":"https:\/\/roveyayinevi.com.tr\/index.php\/urun\/vahsi-2\/","title":{"rendered":"Vah\u015fi"},"content":{"rendered":"<p>Bir ideal u\u011fruna \u00e7al\u0131\u015fan insanlar vard\u0131r, bir de g\u00f6r\u00fcnmeyen hayatlar\u0131nda onlara yem olanlar&#8230; Tek amac\u0131 birka\u00e7 par\u00e7a k\u00fcflenmi\u015f ekmek bulmak olan Owen Cain, yasad\u0131\u015f\u0131 bir deneyin ortas\u0131nda bulur kendini. G\u00f6zlerini \u0131\u015f\u0131\u011fa kapatm\u0131\u015f bir anne ve elindeki kutsal nesne \u015fahittir hayat\u0131n ac\u0131mas\u0131zl\u0131\u011f\u0131na. T\u00fcm hayat\u0131n\u0131 bu deneylere adayan Dr. White, zihninin derinliklerinde bitmek bilmeyen sorularla \u00e7al\u0131\u015fmaya devam ederken hi\u00e7bir \u015fey tahmin etti\u011fi gibi gitmeyecektir. \u00c7\u00fcnk\u00fc Tanr\u0131&#8217;n\u0131n g\u00f6r\u00fcnen veya g\u00f6r\u00fcnmeyen t\u00fcm insanlar i\u00e7in bir plan\u0131 vard\u0131r&#8230;. <\/p>\n","protected":false},"excerpt":{"rendered":"<p>Bir ideal u\u011fruna \u00e7al\u0131\u015fan insanlar vard\u0131r, bir de g\u00f6r\u00fcnmeyen hayatlar\u0131nda onlara yem olanlar&#8230; Tek amac\u0131 birka\u00e7 par\u00e7a k\u00fcflenmi\u015f ekmek bulmak olan Owen Cain, yasad\u0131\u015f\u0131 bir deneyin<span class=\"excerpt-hellip\"> [\u2026]<\/span><\/p>\n","protected":false},"featured_media":0,"template":"","meta":{"_monsterinsights_skip_tracking":false,"_monsterinsights_sitenote_active":false,"_monsterinsights_sitenote_note":"","_monsterinsights_sitenote_category":0},"product_brand":[],"product_cat":[12291,17033],"product_tag":[],"class_list":{"0":"post-751419","1":"product","2":"type-product","3":"status-publish","5":"product_cat-edebiyat","6":"product_cat-korku-gerilim","7":"pa_cilt-ciltsiz","8":"pa_tur-kitap","9":"pa_yayinevi-fa-yayinlari","10":"pa_yazar-suat-er","12":"first","13":"instock","14":"sale","15":"shipping-taxable","16":"purchasable","17":"product-type-simple"},"_links":{"self":[{"href":"https:\/\/roveyayinevi.com.tr\/index.php\/wp-json\/wp\/v2\/product\/751419","targetHints":{"allow":["GET"]}}],"collection":[{"href":"https:\/\/roveyayinevi.com.tr\/index.php\/wp-json\/wp\/v2\/product"}],"about":[{"href":"https:\/\/roveyayinevi.com.tr\/index.php\/wp-json\/wp\/v2\/types\/product"}],"wp:attachment":[{"href":"https:\/\/roveyayinevi.com.tr\/index.php\/wp-json\/wp\/v2\/media?parent=751419"}],"wp:term":[{"taxonomy":"product_brand","embeddable":true,"href":"https:\/\/roveyayinevi.com.tr\/index.php\/wp-json\/wp\/v2\/product_brand?post=751419"},{"taxonomy":"product_cat","embeddable":true,"href":"https:\/\/roveyayinevi.com.tr\/index.php\/wp-json\/wp\/v2\/product_cat?post=751419"},{"taxonomy":"product_tag","embeddable":true,"href":"https:\/\/roveyayinevi.com.tr\/index.php\/wp-json\/wp\/v2\/product_tag?post=751419"}],"curies":[{"name":"wp","href":"https:\/\/api.w.org\/{rel}","templated":true}]}}