{"id":751413,"date":"2025-08-28T04:48:24","date_gmt":"2025-08-28T01:48:24","guid":{"rendered":"https:\/\/roveyayinevi.com.tr\/index.php\/urun\/adalet-civisi\/"},"modified":"2026-04-16T03:04:45","modified_gmt":"2026-04-16T00:04:45","slug":"adalet-civisi","status":"publish","type":"product","link":"https:\/\/roveyayinevi.com.tr\/index.php\/urun\/adalet-civisi\/","title":{"rendered":"Adalet \u00c7ivisi"},"content":{"rendered":"<p>G\u00f6zlerinin doldu\u011funu hissetti bir an i\u00e7in. Y\u00fcre\u011finde bir s\u0131z\u0131 hissetti, i\u00e7i titredi. Sessiz \u00e7\u0131\u011fl\u0131klar\u0131 hissediyordu; ac\u0131 feryatlar\u0131, son nefesleri, korkuyu\u2026  \u00d6l\u00fcm\u00fcn kokusunu i\u015fi gere\u011fi biliyordu. Fakat korkunun kokusu? Kurbanlar\u0131n\u0131 \u00f6ld\u00fcr\u00fcrken ard\u0131nda delil b\u0131rakmayan katil, Ba\u015fkomiser Gamze ve ekibini yak\u0131n takiptedir. Olay yerinde yok denecek kadar az say\u0131daki kan\u0131tla \u00e7\u0131kmaza d\u00fc\u015fen ekibin denedi\u011fi her yol \u00e7\u0131kmaz sokakt\u0131r. Ellerinden son anda ka\u00e7\u0131rd\u0131klar\u0131 \u015f\u00fcpheliyi bulma m\u00fccadelesi verirken, asl\u0131nda katilin ilk g\u00fcnden beri g\u00f6zlerinin \u00f6n\u00fcnde oldu\u011fu ger\u00e7e\u011fiyle y\u00fczle\u015fen Ba\u015fkomiser Gamze, cinayetleri durdurabilecek mi? Kurbanlar\u0131n\u0131 \u00f6zenle se\u00e7en seri katil, zeki ve g\u00f6z\u00fc pek bir kad\u0131n olan Ba\u015fkomiser Gamze kar\u015f\u0131s\u0131nda ne yapacak? Adalet \u00c7ivisi, gerilimi hi\u00e7 d\u00fc\u015fmeyen hik\u00e2yesi ve \u015fa\u015f\u0131rt\u0131c\u0131 finali ile soluk solu\u011fa okuyaca\u011f\u0131n\u0131z bir polisiye. <\/p>\n","protected":false},"excerpt":{"rendered":"<p>G\u00f6zlerinin doldu\u011funu hissetti bir an i\u00e7in. Y\u00fcre\u011finde bir s\u0131z\u0131 hissetti, i\u00e7i titredi. Sessiz \u00e7\u0131\u011fl\u0131klar\u0131 hissediyordu; ac\u0131 feryatlar\u0131, son nefesleri, korkuyu\u2026 \u00d6l\u00fcm\u00fcn kokusunu i\u015fi gere\u011fi biliyordu. Fakat<span class=\"excerpt-hellip\"> [\u2026]<\/span><\/p>\n","protected":false},"featured_media":0,"template":"","meta":{"_monsterinsights_skip_tracking":false,"_monsterinsights_sitenote_active":false,"_monsterinsights_sitenote_note":"","_monsterinsights_sitenote_category":0},"product_brand":[],"product_cat":[12291,15445],"product_tag":[],"class_list":{"0":"post-751413","1":"product","2":"type-product","3":"status-publish","5":"product_cat-edebiyat","6":"product_cat-polisiye","7":"pa_cilt-ciltsiz","8":"pa_tur-kitap","9":"pa_yayinevi-fa-yayinlari","10":"pa_yazar-zeynep-kubra-ozturk","12":"first","13":"instock","14":"sale","15":"shipping-taxable","16":"purchasable","17":"product-type-simple"},"_links":{"self":[{"href":"https:\/\/roveyayinevi.com.tr\/index.php\/wp-json\/wp\/v2\/product\/751413","targetHints":{"allow":["GET"]}}],"collection":[{"href":"https:\/\/roveyayinevi.com.tr\/index.php\/wp-json\/wp\/v2\/product"}],"about":[{"href":"https:\/\/roveyayinevi.com.tr\/index.php\/wp-json\/wp\/v2\/types\/product"}],"wp:attachment":[{"href":"https:\/\/roveyayinevi.com.tr\/index.php\/wp-json\/wp\/v2\/media?parent=751413"}],"wp:term":[{"taxonomy":"product_brand","embeddable":true,"href":"https:\/\/roveyayinevi.com.tr\/index.php\/wp-json\/wp\/v2\/product_brand?post=751413"},{"taxonomy":"product_cat","embeddable":true,"href":"https:\/\/roveyayinevi.com.tr\/index.php\/wp-json\/wp\/v2\/product_cat?post=751413"},{"taxonomy":"product_tag","embeddable":true,"href":"https:\/\/roveyayinevi.com.tr\/index.php\/wp-json\/wp\/v2\/product_tag?post=751413"}],"curies":[{"name":"wp","href":"https:\/\/api.w.org\/{rel}","templated":true}]}}