{"id":751412,"date":"2025-08-28T04:48:23","date_gmt":"2025-08-28T01:48:23","guid":{"rendered":"https:\/\/roveyayinevi.com.tr\/index.php\/urun\/kuantum-ekonomisi-dijital-devrimden-sonra-insanlik-ve-dunya\/"},"modified":"2026-04-16T03:04:45","modified_gmt":"2026-04-16T00:04:45","slug":"kuantum-ekonomisi-dijital-devrimden-sonra-insanlik-ve-dunya","status":"publish","type":"product","link":"https:\/\/roveyayinevi.com.tr\/index.php\/urun\/kuantum-ekonomisi-dijital-devrimden-sonra-insanlik-ve-dunya\/","title":{"rendered":"Kuantum Ekonomisi Dijital Devrimden Sonra \u0130nsanl\u0131k ve D\u00fcnya"},"content":{"rendered":"<p>Yapay zek\u00e2n\u0131n h\u0131zl\u0131 geli\u015fimi, kuantum bilgisayarlar\u0131 ve \u00e7al\u0131\u015fma alan\u0131n\u0131n otomasyonu gelece\u011fimiz ve ya\u015fam modellerimiz u\u0308zerinde bu\u0308yu\u0308k bir etkiye sahip olacak. Algoritmalar otorite olacak ve ka\u00e7\u0131n\u0131lmaz olarak insanlarla rekabet edecek.   Fakat \u015fimdilik biz insanlar \u00e7evreyi, ekonomiyi ve ger\u00e7ekli\u011fi kontrol edebilen gu\u0308cu\u0308z h\u00e2l\u00e2. Dijital tsunamiden sonra teknolojinin k\u00f6lesi olmad\u0131\u011f\u0131m\u0131z bir du\u0308nyada ya\u015famak istiyorsak, hu\u0308manist de\u011ferlere dayanan bir toplum ve ili\u015fki modelleri in\u015fa etmemiz gerekiyor.   \u0130\u015f d\u00fcnyas\u0131 filozofu Anders Indset \u00f6ng\u00f6ru\u0308lu\u0308 analizleriyle yak\u0131n gelece\u011fin du\u0308nyas\u0131na dair capcanl\u0131 senaryolar geli\u015ftiriyor.   \u201cSadece gelece\u011fi g\u00f6rmek de\u011fil, gelece\u011fin aktif bir par\u00e7as\u0131 olmak isteyen herkesin mutlaka okumas\u0131 gereken bir kitap.\u201d Marshall Goldsmith, Liderlik Ko\u00e7u ve Yazar       \u201cKuantum Ekonomisi tam da ihtiyac\u0131m\u0131z olan kitap. Covid sonras\u0131 yeni du\u0308nya nas\u0131l ya\u015fad\u0131\u011f\u0131m\u0131z\u0131 ve nas\u0131l i\u015f yapt\u0131\u011f\u0131m\u0131z\u0131 du\u0308\u015fu\u0308nmeye \u00e7a\u011f\u0131r\u0131yor bizi. \u0130\u015f du\u0308nyas\u0131 i\u00e7inde anlam arayan herkesin okumas\u0131 gereken bir kitap.\u201d Martin Lindstrom, New York Times Bestseller Yazar\u0131   \u201cKuantum Ekonomisi gu\u0308nu\u0308mu\u0308z ekonomisine ve ekonominin toplumu nas\u0131l etkiledi\u011fine dair yeni bak\u0131\u015f a\u00e7\u0131lar\u0131 getiriyor. Verimli tart\u0131\u015fmalar tetikleyip kal\u0131c\u0131 izler b\u0131rakacak ilham verici bir kitap.\u201d Yves Pigneur, Y\u00f6netim Bili\u015fim Sistemleri Profes\u00f6ru\u0308, Lausanne \u00dcniversitesi <\/p>\n","protected":false},"excerpt":{"rendered":"<p>Yapay zek\u00e2n\u0131n h\u0131zl\u0131 geli\u015fimi, kuantum bilgisayarlar\u0131 ve \u00e7al\u0131\u015fma alan\u0131n\u0131n otomasyonu gelece\u011fimiz ve ya\u015fam modellerimiz u\u0308zerinde bu\u0308yu\u0308k bir etkiye sahip olacak. Algoritmalar otorite olacak ve ka\u00e7\u0131n\u0131lmaz olarak<span class=\"excerpt-hellip\"> [\u2026]<\/span><\/p>\n","protected":false},"featured_media":0,"template":"","meta":{"_monsterinsights_skip_tracking":false,"_monsterinsights_sitenote_active":false,"_monsterinsights_sitenote_note":"","_monsterinsights_sitenote_category":0},"product_brand":[],"product_cat":[14841,13043],"product_tag":[],"class_list":{"0":"post-751412","1":"product","2":"type-product","3":"status-publish","5":"product_cat-arastirma-inceleme-kuram","6":"product_cat-ekonomi","7":"pa_cilt-ciltsiz","8":"pa_tur-kitap","9":"pa_yayinevi-koridor-yayincilik","10":"pa_yazar-anders-indset","12":"first","13":"instock","14":"sale","15":"shipping-taxable","16":"purchasable","17":"product-type-simple"},"_links":{"self":[{"href":"https:\/\/roveyayinevi.com.tr\/index.php\/wp-json\/wp\/v2\/product\/751412","targetHints":{"allow":["GET"]}}],"collection":[{"href":"https:\/\/roveyayinevi.com.tr\/index.php\/wp-json\/wp\/v2\/product"}],"about":[{"href":"https:\/\/roveyayinevi.com.tr\/index.php\/wp-json\/wp\/v2\/types\/product"}],"wp:attachment":[{"href":"https:\/\/roveyayinevi.com.tr\/index.php\/wp-json\/wp\/v2\/media?parent=751412"}],"wp:term":[{"taxonomy":"product_brand","embeddable":true,"href":"https:\/\/roveyayinevi.com.tr\/index.php\/wp-json\/wp\/v2\/product_brand?post=751412"},{"taxonomy":"product_cat","embeddable":true,"href":"https:\/\/roveyayinevi.com.tr\/index.php\/wp-json\/wp\/v2\/product_cat?post=751412"},{"taxonomy":"product_tag","embeddable":true,"href":"https:\/\/roveyayinevi.com.tr\/index.php\/wp-json\/wp\/v2\/product_tag?post=751412"}],"curies":[{"name":"wp","href":"https:\/\/api.w.org\/{rel}","templated":true}]}}