{"id":751411,"date":"2025-08-28T04:48:21","date_gmt":"2025-08-28T01:48:21","guid":{"rendered":"https:\/\/roveyayinevi.com.tr\/index.php\/urun\/benim-guzel-seccadelerim\/"},"modified":"2026-04-16T03:04:45","modified_gmt":"2026-04-16T00:04:45","slug":"benim-guzel-seccadelerim","status":"publish","type":"product","link":"https:\/\/roveyayinevi.com.tr\/index.php\/urun\/benim-guzel-seccadelerim\/","title":{"rendered":"Benim G\u00fczel Seccadelerim"},"content":{"rendered":"<p>Hey, benim g\u00fczel d\u00fcnyama tekrar ho\u015f geldin! En \u00e7ok sevdi\u011fim \u015feylerden biri ailecek namaz k\u0131lmak. Annemin, babam\u0131n ve ablam\u0131n seccadelerini \u00f6zenle sermeye bay\u0131l\u0131yorum. Tabii kendiminkini de\u2026 Biliyor musun benim bir dolu seccadem var. Gel sana onlar\u0131 g\u00f6stereyim. \u00c7\u00fcnk\u00fc onlar, BEN\u0130M G\u00dcZEL SECCADELER\u0130M. *** Merve G\u00fclcemal, \u201cBenim G\u00fczel Seccadelerim\u201dde minikleri merakl\u0131, heyecanl\u0131 ve c\u0131v\u0131l c\u0131v\u0131l bir k\u0131z \u00e7ocu\u011funun d\u00fcnyas\u0131na yeniden g\u00f6t\u00fcr\u00fcyor. \u00c7ocuklar\u0131n kalbinde namaz vesilesiyle aidiyet k\u00f6kleri sal\u0131ns\u0131n, y\u0131llarca beslenip koca bir \u00e7\u0131nar olsun diye\u2026 <\/p>\n","protected":false},"excerpt":{"rendered":"<p>Hey, benim g\u00fczel d\u00fcnyama tekrar ho\u015f geldin! En \u00e7ok sevdi\u011fim \u015feylerden biri ailecek namaz k\u0131lmak. Annemin, babam\u0131n ve ablam\u0131n seccadelerini \u00f6zenle sermeye bay\u0131l\u0131yorum. Tabii kendiminkini de\u2026<span class=\"excerpt-hellip\"> [\u2026]<\/span><\/p>\n","protected":false},"featured_media":0,"template":"","meta":{"_monsterinsights_skip_tracking":false,"_monsterinsights_sitenote_active":false,"_monsterinsights_sitenote_note":"","_monsterinsights_sitenote_category":0},"product_brand":[],"product_cat":[12274,12284],"product_tag":[],"class_list":{"0":"post-751411","1":"product","2":"type-product","3":"status-publish","5":"product_cat-cocuk-ve-genclik-kitaplari","6":"product_cat-hikayeler","7":"pa_cilt-ciltsiz","8":"pa_tur-kitap","9":"pa_yayinevi-nesil-cocuk-yayinlari","10":"pa_yazar-merve-gulcemal","12":"first","13":"instock","14":"sale","15":"shipping-taxable","16":"purchasable","17":"product-type-simple"},"_links":{"self":[{"href":"https:\/\/roveyayinevi.com.tr\/index.php\/wp-json\/wp\/v2\/product\/751411","targetHints":{"allow":["GET"]}}],"collection":[{"href":"https:\/\/roveyayinevi.com.tr\/index.php\/wp-json\/wp\/v2\/product"}],"about":[{"href":"https:\/\/roveyayinevi.com.tr\/index.php\/wp-json\/wp\/v2\/types\/product"}],"wp:attachment":[{"href":"https:\/\/roveyayinevi.com.tr\/index.php\/wp-json\/wp\/v2\/media?parent=751411"}],"wp:term":[{"taxonomy":"product_brand","embeddable":true,"href":"https:\/\/roveyayinevi.com.tr\/index.php\/wp-json\/wp\/v2\/product_brand?post=751411"},{"taxonomy":"product_cat","embeddable":true,"href":"https:\/\/roveyayinevi.com.tr\/index.php\/wp-json\/wp\/v2\/product_cat?post=751411"},{"taxonomy":"product_tag","embeddable":true,"href":"https:\/\/roveyayinevi.com.tr\/index.php\/wp-json\/wp\/v2\/product_tag?post=751411"}],"curies":[{"name":"wp","href":"https:\/\/api.w.org\/{rel}","templated":true}]}}