{"id":751410,"date":"2025-08-28T04:48:20","date_gmt":"2025-08-28T01:48:20","guid":{"rendered":"https:\/\/roveyayinevi.com.tr\/index.php\/urun\/nasil-temizlenebilirim\/"},"modified":"2026-04-16T03:04:45","modified_gmt":"2026-04-16T00:04:45","slug":"nasil-temizlenebilirim","status":"publish","type":"product","link":"https:\/\/roveyayinevi.com.tr\/index.php\/urun\/nasil-temizlenebilirim\/","title":{"rendered":"Nas\u0131l Temizlenebilirim?"},"content":{"rendered":"<p>\u2022 \u0130nsanlara veya baz\u0131 nesnelere de\u011fdikten sonra, hatta bazen onlara dokunmam\u0131\u015fken bile kirlenmekten korkuyor musunuz? \u2022 Dokunma yoluyla size bir hastal\u0131k bula\u015fmas\u0131ndan \u00e7ekiniyor mu- sunuz? \u2022 Ba\u015fkalar\u0131 taraf\u0131ndan kirletilmekten ya da onlar\u0131 kirletmekten en- di\u015feleniyor musunuz? \u2022 D\u0131\u015far\u0131dan evinize girecek \u015feylere kar\u015f\u0131 s\u00fcrekli tetikte misiniz? \u2022 Kirlendi\u011fini d\u00fc\u015f\u00fcnd\u00fc\u011f\u00fcn\u00fcz \u015feyleri a\u015f\u0131r\u0131 m\u0131 temizliyorsunuz? Ya da onlar\u0131 at\u0131yor musunuz? Kirlendi\u011fini d\u00fc\u015f\u00fcnd\u00fc\u011f\u00fcn\u00fcz \u015fey bir k\u0131- yafetse, onunla temiz oldu\u011funu d\u00fc\u015f\u00fcnd\u00fc\u011f\u00fcn\u00fcz bir yere oturmak- tan ka\u00e7\u0131n\u0131yor musunuz? \u2022 Herhangi bir \u015feyin tam anlam\u0131yla temiz oldu\u011fundan bir t\u00fcrl\u00fc emin olam\u0131yor musunuz? \u2022 Evinizde aile \u00fcyelerinin bile giremeyece\u011fi, dokunamayaca\u011f\u0131, otu- ramayaca\u011f\u0131 \u201ctemiz\u201d, \u201cg\u00fcvenli\u201d, \u201cyasak\u201d alanlar olu\u015fturuyor musu- nuz? \u2022 Bir \u015feylerin temizlendi\u011fini hissedene kadar harcad\u0131\u011f\u0131n\u0131z saatler- den veya hi\u00e7bir \u015fey kirlenmesin diye ald\u0131\u011f\u0131n\u0131z \u00f6nlemlerden art\u0131k yoruldunuz mu? \u2022 Kirlilik hissine dayanam\u0131yor musunuz? \u2022 Y\u0131kanmak size durdurulmas\u0131 imk\u00e2ns\u0131z bir \u015fey gibi mi geliyor art\u0131k?   Prof. Dr. M. Hakan T\u00fcrk\u00e7apar\u2019\u0131n edit\u00f6rl\u00fc\u011f\u00fcnde haz\u0131rlanan Hayat\u0131 Anlamak Serisi\u2019nin ana rengi, psikolojik bozukluklar\u0131n nedenleri ve \u00e7\u00f6z\u00fcmlerini anlamak i\u00e7in ileti\u015fime dayal\u0131 bilimsel y\u00f6ntemi esas alan Bili\u015fsel Davran\u0131\u015f\u00e7\u0131 Psikoterapi. Bireyin kendine nas\u0131l yard\u0131m edebile ce\u011fine yo\u011funla\u015fan serinin bu kitab\u0131n\u0131n konusu ise Bula\u015fma-Y\u0131kanma Tipi Obsesif Kompulsif Bozukluk.   T\u00fcrk\u00e7apar, Bula\u015fma-Y\u0131kanma Tipi Obsesif Kompulsif Bozuklu\u011fun ne oldu\u011funu ve neden oldu\u011funu anlat\u0131rken, az\u0131msanmayacak say\u0131da ki\u015finin mustarip oldu\u011fu bu sorunun, do\u011fas\u0131 gere\u011fi kendini saklayan ve s\u00fcrekli g\u00f6zden ka\u00e7\u0131r\u0131lan as\u0131l temelini g\u00f6zle g\u00f6r\u00fcl\u00fcr h\u00e2le getiriyor. T\u00fcrk\u00e7apar \u015funu soruyor: As\u0131l sorun kirlenme-bula\u015fma m\u0131, yoksa obsesif kompulsif bozuklu\u011fun kendisi mi? Rahats\u0131zl\u0131\u011f\u0131n sonland\u0131r\u0131lmas\u0131nda kritik bir \u00f6neme sahip olan bu sorunun yan\u0131t\u0131, kitapta verilen \u00f6zg\u00fcn y\u00f6ntemler ve etkin \u00e7\u00f6z\u00fcmlerle birlikte okuru sahici bir iyile\u015fmeye davet ediyor.<\/p>\n","protected":false},"excerpt":{"rendered":"<p>\u2022 \u0130nsanlara veya baz\u0131 nesnelere de\u011fdikten sonra, hatta bazen onlara dokunmam\u0131\u015fken bile kirlenmekten korkuyor musunuz? \u2022 Dokunma yoluyla size bir hastal\u0131k bula\u015fmas\u0131ndan \u00e7ekiniyor mu- sunuz? \u2022<span class=\"excerpt-hellip\"> [\u2026]<\/span><\/p>\n","protected":false},"featured_media":0,"template":"","meta":{"_monsterinsights_skip_tracking":false,"_monsterinsights_sitenote_active":false,"_monsterinsights_sitenote_note":"","_monsterinsights_sitenote_category":0},"product_brand":[],"product_cat":[12357],"product_tag":[],"class_list":{"0":"post-751410","1":"product","2":"type-product","3":"status-publish","5":"product_cat-psikoloji","6":"pa_cilt-ciltsiz","7":"pa_tur-kitap","8":"pa_yayinevi-epsilon-yayinlari","9":"pa_yazar-m-hakan-turkcapar","11":"first","12":"instock","13":"sale","14":"shipping-taxable","15":"purchasable","16":"product-type-simple"},"_links":{"self":[{"href":"https:\/\/roveyayinevi.com.tr\/index.php\/wp-json\/wp\/v2\/product\/751410","targetHints":{"allow":["GET"]}}],"collection":[{"href":"https:\/\/roveyayinevi.com.tr\/index.php\/wp-json\/wp\/v2\/product"}],"about":[{"href":"https:\/\/roveyayinevi.com.tr\/index.php\/wp-json\/wp\/v2\/types\/product"}],"wp:attachment":[{"href":"https:\/\/roveyayinevi.com.tr\/index.php\/wp-json\/wp\/v2\/media?parent=751410"}],"wp:term":[{"taxonomy":"product_brand","embeddable":true,"href":"https:\/\/roveyayinevi.com.tr\/index.php\/wp-json\/wp\/v2\/product_brand?post=751410"},{"taxonomy":"product_cat","embeddable":true,"href":"https:\/\/roveyayinevi.com.tr\/index.php\/wp-json\/wp\/v2\/product_cat?post=751410"},{"taxonomy":"product_tag","embeddable":true,"href":"https:\/\/roveyayinevi.com.tr\/index.php\/wp-json\/wp\/v2\/product_tag?post=751410"}],"curies":[{"name":"wp","href":"https:\/\/api.w.org\/{rel}","templated":true}]}}