{"id":751405,"date":"2025-08-28T04:48:10","date_gmt":"2025-08-28T01:48:10","guid":{"rendered":"https:\/\/roveyayinevi.com.tr\/index.php\/urun\/romanin-kaygisi\/"},"modified":"2025-12-30T11:10:41","modified_gmt":"2025-12-30T08:10:41","slug":"romanin-kaygisi","status":"publish","type":"product","link":"https:\/\/roveyayinevi.com.tr\/index.php\/urun\/romanin-kaygisi\/","title":{"rendered":"Roman\u0131n Kayg\u0131s\u0131"},"content":{"rendered":"<p>Son yirmi y\u0131l i\u00e7inde \u00e7\u0131kan ve beni etkileyen baz\u0131 romanlar ve \u00f6yk\u00fc toplamlar\u0131 \u00fczerine yazmaya ba\u015flam\u0131\u015ft\u0131m, bunlar\u0131 belli bir tema \u00fczerinden birbirine ba\u011flamay\u0131 akl\u0131mdan ge\u00e7irmeden. Ama yazd\u0131k\u00e7a hep belli bir soruna do\u011fru \u00e7ekildi\u011fimi hissettim. Sonra bu sorun dikkatime el koymaya ba\u015flad\u0131 ve art\u0131k ba\u015fka kitaplar\u0131 da bu g\u00f6zle okur oldum. Bu kitaplar\u0131n ortak noktas\u0131 belirli bir kayg\u0131yd\u0131, bazen alttan alta s\u00fcr\u00fcp giden bazen de g\u00f6r\u00fcn\u00fcr bir \u201ctela\u015f\u201d veya \u201cmecburiyet hissi\u201d bi\u00e7iminde romanc\u0131y\u0131 \/ \u00f6yk\u00fcc\u00fcy\u00fc yakalayan bir s\u0131k\u0131nt\u0131: romanc\u0131dan \u00e7ok \u00f6nce oraya var\u0131p da onu orada \u00e7oktan \u015fekillenmi\u015f (denebilirse \u201cpaketlenmi\u015f\u201d) olarak bekleyen bir konuyla u\u011fra\u015fma ihtiyac\u0131, zorunlulu\u011fu, zorlanmas\u0131. \u2014 Orhan Ko\u00e7ak<\/p>\n","protected":false},"excerpt":{"rendered":"<p>Son yirmi y\u0131l i\u00e7inde \u00e7\u0131kan ve beni etkileyen baz\u0131 romanlar ve \u00f6yk\u00fc toplamlar\u0131 \u00fczerine yazmaya ba\u015flam\u0131\u015ft\u0131m, bunlar\u0131 belli bir tema \u00fczerinden birbirine ba\u011flamay\u0131 akl\u0131mdan ge\u00e7irmeden. Ama<span class=\"excerpt-hellip\"> [\u2026]<\/span><\/p>\n","protected":false},"featured_media":0,"template":"","meta":{"_monsterinsights_skip_tracking":false,"_monsterinsights_sitenote_active":false,"_monsterinsights_sitenote_note":"","_monsterinsights_sitenote_category":0},"product_brand":[],"product_cat":[13072,12291],"product_tag":[],"class_list":{"0":"post-751405","1":"product","2":"type-product","3":"status-publish","5":"product_cat-arastirma-inceleme-referans","6":"product_cat-edebiyat","7":"pa_cilt-ciltsiz","8":"pa_tur-kitap","9":"pa_yayinevi-metis-yayinlari","10":"pa_yazar-orhan-kocak","12":"first","13":"instock","14":"sale","15":"shipping-taxable","16":"purchasable","17":"product-type-simple"},"_links":{"self":[{"href":"https:\/\/roveyayinevi.com.tr\/index.php\/wp-json\/wp\/v2\/product\/751405","targetHints":{"allow":["GET"]}}],"collection":[{"href":"https:\/\/roveyayinevi.com.tr\/index.php\/wp-json\/wp\/v2\/product"}],"about":[{"href":"https:\/\/roveyayinevi.com.tr\/index.php\/wp-json\/wp\/v2\/types\/product"}],"wp:attachment":[{"href":"https:\/\/roveyayinevi.com.tr\/index.php\/wp-json\/wp\/v2\/media?parent=751405"}],"wp:term":[{"taxonomy":"product_brand","embeddable":true,"href":"https:\/\/roveyayinevi.com.tr\/index.php\/wp-json\/wp\/v2\/product_brand?post=751405"},{"taxonomy":"product_cat","embeddable":true,"href":"https:\/\/roveyayinevi.com.tr\/index.php\/wp-json\/wp\/v2\/product_cat?post=751405"},{"taxonomy":"product_tag","embeddable":true,"href":"https:\/\/roveyayinevi.com.tr\/index.php\/wp-json\/wp\/v2\/product_tag?post=751405"}],"curies":[{"name":"wp","href":"https:\/\/api.w.org\/{rel}","templated":true}]}}