{"id":751404,"date":"2025-08-28T04:48:09","date_gmt":"2025-08-28T01:48:09","guid":{"rendered":"https:\/\/roveyayinevi.com.tr\/index.php\/urun\/floransa-kitapcisi\/"},"modified":"2026-04-16T03:04:45","modified_gmt":"2026-04-16T00:04:45","slug":"floransa-kitapcisi","status":"publish","type":"product","link":"https:\/\/roveyayinevi.com.tr\/index.php\/urun\/floransa-kitapcisi\/","title":{"rendered":"Floransa Kitap\u00e7\u0131s\u0131"},"content":{"rendered":"<p>Brunelleschi\u2019nin Kubbesi adl\u0131 kitab\u0131n yazar\u0131 Ross King\u2019in yeni kitab\u0131\u2026 Vespasiano\u2019nun k\u0131rk\u0131nc\u0131 dog\u0306um gu\u0308nu\u0308nu\u0308 kutlad\u0131g\u0306\u0131 1462 y\u0131l\u0131 dolaylar\u0131nda, Milano\u2019daki bir hu\u0308manist, en gu\u0308zel u\u0308retilmis\u0327 kitaplar\u0131n hep Floransa\u2019dan c\u0327\u0131kt\u0131g\u0306\u0131n\u0131 yazmaktayd\u0131. \u2018Orada Vespasiano diye biri var,\u2019 diyordu, \u2018mu\u0308kemmel bir kitapc\u0327\u0131.  Hem kitaplar\u0131, hem de yaz\u0131c\u0131lar\u0131 c\u0327ok iyi bilen biri; hem I\u0307talya\u2019n\u0131n tu\u0308mu\u0308, hem de yabanc\u0131lar, sat\u0131l\u0131k zarif kitaplar arad\u0131klar\u0131nda ona bas\u0327vuruyorlar.\u2019 Yaz\u0131c\u0131lar\u0131ndan birine go\u0308re Vespasiano, princeps onmium librariorum florentinorum (Floransa kitapc\u0327\u0131lar\u0131n\u0131n prensi) say\u0131lmaktayd\u0131. Bir mu\u0308s\u0327terisi de onu en basit ifadeyle rei de li librari del mundo \u2013 \u2018du\u0308nya kitapc\u0327\u0131lar\u0131n\u0131n kral\u0131\u2019 ilan etmekteydi.                                                                                                                               *** Yapay harflerin kendilerini is\u0327siz b\u0131rakt\u0131g\u0306\u0131ndan yak\u0131nan yaz\u0131c\u0131 say\u0131s\u0131 pek azd\u0131. Asl\u0131nda matbaalar Avrupa\u2019n\u0131n her yan\u0131nda, politik itirazlarla kars\u0327\u0131las\u0327madan yay\u0131lm\u0131s\u0327lar, sivil protestolarla, ekonomik hos\u0327nutsuzluk go\u0308sterileriyle d\u0131s\u0327lanmam\u0131s\u0327lard\u0131. Osmanl\u0131 I\u0307mparatorlug\u0306u\u2019nda ise durum farkl\u0131yd\u0131. Arapc\u0327a, Kuran\u2019\u0131 Kerim\u2019in kutsal dili oldug\u0306undan, Osmanl\u0131 yetkilileri onun mekanik bas\u0131m\u0131n\u0131 yasaklam\u0131s\u0327, yaz\u0131c\u0131lar ve tezhipc\u0327iler de gu\u0308c\u0327lu\u0308 loncalar\u0131yla matbaaya kars\u0327\u0131 c\u0327\u0131km\u0131s\u0327lard\u0131\u2026 <\/p>\n","protected":false},"excerpt":{"rendered":"<p>Brunelleschi\u2019nin Kubbesi adl\u0131 kitab\u0131n yazar\u0131 Ross King\u2019in yeni kitab\u0131\u2026 Vespasiano\u2019nun k\u0131rk\u0131nc\u0131 dog\u0306um gu\u0308nu\u0308nu\u0308 kutlad\u0131g\u0306\u0131 1462 y\u0131l\u0131 dolaylar\u0131nda, Milano\u2019daki bir hu\u0308manist, en gu\u0308zel u\u0308retilmis\u0327 kitaplar\u0131n hep Floransa\u2019dan<span class=\"excerpt-hellip\"> [\u2026]<\/span><\/p>\n","protected":false},"featured_media":0,"template":"","meta":{"_monsterinsights_skip_tracking":false,"_monsterinsights_sitenote_active":false,"_monsterinsights_sitenote_note":"","_monsterinsights_sitenote_category":0},"product_brand":[],"product_cat":[12370,12304],"product_tag":[],"class_list":{"0":"post-751404","1":"product","2":"type-product","3":"status-publish","5":"product_cat-arastirma-inceleme","6":"product_cat-tarih","7":"pa_cilt-ciltsiz","8":"pa_tur-kitap","9":"pa_yayinevi-e-yayinlari","10":"pa_yazar-ross-king","12":"first","13":"instock","14":"sale","15":"shipping-taxable","16":"purchasable","17":"product-type-simple"},"_links":{"self":[{"href":"https:\/\/roveyayinevi.com.tr\/index.php\/wp-json\/wp\/v2\/product\/751404","targetHints":{"allow":["GET"]}}],"collection":[{"href":"https:\/\/roveyayinevi.com.tr\/index.php\/wp-json\/wp\/v2\/product"}],"about":[{"href":"https:\/\/roveyayinevi.com.tr\/index.php\/wp-json\/wp\/v2\/types\/product"}],"wp:attachment":[{"href":"https:\/\/roveyayinevi.com.tr\/index.php\/wp-json\/wp\/v2\/media?parent=751404"}],"wp:term":[{"taxonomy":"product_brand","embeddable":true,"href":"https:\/\/roveyayinevi.com.tr\/index.php\/wp-json\/wp\/v2\/product_brand?post=751404"},{"taxonomy":"product_cat","embeddable":true,"href":"https:\/\/roveyayinevi.com.tr\/index.php\/wp-json\/wp\/v2\/product_cat?post=751404"},{"taxonomy":"product_tag","embeddable":true,"href":"https:\/\/roveyayinevi.com.tr\/index.php\/wp-json\/wp\/v2\/product_tag?post=751404"}],"curies":[{"name":"wp","href":"https:\/\/api.w.org\/{rel}","templated":true}]}}