{"id":751403,"date":"2025-08-28T04:48:08","date_gmt":"2025-08-28T01:48:08","guid":{"rendered":"https:\/\/roveyayinevi.com.tr\/index.php\/urun\/sosyalizm-3\/"},"modified":"2026-04-16T03:04:45","modified_gmt":"2026-04-16T00:04:45","slug":"sosyalizm-3","status":"publish","type":"product","link":"https:\/\/roveyayinevi.com.tr\/index.php\/urun\/sosyalizm-3\/","title":{"rendered":"Sosyalizm"},"content":{"rendered":"<p>Sosyalizm, ya\u015fanan d\u00fcnyan\u0131n somut ger\u00e7ekleriyle \u00e7\u00fcr\u00fct\u00fclmeye \u00f6ylesine diren\u00e7li ki\u2026   &#8212;&#8212;&#8212;   Ge\u00e7ti\u011fimiz y\u00fczy\u0131l boyunca, sosyalist bir toplum in\u015fa etmek i\u00e7in Sovyetler Birli\u011fi\u2019nden Maocu \u00c7in\u2019e ve Venezuela\u2019ya kadar iki d\u00fczineden fazla giri\u015fimde bulunuldu. Bunlar\u0131n hepsi, \u00e7e\u015fitli derecelerde ba\u015far\u0131s\u0131zl\u0131kla sonu\u00e7land\u0131. Sosyalizmin m\u00fcritlerine g\u00f6re bunun sebebi, bu tecr\u00fcbelerin hi\u00e7birinin \u201cger\u00e7ek sosyalizm\u201d olmamas\u0131ndan ba\u015fka bir \u015fey de\u011fil. Elinizdeki kitap, bu meselenin tarihine \u015fu \u00e2na kadar verilen standart cevaplar\u0131 belgeleriyle ortaya koyuyor.   Yanl\u0131\u015f sosyalizm iddias\u0131n\u0131n, her \u015fey meydana \u00e7\u0131kt\u0131ktan ve i\u015fin rengi belli olduktan sonra dile getirilmeye ba\u015fland\u0131\u011f\u0131n\u0131 g\u00f6steriyor. Sosyalist bir proje en parlak d\u00f6neminde iken, onun ger\u00e7ek bir sosyalizm olmad\u0131\u011f\u0131 iddias\u0131 hemen hi\u00e7 kimse taraf\u0131ndan dile getirilmez. Tam tersine, her sosyalist proje Bat\u0131\u2019n\u0131n \u00f6nde gelen entelekt\u00fcellerinden co\u015fku dolu \u00f6vg\u00fcler toplad\u0131\u011f\u0131 bir balay\u0131 d\u00f6nemi ya\u015fam\u0131\u015ft\u0131r. Ya\u015fad\u0131klar\u0131 ba\u015far\u0131s\u0131zl\u0131k, ink\u00e2r edilemeyecek kadar aleniyet kazand\u0131ktan sonra geriye d\u00f6n\u00fck olarak bu projeler yeniden de\u011ferlendirilir ve \u201cger\u00e7ek sosyalizm\u201d olmayanlar s\u0131n\u0131f\u0131na ayr\u0131l\u0131rlar. <\/p>\n","protected":false},"excerpt":{"rendered":"<p>Sosyalizm, ya\u015fanan d\u00fcnyan\u0131n somut ger\u00e7ekleriyle \u00e7\u00fcr\u00fct\u00fclmeye \u00f6ylesine diren\u00e7li ki\u2026 &#8212;&#8212;&#8212; Ge\u00e7ti\u011fimiz y\u00fczy\u0131l boyunca, sosyalist bir toplum in\u015fa etmek i\u00e7in Sovyetler Birli\u011fi\u2019nden Maocu \u00c7in\u2019e ve Venezuela\u2019ya kadar<span class=\"excerpt-hellip\"> [\u2026]<\/span><\/p>\n","protected":false},"featured_media":0,"template":"","meta":{"_monsterinsights_skip_tracking":false,"_monsterinsights_sitenote_active":false,"_monsterinsights_sitenote_note":"","_monsterinsights_sitenote_category":0},"product_brand":[],"product_cat":[13590,12337],"product_tag":[],"class_list":{"0":"post-751403","1":"product","2":"type-product","3":"status-publish","5":"product_cat-arastirma-inceleme-politika-siyaset","6":"product_cat-politika-siyaset","7":"pa_cilt-ciltsiz","8":"pa_tur-kitap","9":"pa_yayinevi-liberte-yayinlari","10":"pa_yazar-kristian-niemietz","12":"first","13":"instock","14":"sale","15":"shipping-taxable","16":"purchasable","17":"product-type-simple"},"_links":{"self":[{"href":"https:\/\/roveyayinevi.com.tr\/index.php\/wp-json\/wp\/v2\/product\/751403","targetHints":{"allow":["GET"]}}],"collection":[{"href":"https:\/\/roveyayinevi.com.tr\/index.php\/wp-json\/wp\/v2\/product"}],"about":[{"href":"https:\/\/roveyayinevi.com.tr\/index.php\/wp-json\/wp\/v2\/types\/product"}],"wp:attachment":[{"href":"https:\/\/roveyayinevi.com.tr\/index.php\/wp-json\/wp\/v2\/media?parent=751403"}],"wp:term":[{"taxonomy":"product_brand","embeddable":true,"href":"https:\/\/roveyayinevi.com.tr\/index.php\/wp-json\/wp\/v2\/product_brand?post=751403"},{"taxonomy":"product_cat","embeddable":true,"href":"https:\/\/roveyayinevi.com.tr\/index.php\/wp-json\/wp\/v2\/product_cat?post=751403"},{"taxonomy":"product_tag","embeddable":true,"href":"https:\/\/roveyayinevi.com.tr\/index.php\/wp-json\/wp\/v2\/product_tag?post=751403"}],"curies":[{"name":"wp","href":"https:\/\/api.w.org\/{rel}","templated":true}]}}