{"id":751402,"date":"2025-08-28T04:48:06","date_gmt":"2025-08-28T01:48:06","guid":{"rendered":"https:\/\/roveyayinevi.com.tr\/index.php\/urun\/bir-visalin-pesinden-2\/"},"modified":"2026-04-16T03:04:45","modified_gmt":"2026-04-16T00:04:45","slug":"bir-visalin-pesinden-2","status":"publish","type":"product","link":"https:\/\/roveyayinevi.com.tr\/index.php\/urun\/bir-visalin-pesinden-2\/","title":{"rendered":"Bir Visalin Pe\u015finden 2"},"content":{"rendered":"<p>K\u00e2buslarla kol kola gezen ger\u00e7eklere inat, i\u00e7imizdeki bir umut bir r\u00fcyan\u0131n pe\u015finden gitmeye \u00e7a\u011f\u0131r\u0131r bizi. R\u00fcya, kalbindeki umudun pe\u015finden ko\u015fmu\u015f ve nihayetinde dibi g\u00f6r\u00fcnmeyen yaln\u0131zl\u0131k denizinin k\u0131y\u0131s\u0131na vurmu\u015ftu. Her \u015feye ra\u011fmen aya\u011fa kalk\u0131p kalemine sar\u0131lm\u0131\u015f, hem hikayelerini hem de kendi kaderini yazmaya cesaret etmi\u015fti. Hayat defterinde yeni bir sayfa a\u00e7\u0131yorken gelen gizemli bir mesaj, R\u00fcya\u2019y\u0131 hik\u00e2yesinin ilk b\u00f6l\u00fcmlerine d\u00f6nd\u00fcrecek, ona bildi\u011fi her \u015feyi sorgulatacakt\u0131. Uyanmay\u0131 istemeyece\u011fi bir r\u00fcya m\u0131 vard\u0131 kar\u015f\u0131s\u0131nda bu sefer, yoksa hi\u00e7 g\u00f6rmemi\u015f olmay\u0131 dileyece\u011fi bir k\u00e2bus mu? Kurtlar sofras\u0131n\u0131n men\u00fcs\u00fcne konmu\u015f Akarslanlar\u2019\u0131, iftiralar ve a\u015fklar\u0131, eski hesaplar ve yeni ba\u015flang\u0131\u00e7lar\u0131, k\u00e2buslar ve r\u00fcyalar\u0131 bir arada bulaca\u011f\u0131n\u0131z Bir Visalin Pe\u015finden kitab\u0131nda, kadim bir masal\u0131n sonu yeniden yaz\u0131l\u0131yor. \u201cZaman\u0131n birinde \u00e7ok g\u00fc\u00e7l\u00fc bir aslan ailesi ya\u015farm\u0131\u015f&#8230;\u201d<\/p>\n","protected":false},"excerpt":{"rendered":"<p>K\u00e2buslarla kol kola gezen ger\u00e7eklere inat, i\u00e7imizdeki bir umut bir r\u00fcyan\u0131n pe\u015finden gitmeye \u00e7a\u011f\u0131r\u0131r bizi. R\u00fcya, kalbindeki umudun pe\u015finden ko\u015fmu\u015f ve nihayetinde dibi g\u00f6r\u00fcnmeyen yaln\u0131zl\u0131k denizinin<span class=\"excerpt-hellip\"> [\u2026]<\/span><\/p>\n","protected":false},"featured_media":0,"template":"","meta":{"_monsterinsights_skip_tracking":false,"_monsterinsights_sitenote_active":false,"_monsterinsights_sitenote_note":"","_monsterinsights_sitenote_category":0},"product_brand":[],"product_cat":[12291,18202],"product_tag":[],"class_list":{"0":"post-751402","1":"product","2":"type-product","3":"status-publish","5":"product_cat-edebiyat","6":"product_cat-hikaye","7":"pa_cilt-ciltsiz","8":"pa_tur-kitap","9":"pa_yayinevi-epsilon-yayinlari","10":"pa_yazar-imran-tohumcu","12":"first","13":"instock","14":"sale","15":"shipping-taxable","16":"purchasable","17":"product-type-simple"},"_links":{"self":[{"href":"https:\/\/roveyayinevi.com.tr\/index.php\/wp-json\/wp\/v2\/product\/751402","targetHints":{"allow":["GET"]}}],"collection":[{"href":"https:\/\/roveyayinevi.com.tr\/index.php\/wp-json\/wp\/v2\/product"}],"about":[{"href":"https:\/\/roveyayinevi.com.tr\/index.php\/wp-json\/wp\/v2\/types\/product"}],"wp:attachment":[{"href":"https:\/\/roveyayinevi.com.tr\/index.php\/wp-json\/wp\/v2\/media?parent=751402"}],"wp:term":[{"taxonomy":"product_brand","embeddable":true,"href":"https:\/\/roveyayinevi.com.tr\/index.php\/wp-json\/wp\/v2\/product_brand?post=751402"},{"taxonomy":"product_cat","embeddable":true,"href":"https:\/\/roveyayinevi.com.tr\/index.php\/wp-json\/wp\/v2\/product_cat?post=751402"},{"taxonomy":"product_tag","embeddable":true,"href":"https:\/\/roveyayinevi.com.tr\/index.php\/wp-json\/wp\/v2\/product_tag?post=751402"}],"curies":[{"name":"wp","href":"https:\/\/api.w.org\/{rel}","templated":true}]}}