{"id":751401,"date":"2025-08-28T04:48:04","date_gmt":"2025-08-28T01:48:04","guid":{"rendered":"https:\/\/roveyayinevi.com.tr\/index.php\/urun\/bali-kim-sever-sivama-cilt\/"},"modified":"2026-04-16T03:04:45","modified_gmt":"2026-04-16T00:04:45","slug":"bali-kim-sever-sivama-cilt","status":"publish","type":"product","link":"https:\/\/roveyayinevi.com.tr\/index.php\/urun\/bali-kim-sever-sivama-cilt\/","title":{"rendered":"Bal\u0131 Kim Sever? (S\u0131vama Cilt)"},"content":{"rendered":"<p>Okul \u00d6ncesi Miniklere, A\u00e7\u0131lan Pencereli, Hareketli Kal\u0131n, Y\u0131rt\u0131lmaz Sayfal\u0131 Kitap!Tilki ormanda bir k\u00fcp bal buldu. \u00d6nce bal\u0131 yapan ar\u0131lara sordu \u201cBal\u0131 kim Sever?\u201d Yard\u0131mla\u015fma ve nezaketle bal\u0131 seven bulundu. Haydi, sen de kat\u0131l ser\u00fcvene! Birbirinden sevimli birileri var a\u00e7\u0131lan pencerelerde\u2026 Peki sen ne seversin, s\u00f6yle<\/p>\n","protected":false},"excerpt":{"rendered":"<p>Okul \u00d6ncesi Miniklere, A\u00e7\u0131lan Pencereli, Hareketli Kal\u0131n, Y\u0131rt\u0131lmaz Sayfal\u0131 Kitap!Tilki ormanda bir k\u00fcp bal buldu. \u00d6nce bal\u0131 yapan ar\u0131lara sordu \u201cBal\u0131 kim Sever?\u201d Yard\u0131mla\u015fma ve nezaketle<span class=\"excerpt-hellip\"> [\u2026]<\/span><\/p>\n","protected":false},"featured_media":0,"template":"","meta":{"_monsterinsights_skip_tracking":false,"_monsterinsights_sitenote_active":false,"_monsterinsights_sitenote_note":"","_monsterinsights_sitenote_category":0},"product_brand":[],"product_cat":[12274,12518],"product_tag":[],"class_list":{"0":"post-751401","1":"product","2":"type-product","3":"status-publish","5":"product_cat-cocuk-ve-genclik-kitaplari","6":"product_cat-okul-oncesi-kitaplar","7":"pa_cilt-ciltli","8":"pa_tur-kitap","9":"pa_yayinevi-ucan-fil-yayinlari","10":"pa_yazar-hazal-ozkara","12":"first","13":"instock","14":"sale","15":"shipping-taxable","16":"purchasable","17":"product-type-simple"},"_links":{"self":[{"href":"https:\/\/roveyayinevi.com.tr\/index.php\/wp-json\/wp\/v2\/product\/751401","targetHints":{"allow":["GET"]}}],"collection":[{"href":"https:\/\/roveyayinevi.com.tr\/index.php\/wp-json\/wp\/v2\/product"}],"about":[{"href":"https:\/\/roveyayinevi.com.tr\/index.php\/wp-json\/wp\/v2\/types\/product"}],"wp:attachment":[{"href":"https:\/\/roveyayinevi.com.tr\/index.php\/wp-json\/wp\/v2\/media?parent=751401"}],"wp:term":[{"taxonomy":"product_brand","embeddable":true,"href":"https:\/\/roveyayinevi.com.tr\/index.php\/wp-json\/wp\/v2\/product_brand?post=751401"},{"taxonomy":"product_cat","embeddable":true,"href":"https:\/\/roveyayinevi.com.tr\/index.php\/wp-json\/wp\/v2\/product_cat?post=751401"},{"taxonomy":"product_tag","embeddable":true,"href":"https:\/\/roveyayinevi.com.tr\/index.php\/wp-json\/wp\/v2\/product_tag?post=751401"}],"curies":[{"name":"wp","href":"https:\/\/api.w.org\/{rel}","templated":true}]}}