{"id":751396,"date":"2025-08-28T04:47:56","date_gmt":"2025-08-28T01:47:56","guid":{"rendered":"https:\/\/roveyayinevi.com.tr\/index.php\/urun\/erkekler-aglar\/"},"modified":"2026-04-16T03:04:45","modified_gmt":"2026-04-16T00:04:45","slug":"erkekler-aglar","status":"publish","type":"product","link":"https:\/\/roveyayinevi.com.tr\/index.php\/urun\/erkekler-aglar\/","title":{"rendered":"Erkekler A\u011flar"},"content":{"rendered":"<p>Deniz\u2019in kafas\u0131, b\u00fcy\u00fcd\u00fc\u011f\u00fc i\u00e7in biraz kar\u0131\u015f\u0131k. B\u00fcy\u00fcyen o\u011flanlar\u0131n birer erkek olduklar\u0131n\u0131 biliyor fakat bilmedi\u011fi bir \u015fey var: Nas\u0131l erkek olunur? Bunun i\u00e7in ailesindeki, sokaktaki, kitaplarda ve televizyonda g\u00f6rd\u00fc\u011f\u00fc erkekleri inceliyor. Erkek olman\u0131n form\u00fcl\u00fcn\u00fc \u00e7\u00f6zd\u00fc\u011f\u00fcnden emin bir \u015fekilde okulda gitti\u011finde ise i\u015fler pek de bekledi\u011fi gibi gitmiyor. Deniz b\u00fcy\u00fcme ve bir erkek olma s\u00fcrecinden ge\u00e7erken, kendin olman\u0131n ve duygular\u0131n\u0131n \u00f6nemini ke\u015ffediyor.   Erkekler A\u011flar, bir \u00e7ocu\u011fun kal\u0131plar\u0131n d\u0131\u015f\u0131ndaki \u00f6zg\u00fcn karakterini kucaklayan e\u011flenceli bir b\u00fcy\u00fcme hik\u00e2yesi. <\/p>\n","protected":false},"excerpt":{"rendered":"<p>Deniz\u2019in kafas\u0131, b\u00fcy\u00fcd\u00fc\u011f\u00fc i\u00e7in biraz kar\u0131\u015f\u0131k. B\u00fcy\u00fcyen o\u011flanlar\u0131n birer erkek olduklar\u0131n\u0131 biliyor fakat bilmedi\u011fi bir \u015fey var: Nas\u0131l erkek olunur? Bunun i\u00e7in ailesindeki, sokaktaki, kitaplarda ve<span class=\"excerpt-hellip\"> [\u2026]<\/span><\/p>\n","protected":false},"featured_media":0,"template":"","meta":{"_monsterinsights_skip_tracking":false,"_monsterinsights_sitenote_active":false,"_monsterinsights_sitenote_note":"","_monsterinsights_sitenote_category":0},"product_brand":[],"product_cat":[12274,12284],"product_tag":[],"class_list":{"0":"post-751396","1":"product","2":"type-product","3":"status-publish","5":"product_cat-cocuk-ve-genclik-kitaplari","6":"product_cat-hikayeler","7":"pa_cilt-ciltsiz","8":"pa_tur-kitap","9":"pa_yayinevi-dogan-cocuk","10":"pa_yazar-joan-turu","12":"first","13":"instock","14":"sale","15":"shipping-taxable","16":"purchasable","17":"product-type-simple"},"_links":{"self":[{"href":"https:\/\/roveyayinevi.com.tr\/index.php\/wp-json\/wp\/v2\/product\/751396","targetHints":{"allow":["GET"]}}],"collection":[{"href":"https:\/\/roveyayinevi.com.tr\/index.php\/wp-json\/wp\/v2\/product"}],"about":[{"href":"https:\/\/roveyayinevi.com.tr\/index.php\/wp-json\/wp\/v2\/types\/product"}],"wp:attachment":[{"href":"https:\/\/roveyayinevi.com.tr\/index.php\/wp-json\/wp\/v2\/media?parent=751396"}],"wp:term":[{"taxonomy":"product_brand","embeddable":true,"href":"https:\/\/roveyayinevi.com.tr\/index.php\/wp-json\/wp\/v2\/product_brand?post=751396"},{"taxonomy":"product_cat","embeddable":true,"href":"https:\/\/roveyayinevi.com.tr\/index.php\/wp-json\/wp\/v2\/product_cat?post=751396"},{"taxonomy":"product_tag","embeddable":true,"href":"https:\/\/roveyayinevi.com.tr\/index.php\/wp-json\/wp\/v2\/product_tag?post=751396"}],"curies":[{"name":"wp","href":"https:\/\/api.w.org\/{rel}","templated":true}]}}