{"id":751395,"date":"2025-08-28T04:47:54","date_gmt":"2025-08-28T01:47:54","guid":{"rendered":"https:\/\/roveyayinevi.com.tr\/index.php\/urun\/gur-gur-gobekli-kedi\/"},"modified":"2026-04-16T03:04:45","modified_gmt":"2026-04-16T00:04:45","slug":"gur-gur-gobekli-kedi","status":"publish","type":"product","link":"https:\/\/roveyayinevi.com.tr\/index.php\/urun\/gur-gur-gobekli-kedi\/","title":{"rendered":"Gur Gur G\u00f6bekli Kedi"},"content":{"rendered":"<p>Bir zamanlar k\u00fc\u00e7\u00fck bir k\u0131z varm\u0131\u015f. Bir g\u00fcn bu k\u0131z, g\u00f6be\u011fi gur gur eden kocaman bir kediyle kar\u015f\u0131la\u015fm\u0131\u015f. Kedi, insanlar\u0131, ordular\u0131, ormandaki a\u011fa\u00e7lar\u0131, denizdeki bal\u0131klar\u0131, k\u00f6ylerdeki tah\u0131llar\u0131, her \u015feyi midesine indirmi\u015f&#8230; Peki sadece tek bir canl\u0131n\u0131n b\u00fct\u00fcn d\u00fcnyay\u0131 yemesi do\u011fru mu? Gur Gur G\u00f6bekli Kedi, a\u00e7 g\u00f6zl\u00fcl\u00fck y\u00fcz\u00fcnden yok olan d\u00fcnyay\u0131 ve sa\u011fduyunun g\u00fcc\u00fcn\u00fc anlatan etkileyici bir masal. <\/p>\n","protected":false},"excerpt":{"rendered":"<p>Bir zamanlar k\u00fc\u00e7\u00fck bir k\u0131z varm\u0131\u015f. Bir g\u00fcn bu k\u0131z, g\u00f6be\u011fi gur gur eden kocaman bir kediyle kar\u015f\u0131la\u015fm\u0131\u015f. Kedi, insanlar\u0131, ordular\u0131, ormandaki a\u011fa\u00e7lar\u0131, denizdeki bal\u0131klar\u0131, k\u00f6ylerdeki<span class=\"excerpt-hellip\"> [\u2026]<\/span><\/p>\n","protected":false},"featured_media":0,"template":"","meta":{"_monsterinsights_skip_tracking":false,"_monsterinsights_sitenote_active":false,"_monsterinsights_sitenote_note":"","_monsterinsights_sitenote_category":0},"product_brand":[],"product_cat":[12274,12523],"product_tag":[],"class_list":{"0":"post-751395","1":"product","2":"type-product","3":"status-publish","5":"product_cat-cocuk-ve-genclik-kitaplari","6":"product_cat-masallar","7":"pa_cilt-ciltsiz","8":"pa_tur-kitap","9":"pa_yayinevi-dogan-cocuk","10":"pa_yazar-magdalena-hai","12":"first","13":"instock","14":"sale","15":"shipping-taxable","16":"purchasable","17":"product-type-simple"},"_links":{"self":[{"href":"https:\/\/roveyayinevi.com.tr\/index.php\/wp-json\/wp\/v2\/product\/751395","targetHints":{"allow":["GET"]}}],"collection":[{"href":"https:\/\/roveyayinevi.com.tr\/index.php\/wp-json\/wp\/v2\/product"}],"about":[{"href":"https:\/\/roveyayinevi.com.tr\/index.php\/wp-json\/wp\/v2\/types\/product"}],"wp:attachment":[{"href":"https:\/\/roveyayinevi.com.tr\/index.php\/wp-json\/wp\/v2\/media?parent=751395"}],"wp:term":[{"taxonomy":"product_brand","embeddable":true,"href":"https:\/\/roveyayinevi.com.tr\/index.php\/wp-json\/wp\/v2\/product_brand?post=751395"},{"taxonomy":"product_cat","embeddable":true,"href":"https:\/\/roveyayinevi.com.tr\/index.php\/wp-json\/wp\/v2\/product_cat?post=751395"},{"taxonomy":"product_tag","embeddable":true,"href":"https:\/\/roveyayinevi.com.tr\/index.php\/wp-json\/wp\/v2\/product_tag?post=751395"}],"curies":[{"name":"wp","href":"https:\/\/api.w.org\/{rel}","templated":true}]}}