{"id":751393,"date":"2025-08-28T04:47:51","date_gmt":"2025-08-28T01:47:51","guid":{"rendered":"https:\/\/roveyayinevi.com.tr\/index.php\/urun\/papitanin-topu-sivama-cilt\/"},"modified":"2026-04-16T03:04:45","modified_gmt":"2026-04-16T00:04:45","slug":"papitanin-topu-sivama-cilt","status":"publish","type":"product","link":"https:\/\/roveyayinevi.com.tr\/index.php\/urun\/papitanin-topu-sivama-cilt\/","title":{"rendered":"Papita\u2019n\u0131n Topu (S\u0131vama Cilt)"},"content":{"rendered":"<p>Papita y\u00fcr\u00fcrken sallana sallana k\u0131rm\u0131z\u0131 bir top \u00e7\u0131kt\u0131 kar\u015f\u0131s\u0131na. Papita ko\u015ftu, yeti\u015femedi. Tam yakalarken yine kaybetti.  Derken Papita \u00f6yle bir \u015fey \u00f6\u011frendi ki.. Bu hik\u00e2yeyi okuyanlarla payla\u015fmak istedi. Ormandaki bu yakalamacaya sen de kat\u0131lmak ister misin? Aman dikkat, kitab\u0131n sonunda  sihirli bir tarif var! <\/p>\n","protected":false},"excerpt":{"rendered":"<p>Papita y\u00fcr\u00fcrken sallana sallana k\u0131rm\u0131z\u0131 bir top \u00e7\u0131kt\u0131 kar\u015f\u0131s\u0131na. Papita ko\u015ftu, yeti\u015femedi. Tam yakalarken yine kaybetti. Derken Papita \u00f6yle bir \u015fey \u00f6\u011frendi ki.. Bu hik\u00e2yeyi okuyanlarla<span class=\"excerpt-hellip\"> [\u2026]<\/span><\/p>\n","protected":false},"featured_media":0,"template":"","meta":{"_monsterinsights_skip_tracking":false,"_monsterinsights_sitenote_active":false,"_monsterinsights_sitenote_note":"","_monsterinsights_sitenote_category":0},"product_brand":[],"product_cat":[12274,12518],"product_tag":[],"class_list":{"0":"post-751393","1":"product","2":"type-product","3":"status-publish","5":"product_cat-cocuk-ve-genclik-kitaplari","6":"product_cat-okul-oncesi-kitaplar","7":"pa_cilt-ciltli","8":"pa_tur-kitap","9":"pa_yayinevi-ucan-fil-yayinlari","10":"pa_yazar-ozlem-fedai-korcak","12":"first","13":"instock","14":"sale","15":"shipping-taxable","16":"purchasable","17":"product-type-simple"},"_links":{"self":[{"href":"https:\/\/roveyayinevi.com.tr\/index.php\/wp-json\/wp\/v2\/product\/751393","targetHints":{"allow":["GET"]}}],"collection":[{"href":"https:\/\/roveyayinevi.com.tr\/index.php\/wp-json\/wp\/v2\/product"}],"about":[{"href":"https:\/\/roveyayinevi.com.tr\/index.php\/wp-json\/wp\/v2\/types\/product"}],"wp:attachment":[{"href":"https:\/\/roveyayinevi.com.tr\/index.php\/wp-json\/wp\/v2\/media?parent=751393"}],"wp:term":[{"taxonomy":"product_brand","embeddable":true,"href":"https:\/\/roveyayinevi.com.tr\/index.php\/wp-json\/wp\/v2\/product_brand?post=751393"},{"taxonomy":"product_cat","embeddable":true,"href":"https:\/\/roveyayinevi.com.tr\/index.php\/wp-json\/wp\/v2\/product_cat?post=751393"},{"taxonomy":"product_tag","embeddable":true,"href":"https:\/\/roveyayinevi.com.tr\/index.php\/wp-json\/wp\/v2\/product_tag?post=751393"}],"curies":[{"name":"wp","href":"https:\/\/api.w.org\/{rel}","templated":true}]}}