{"id":751390,"date":"2025-08-28T04:47:46","date_gmt":"2025-08-28T01:47:46","guid":{"rendered":"https:\/\/roveyayinevi.com.tr\/index.php\/urun\/arkadasim-ayi\/"},"modified":"2026-04-16T03:04:45","modified_gmt":"2026-04-16T00:04:45","slug":"arkadasim-ayi","status":"publish","type":"product","link":"https:\/\/roveyayinevi.com.tr\/index.php\/urun\/arkadasim-ayi\/","title":{"rendered":"Arkada\u015f\u0131m Ay\u0131"},"content":{"rendered":"<p>Ormanda ya\u015fayan bir ay\u0131 vard\u0131. Ay\u0131lar\u0131n sevdi\u011fi i\u015flerle vakit ge\u00e7irirdi.  Ancak son zamanlarda, ay\u0131 olmak giderek zorla\u015fm\u0131\u015ft\u0131.  A\u011fa\u00e7lar azalm\u0131\u015f, evi ve etraf\u0131ndaki d\u00fcnya de\u011fi\u015fmeye ba\u015flam\u0131\u015ft\u0131. Yap\u0131lacak en ak\u0131ll\u0131ca \u015feyin uyum sa\u011flamak oldu\u011funu d\u00fc\u015f\u00fcnerek insan olmaya karar verdi. Bu konuda ona rehberlik eden \u00f6\u011fretmeni k\u00fc\u00e7\u00fck k\u0131z ile \u00e7al\u0131\u015fmaya ba\u015flad\u0131lar. Acaba bu, ay\u0131n\u0131n kar\u015f\u0131 kar\u015f\u0131ya kald\u0131\u011f\u0131 sorunu \u00e7\u00f6zmek i\u00e7in yeterli olacak m\u0131 ger\u00e7ekten?   Arkada\u015fl\u0131\u011f\u0131n de\u011feri, do\u011faya sayg\u0131l\u0131 ve uyumlu ya\u015faman\u0131n \u00f6nemi \u00fczerine e\u011flenceli ve etkileyici bir \u00f6yk\u00fc. <\/p>\n","protected":false},"excerpt":{"rendered":"<p>Ormanda ya\u015fayan bir ay\u0131 vard\u0131. Ay\u0131lar\u0131n sevdi\u011fi i\u015flerle vakit ge\u00e7irirdi. Ancak son zamanlarda, ay\u0131 olmak giderek zorla\u015fm\u0131\u015ft\u0131. A\u011fa\u00e7lar azalm\u0131\u015f, evi ve etraf\u0131ndaki d\u00fcnya de\u011fi\u015fmeye ba\u015flam\u0131\u015ft\u0131. Yap\u0131lacak<span class=\"excerpt-hellip\"> [\u2026]<\/span><\/p>\n","protected":false},"featured_media":0,"template":"","meta":{"_monsterinsights_skip_tracking":false,"_monsterinsights_sitenote_active":false,"_monsterinsights_sitenote_note":"","_monsterinsights_sitenote_category":0},"product_brand":[],"product_cat":[12274,12284],"product_tag":[],"class_list":{"0":"post-751390","1":"product","2":"type-product","3":"status-publish","5":"product_cat-cocuk-ve-genclik-kitaplari","6":"product_cat-hikayeler","7":"pa_cilt-ciltsiz","8":"pa_tur-kitap","9":"pa_yayinevi-1001-cicek-kitaplar","10":"pa_yazar-sophia-kolinas","12":"first","13":"instock","14":"sale","15":"shipping-taxable","16":"purchasable","17":"product-type-simple"},"_links":{"self":[{"href":"https:\/\/roveyayinevi.com.tr\/index.php\/wp-json\/wp\/v2\/product\/751390","targetHints":{"allow":["GET"]}}],"collection":[{"href":"https:\/\/roveyayinevi.com.tr\/index.php\/wp-json\/wp\/v2\/product"}],"about":[{"href":"https:\/\/roveyayinevi.com.tr\/index.php\/wp-json\/wp\/v2\/types\/product"}],"wp:attachment":[{"href":"https:\/\/roveyayinevi.com.tr\/index.php\/wp-json\/wp\/v2\/media?parent=751390"}],"wp:term":[{"taxonomy":"product_brand","embeddable":true,"href":"https:\/\/roveyayinevi.com.tr\/index.php\/wp-json\/wp\/v2\/product_brand?post=751390"},{"taxonomy":"product_cat","embeddable":true,"href":"https:\/\/roveyayinevi.com.tr\/index.php\/wp-json\/wp\/v2\/product_cat?post=751390"},{"taxonomy":"product_tag","embeddable":true,"href":"https:\/\/roveyayinevi.com.tr\/index.php\/wp-json\/wp\/v2\/product_tag?post=751390"}],"curies":[{"name":"wp","href":"https:\/\/api.w.org\/{rel}","templated":true}]}}