{"id":751389,"date":"2025-08-28T04:47:45","date_gmt":"2025-08-28T01:47:45","guid":{"rendered":"https:\/\/roveyayinevi.com.tr\/index.php\/urun\/olmaz-boyle-sey-ilk-kelimelerim-evim-sivama-cilt\/"},"modified":"2026-04-16T03:04:45","modified_gmt":"2026-04-16T00:04:45","slug":"olmaz-boyle-sey-ilk-kelimelerim-evim-sivama-cilt","status":"publish","type":"product","link":"https:\/\/roveyayinevi.com.tr\/index.php\/urun\/olmaz-boyle-sey-ilk-kelimelerim-evim-sivama-cilt\/","title":{"rendered":"Olmaz B\u00f6yle \u015eey &#8211; \u0130lk Kelimelerim Evim (S\u0131vama Cilt)"},"content":{"rendered":"<p>\u0130nteraktif, bilmeceli, etkinlikli,\u0130\u00e7 i\u00e7e a\u00e7\u0131lan pencereli kitap!    Evdeki e\u015fyalar\u0131n yeri, bizimkinin de kafas\u0131 kar\u0131\u015f\u0131k!\u201cOlmaz B\u00f6yle \u015eey\u201d dedikleri do\u011fru yerlerine g\u00f6t\u00fcrelim mi?Aman dikkat, bu hi\u00e7 kolay de\u011filHer sayfada i\u00e7 i\u00e7e a\u00e7\u0131lan pencereler,sorular, bilmeceler var.Hadi minik dedektifler, i\u015f ba\u015f\u0131na!<\/p>\n","protected":false},"excerpt":{"rendered":"<p>\u0130nteraktif, bilmeceli, etkinlikli,\u0130\u00e7 i\u00e7e a\u00e7\u0131lan pencereli kitap! Evdeki e\u015fyalar\u0131n yeri, bizimkinin de kafas\u0131 kar\u0131\u015f\u0131k!\u201cOlmaz B\u00f6yle \u015eey\u201d dedikleri do\u011fru yerlerine g\u00f6t\u00fcrelim mi?Aman dikkat, bu hi\u00e7 kolay de\u011filHer<span class=\"excerpt-hellip\"> [\u2026]<\/span><\/p>\n","protected":false},"featured_media":0,"template":"","meta":{"_monsterinsights_skip_tracking":false,"_monsterinsights_sitenote_active":false,"_monsterinsights_sitenote_note":"","_monsterinsights_sitenote_category":0},"product_brand":[],"product_cat":[12274,12518],"product_tag":[],"class_list":{"0":"post-751389","1":"product","2":"type-product","3":"status-publish","5":"product_cat-cocuk-ve-genclik-kitaplari","6":"product_cat-okul-oncesi-kitaplar","7":"pa_cilt-ciltli","8":"pa_tur-kitap","9":"pa_yayinevi-ucan-fil-yayinlari","10":"pa_yazar-nimet-kirsan","12":"first","13":"instock","14":"sale","15":"shipping-taxable","16":"purchasable","17":"product-type-simple"},"_links":{"self":[{"href":"https:\/\/roveyayinevi.com.tr\/index.php\/wp-json\/wp\/v2\/product\/751389","targetHints":{"allow":["GET"]}}],"collection":[{"href":"https:\/\/roveyayinevi.com.tr\/index.php\/wp-json\/wp\/v2\/product"}],"about":[{"href":"https:\/\/roveyayinevi.com.tr\/index.php\/wp-json\/wp\/v2\/types\/product"}],"wp:attachment":[{"href":"https:\/\/roveyayinevi.com.tr\/index.php\/wp-json\/wp\/v2\/media?parent=751389"}],"wp:term":[{"taxonomy":"product_brand","embeddable":true,"href":"https:\/\/roveyayinevi.com.tr\/index.php\/wp-json\/wp\/v2\/product_brand?post=751389"},{"taxonomy":"product_cat","embeddable":true,"href":"https:\/\/roveyayinevi.com.tr\/index.php\/wp-json\/wp\/v2\/product_cat?post=751389"},{"taxonomy":"product_tag","embeddable":true,"href":"https:\/\/roveyayinevi.com.tr\/index.php\/wp-json\/wp\/v2\/product_tag?post=751389"}],"curies":[{"name":"wp","href":"https:\/\/api.w.org\/{rel}","templated":true}]}}